{"id":1838,"date":"2024-10-24T04:36:28","date_gmt":"2024-10-24T04:36:28","guid":{"rendered":"https:\/\/azure-caterpillar-897541.hostingersite.com\/servicios\/"},"modified":"2024-11-13T19:45:28","modified_gmt":"2024-11-13T19:45:28","slug":"servicios","status":"publish","type":"page","link":"https:\/\/universalgrowing.com\/en\/servicios\/","title":{"rendered":"Services"},"content":{"rendered":"<div data-elementor-type=\"wp-page\" data-elementor-id=\"1838\" class=\"elementor elementor-1838\" data-elementor-post-type=\"page\">\n\t\t\t\t<div class=\"elementor-element elementor-element-5499e5b1 e-flex e-con-boxed e-con e-parent\" data-id=\"5499e5b1\" data-element_type=\"container\" data-e-type=\"container\" data-settings=\"{&quot;background_background&quot;:&quot;classic&quot;}\">\n\t\t\t\t\t<div class=\"e-con-inner\">\n\t\t\t\t<div class=\"elementor-element elementor-element-55d6a664 elementor-invisible elementor-widget elementor-widget-heading\" data-id=\"55d6a664\" data-element_type=\"widget\" data-e-type=\"widget\" data-settings=\"{&quot;_animation&quot;:&quot;fadeIn&quot;,&quot;ekit_we_effect_on&quot;:&quot;none&quot;}\" data-widget_type=\"heading.default\">\n\t\t\t\t<div class=\"elementor-widget-container\">\n\t\t\t\t\t<h2 class=\"elementor-heading-title elementor-size-default\">Services<\/h2>\t\t\t\t<\/div>\n\t\t\t\t<\/div>\n\t\t\t\t\t<\/div>\n\t\t\t\t<\/div>\n\t\t<div class=\"elementor-element elementor-element-4ebb51f9 e-flex e-con-boxed e-con e-parent\" data-id=\"4ebb51f9\" data-element_type=\"container\" data-e-type=\"container\">\n\t\t\t\t\t<div class=\"e-con-inner\">\n\t\t<div class=\"elementor-element elementor-element-39ef35c9 e-con-full e-flex elementor-invisible e-con e-child\" data-id=\"39ef35c9\" data-element_type=\"container\" data-e-type=\"container\" data-settings=\"{&quot;animation&quot;:&quot;fadeInUp&quot;}\">\n\t\t\t\t<div class=\"elementor-element elementor-element-2fbfa5d3 elementor-widget elementor-widget-heading\" data-id=\"2fbfa5d3\" data-element_type=\"widget\" data-e-type=\"widget\" data-settings=\"{&quot;ekit_we_effect_on&quot;:&quot;none&quot;}\" data-widget_type=\"heading.default\">\n\t\t\t\t<div class=\"elementor-widget-container\">\n\t\t\t\t\t<h2 class=\"elementor-heading-title elementor-size-default translation-block\">Let\u2019s Talk, <br>We\u2019re here to assist you!<\/h2>\t\t\t\t<\/div>\n\t\t\t\t<\/div>\n\t\t\t\t<div class=\"elementor-element elementor-element-74ca3898 elementor-widget elementor-widget-text-editor\" data-id=\"74ca3898\" data-element_type=\"widget\" data-e-type=\"widget\" data-settings=\"{&quot;ekit_we_effect_on&quot;:&quot;none&quot;}\" data-widget_type=\"text-editor.default\">\n\t\t\t\t<div class=\"elementor-widget-container\">\n\t\t\t\t\t\t\t\t\t<p>We have a team of specialists ready to provide you with guidance and tools to help you elevate the standard of your crops or work processes.\nWe offer a portfolio of unique brands, top-tier manuals, and premium resources. <br \/>We know your next level.<\/p>\t\t\t\t\t\t\t\t<\/div>\n\t\t\t\t<\/div>\n\t\t\t\t<div class=\"elementor-element elementor-element-743fcaee elementor-align-left elementor-widget elementor-widget-button\" data-id=\"743fcaee\" data-element_type=\"widget\" data-e-type=\"widget\" data-settings=\"{&quot;ekit_we_effect_on&quot;:&quot;none&quot;}\" data-widget_type=\"button.default\">\n\t\t\t\t<div class=\"elementor-widget-container\">\n\t\t\t\t\t\t\t\t\t<div class=\"elementor-button-wrapper\">\n\t\t\t\t\t<a class=\"elementor-button elementor-button-link elementor-size-sm\" href=\"https:\/\/wa.me\/+5491178740420\">\n\t\t\t\t\t\t<span class=\"elementor-button-content-wrapper\">\n\t\t\t\t\t\t\t\t\t<span class=\"elementor-button-text\">Speak with an Advisor<\/span>\n\t\t\t\t\t<\/span>\n\t\t\t\t\t<\/a>\n\t\t\t\t<\/div>\n\t\t\t\t\t\t\t\t<\/div>\n\t\t\t\t<\/div>\n\t\t\t\t<\/div>\n\t\t<div class=\"elementor-element elementor-element-69e141d7 e-con-full e-flex e-con e-child\" data-id=\"69e141d7\" data-element_type=\"container\" data-e-type=\"container\">\n\t\t\t\t<div class=\"elementor-element elementor-element-49892652 elementor-widget elementor-widget-image\" data-id=\"49892652\" data-element_type=\"widget\" data-e-type=\"widget\" data-settings=\"{&quot;motion_fx_motion_fx_scrolling&quot;:&quot;yes&quot;,&quot;motion_fx_translateY_effect&quot;:&quot;yes&quot;,&quot;motion_fx_translateY_speed&quot;:{&quot;unit&quot;:&quot;px&quot;,&quot;size&quot;:&quot;1.3&quot;,&quot;sizes&quot;:[]},&quot;ekit_we_effect_on&quot;:&quot;none&quot;,&quot;motion_fx_translateY_affectedRange&quot;:{&quot;unit&quot;:&quot;%&quot;,&quot;size&quot;:&quot;&quot;,&quot;sizes&quot;:{&quot;start&quot;:0,&quot;end&quot;:100}},&quot;motion_fx_devices&quot;:[&quot;desktop&quot;,&quot;tablet&quot;,&quot;mobile&quot;]}\" data-widget_type=\"image.default\">\n\t\t\t\t<div class=\"elementor-widget-container\">\n\t\t\t\t\t\t\t\t\t\t\t\t\t\t\t<img fetchpriority=\"high\" decoding=\"async\" width=\"800\" height=\"534\" src=\"https:\/\/universalgrowing.com\/wp-content\/uploads\/2024\/11\/Hablemos3-1024x683.png\" class=\"attachment-large size-large wp-image-2333\" alt=\"\" srcset=\"https:\/\/universalgrowing.com\/wp-content\/uploads\/2024\/11\/Hablemos3-1024x683.png 1024w, https:\/\/universalgrowing.com\/wp-content\/uploads\/2024\/11\/Hablemos3-300x200.png 300w, https:\/\/universalgrowing.com\/wp-content\/uploads\/2024\/11\/Hablemos3-768x512.png 768w, https:\/\/universalgrowing.com\/wp-content\/uploads\/2024\/11\/Hablemos3-18x12.png 18w, https:\/\/universalgrowing.com\/wp-content\/uploads\/2024\/11\/Hablemos3-600x400.png 600w, https:\/\/universalgrowing.com\/wp-content\/uploads\/2024\/11\/Hablemos3.png 1536w\" sizes=\"(max-width: 800px) 100vw, 800px\" \/>\t\t\t\t\t\t\t\t\t\t\t\t\t\t\t<\/div>\n\t\t\t\t<\/div>\n\t\t\t\t<\/div>\n\t\t\t\t\t<\/div>\n\t\t\t\t<\/div>\n\t\t<div class=\"elementor-element elementor-element-477fdffb e-flex e-con-boxed e-con e-parent\" data-id=\"477fdffb\" data-element_type=\"container\" data-e-type=\"container\">\n\t\t\t\t\t<div class=\"e-con-inner\">\n\t\t\t\t<div class=\"elementor-element elementor-element-62594e73 elementor-invisible elementor-widget elementor-widget-heading\" data-id=\"62594e73\" data-element_type=\"widget\" data-e-type=\"widget\" data-settings=\"{&quot;_animation&quot;:&quot;fadeInUp&quot;,&quot;ekit_we_effect_on&quot;:&quot;none&quot;}\" data-widget_type=\"heading.default\">\n\t\t\t\t<div class=\"elementor-widget-container\">\n\t\t\t\t\t<h2 class=\"elementor-heading-title elementor-size-default\">Services<\/h2>\t\t\t\t<\/div>\n\t\t\t\t<\/div>\n\t\t\t\t<div class=\"elementor-element elementor-element-52eca729 elementor-invisible elementor-widget elementor-widget-heading\" data-id=\"52eca729\" data-element_type=\"widget\" data-e-type=\"widget\" data-settings=\"{&quot;_animation&quot;:&quot;fadeInUp&quot;,&quot;ekit_we_effect_on&quot;:&quot;none&quot;}\" data-widget_type=\"heading.default\">\n\t\t\t\t<div class=\"elementor-widget-container\">\n\t\t\t\t\t<h6 class=\"elementor-heading-title elementor-size-default\">We elevate your cannabis cultivation experience and take it to the next level<\/h6>\t\t\t\t<\/div>\n\t\t\t\t<\/div>\n\t\t<div class=\"elementor-element elementor-element-57ccef64 e-con-full e-flex e-con e-child\" data-id=\"57ccef64\" data-element_type=\"container\" data-e-type=\"container\">\n\t\t<div class=\"elementor-element elementor-element-40c84c6f e-con-full e-flex e-con e-child\" data-id=\"40c84c6f\" data-element_type=\"container\" data-e-type=\"container\">\n\t\t<div class=\"elementor-element elementor-element-6f26ed51 e-con-full e-flex e-con e-child\" data-id=\"6f26ed51\" data-element_type=\"container\" data-e-type=\"container\" data-settings=\"{&quot;background_background&quot;:&quot;classic&quot;}\">\n\t\t\t\t<div class=\"elementor-element elementor-element-4bdc7680 elementor-widget elementor-widget-heading\" data-id=\"4bdc7680\" data-element_type=\"widget\" data-e-type=\"widget\" data-settings=\"{&quot;ekit_we_effect_on&quot;:&quot;none&quot;}\" data-widget_type=\"heading.default\">\n\t\t\t\t<div class=\"elementor-widget-container\">\n\t\t\t\t\t<h3 class=\"elementor-heading-title elementor-size-default\">Comprehensive Solutions<\/h3>\t\t\t\t<\/div>\n\t\t\t\t<\/div>\n\t\t\t\t<div class=\"elementor-element elementor-element-3b3757d8 elementor-widget elementor-widget-text-editor\" data-id=\"3b3757d8\" data-element_type=\"widget\" data-e-type=\"widget\" data-settings=\"{&quot;ekit_we_effect_on&quot;:&quot;none&quot;}\" data-widget_type=\"text-editor.default\">\n\t\t\t\t<div class=\"elementor-widget-container\">\n\t\t\t\t\t\t\t\t\t<p class=\"translation-block\">At Universal Growing, we offer comprehensive solutions designed to drive success in medical cannabis cultivation. With over two decades of experience, we bring a full-spectrum approach that spans from strategic planning to effective implementation. As pioneers in the industry, we provide a range of services and tools that go beyond the conventional, ensuring that each client receives a tailored solution to optimize and streamline their production processes.<\/p>\t\t\t\t\t\t\t\t<\/div>\n\t\t\t\t<\/div>\n\t\t\t\t<\/div>\n\t\t<div class=\"elementor-element elementor-element-29cd9a7f e-con-full e-flex e-con e-child\" data-id=\"29cd9a7f\" data-element_type=\"container\" data-e-type=\"container\" data-settings=\"{&quot;background_background&quot;:&quot;classic&quot;}\">\n\t\t\t\t<div class=\"elementor-element elementor-element-71c9d794 elementor-widget elementor-widget-heading\" data-id=\"71c9d794\" data-element_type=\"widget\" data-e-type=\"widget\" data-settings=\"{&quot;ekit_we_effect_on&quot;:&quot;none&quot;}\" data-widget_type=\"heading.default\">\n\t\t\t\t<div class=\"elementor-widget-container\">\n\t\t\t\t\t<h3 class=\"elementor-heading-title elementor-size-default\">Technical, Legal, and Scientific Advisory<\/h3>\t\t\t\t<\/div>\n\t\t\t\t<\/div>\n\t\t\t\t<div class=\"elementor-element elementor-element-5dc1820c elementor-widget elementor-widget-text-editor\" data-id=\"5dc1820c\" data-element_type=\"widget\" data-e-type=\"widget\" data-settings=\"{&quot;ekit_we_effect_on&quot;:&quot;none&quot;}\" data-widget_type=\"text-editor.default\">\n\t\t\t\t<div class=\"elementor-widget-container\">\n\t\t\t\t\t\t\t\t\t<p>Our mission is clear: to raise the standard of cultivation in Latin America.\nWe envision a future where the cannabis industry becomes a solution to many of today\u2019s global challenges.\nThat\u2019s why we work as a team \u2014 surrounded by cutting-edge technology and exceptional professionals \u2014 capable of assisting and guiding our clients in a legal and scientific way throughout their projects. <!-- notionvc: b7add1fa-52a3-4a5a-8934-4beaa06e9af6 --><br \/><!-- notionvc: 50a63bdb-0ab7-4f13-967a-16e317409b41 --><\/p>\t\t\t\t\t\t\t\t<\/div>\n\t\t\t\t<\/div>\n\t\t\t\t<\/div>\n\t\t<div class=\"elementor-element elementor-element-46e070b8 e-con-full e-flex e-con e-child\" data-id=\"46e070b8\" data-element_type=\"container\" data-e-type=\"container\" data-settings=\"{&quot;background_background&quot;:&quot;classic&quot;}\">\n\t\t\t\t<div class=\"elementor-element elementor-element-49c43d1 elementor-widget elementor-widget-heading\" data-id=\"49c43d1\" data-element_type=\"widget\" data-e-type=\"widget\" data-settings=\"{&quot;ekit_we_effect_on&quot;:&quot;none&quot;}\" data-widget_type=\"heading.default\">\n\t\t\t\t<div class=\"elementor-widget-container\">\n\t\t\t\t\t<h3 class=\"elementor-heading-title elementor-size-default\">Advanced Technologies<\/h3>\t\t\t\t<\/div>\n\t\t\t\t<\/div>\n\t\t\t\t<div class=\"elementor-element elementor-element-150586e8 elementor-widget elementor-widget-text-editor\" data-id=\"150586e8\" data-element_type=\"widget\" data-e-type=\"widget\" data-settings=\"{&quot;ekit_we_effect_on&quot;:&quot;none&quot;}\" data-widget_type=\"text-editor.default\">\n\t\t\t\t<div class=\"elementor-widget-container\">\n\t\t\t\t\t\t\t\t\t<p>At\u00a0<span class=\"notion-enable-hover\" data-token-index=\"1\">Universal Growing<\/span>, we stand out by embracing cutting-edge technology in the cultivation of medical cannabis.\nSurrounded by leading brands, engineers, and creative minds, we focus our efforts on developing new options and combinations that help us grow as cultivators.\nThis is our way of honoring the culture and advancing the industry.<!-- notionvc: aad16ae0-2e5d-4f48-8ffd-c90cfc24ed63 --><br \/><!-- notionvc: d56d51ec-8250-4191-9966-634585d617cc --><\/p>\t\t\t\t\t\t\t\t<\/div>\n\t\t\t\t<\/div>\n\t\t\t\t<\/div>\n\t\t\t\t<\/div>\n\t\t\t\t<\/div>\n\t\t\t\t<div class=\"elementor-element elementor-element-b71e4e8 elementor-align-center elementor-widget elementor-widget-elementskit-button\" data-id=\"b71e4e8\" data-element_type=\"widget\" data-e-type=\"widget\" data-settings=\"{&quot;ekit_we_effect_on&quot;:&quot;none&quot;}\" data-widget_type=\"elementskit-button.default\">\n\t\t\t\t<div class=\"elementor-widget-container\">\n\t\t\t\t\t<div class=\"ekit-wid-con\" >\t\t<div class=\"ekit-btn-wraper\">\n\t\t\t\t\t\t\t<a href=\"https:\/\/api.whatsapp.com\/send\/?phone=%2B5491178740420&#038;text&#038;type=phone_number&#038;app_absent=0\" class=\"elementskit-btn  whitespace--normal\" id=\"\">\n\t\t\t\t\tHABLA CON UN ASESOR\t\t\t\t<\/a>\n\t\t\t\t\t<\/div>\n        <\/div>\t\t\t\t<\/div>\n\t\t\t\t<\/div>\n\t\t\t\t\t<\/div>\n\t\t\t\t<\/div>\n\t\t<div class=\"elementor-element elementor-element-349d479d e-con-full e-transform e-flex e-con e-parent\" data-id=\"349d479d\" data-element_type=\"container\" data-e-type=\"container\" data-settings=\"{&quot;_transform_rotateZ_effect&quot;:{&quot;unit&quot;:&quot;px&quot;,&quot;size&quot;:&quot;-1&quot;,&quot;sizes&quot;:[]},&quot;_transform_rotateZ_effect_tablet&quot;:{&quot;unit&quot;:&quot;deg&quot;,&quot;size&quot;:&quot;&quot;,&quot;sizes&quot;:[]},&quot;_transform_rotateZ_effect_mobile&quot;:{&quot;unit&quot;:&quot;deg&quot;,&quot;size&quot;:&quot;&quot;,&quot;sizes&quot;:[]}}\">\n\t\t\t\t<div class=\"elementor-element elementor-element-748008d0 marquee elementor-widget elementor-widget-text-editor\" data-id=\"748008d0\" data-element_type=\"widget\" data-e-type=\"widget\" data-settings=\"{&quot;ekit_we_effect_on&quot;:&quot;none&quot;}\" data-widget_type=\"text-editor.default\">\n\t\t\t\t<div class=\"elementor-widget-container\">\n\t\t\t\t\t\t\t\t\t<p>Universal Growing Universal Growing Universal Growing Universal Growing<\/p>\t\t\t\t\t\t\t\t<\/div>\n\t\t\t\t<\/div>\n\t\t\t\t<\/div>\n\t\t\t\t<\/div>","protected":false},"excerpt":{"rendered":"<p>Servicios Hablemos, podemos asistirte Disponemos de distintos t\u00e9cnicos listos para brindarte consejo y herramientas para que puedas elevar el est\u00e1ndar de tus cultivos o procedimientos de trabajo. Disponemos una cartera de marcas \u00fanicas, manuales y v\u00ednculos de primera l\u00ednea. Conocemos tu siguiente nivel. hablar con un asesor Servicios Transformamos tu experiencia con el cultivo de [&hellip;]<\/p>","protected":false},"author":1,"featured_media":0,"parent":0,"menu_order":0,"comment_status":"closed","ping_status":"closed","template":"","meta":{"_acf_changed":false,"content-type":"","_joinchat":[],"footnotes":""},"class_list":["post-1838","page","type-page","status-publish","hentry"],"yoast_head":"<!-- This site is optimized with the Yoast SEO Premium plugin v26.5 (Yoast SEO v27.4) - https:\/\/yoast.com\/product\/yoast-seo-premium-wordpress\/ -->\n<title>Servicios - Universal Growing<\/title>\n<meta name=\"robots\" content=\"index, follow, max-snippet:-1, max-image-preview:large, max-video-preview:-1\" \/>\n<link rel=\"canonical\" href=\"https:\/\/universalgrowing.com\/en\/servicios\/\" \/>\n<meta property=\"og:locale\" content=\"en_US\" \/>\n<meta property=\"og:type\" content=\"article\" \/>\n<meta property=\"og:title\" content=\"Servicios\" \/>\n<meta property=\"og:description\" content=\"Servicios Hablemos, podemos asistirte Disponemos de distintos t\u00e9cnicos listos para brindarte consejo y herramientas para que puedas elevar el est\u00e1ndar de tus cultivos o procedimientos de trabajo. Disponemos una cartera de marcas \u00fanicas, manuales y v\u00ednculos de primera l\u00ednea. Conocemos tu siguiente nivel. hablar con un asesor Servicios Transformamos tu experiencia con el cultivo de [&hellip;]\" \/>\n<meta property=\"og:url\" content=\"https:\/\/universalgrowing.com\/en\/servicios\/\" \/>\n<meta property=\"og:site_name\" content=\"Universal Growing\" \/>\n<meta property=\"article:modified_time\" content=\"2024-11-13T19:45:28+00:00\" \/>\n<meta property=\"og:image\" content=\"https:\/\/azure-caterpillar-897541.hostingersite.com\/wp-content\/uploads\/2024\/11\/Hablemos3-1024x683.png\" \/>\n<meta name=\"twitter:card\" content=\"summary_large_image\" \/>\n<meta name=\"twitter:label1\" content=\"Est. reading time\" \/>\n\t<meta name=\"twitter:data1\" content=\"2 minutes\" \/>\n<script type=\"application\/ld+json\" class=\"yoast-schema-graph\">{\"@context\":\"https:\\\/\\\/schema.org\",\"@graph\":[{\"@type\":\"WebPage\",\"@id\":\"https:\\\/\\\/universalgrowing.com\\\/servicios\\\/\",\"url\":\"https:\\\/\\\/universalgrowing.com\\\/servicios\\\/\",\"name\":\"Servicios - Universal Growing\",\"isPartOf\":{\"@id\":\"https:\\\/\\\/universalgrowing.com\\\/#website\"},\"primaryImageOfPage\":{\"@id\":\"https:\\\/\\\/universalgrowing.com\\\/servicios\\\/#primaryimage\"},\"image\":{\"@id\":\"https:\\\/\\\/universalgrowing.com\\\/servicios\\\/#primaryimage\"},\"thumbnailUrl\":\"https:\\\/\\\/azure-caterpillar-897541.hostingersite.com\\\/wp-content\\\/uploads\\\/2024\\\/11\\\/Hablemos3-1024x683.png\",\"datePublished\":\"2024-10-24T04:36:28+00:00\",\"dateModified\":\"2024-11-13T19:45:28+00:00\",\"breadcrumb\":{\"@id\":\"https:\\\/\\\/universalgrowing.com\\\/servicios\\\/#breadcrumb\"},\"inLanguage\":\"en-US\",\"potentialAction\":[{\"@type\":\"ReadAction\",\"target\":[\"https:\\\/\\\/universalgrowing.com\\\/servicios\\\/\"]}]},{\"@type\":\"ImageObject\",\"inLanguage\":\"en-US\",\"@id\":\"https:\\\/\\\/universalgrowing.com\\\/servicios\\\/#primaryimage\",\"url\":\"https:\\\/\\\/azure-caterpillar-897541.hostingersite.com\\\/wp-content\\\/uploads\\\/2024\\\/11\\\/Hablemos3-1024x683.png\",\"contentUrl\":\"https:\\\/\\\/azure-caterpillar-897541.hostingersite.com\\\/wp-content\\\/uploads\\\/2024\\\/11\\\/Hablemos3-1024x683.png\"},{\"@type\":\"BreadcrumbList\",\"@id\":\"https:\\\/\\\/universalgrowing.com\\\/servicios\\\/#breadcrumb\",\"itemListElement\":[{\"@type\":\"ListItem\",\"position\":1,\"name\":\"Portada\",\"item\":\"https:\\\/\\\/universalgrowing.com\\\/\"},{\"@type\":\"ListItem\",\"position\":2,\"name\":\"Servicios\"}]},{\"@type\":\"WebSite\",\"@id\":\"https:\\\/\\\/universalgrowing.com\\\/#website\",\"url\":\"https:\\\/\\\/universalgrowing.com\\\/\",\"name\":\"Universal Growing\",\"description\":\"\",\"publisher\":{\"@id\":\"https:\\\/\\\/universalgrowing.com\\\/#organization\"},\"potentialAction\":[{\"@type\":\"SearchAction\",\"target\":{\"@type\":\"EntryPoint\",\"urlTemplate\":\"https:\\\/\\\/universalgrowing.com\\\/?s={search_term_string}\"},\"query-input\":{\"@type\":\"PropertyValueSpecification\",\"valueRequired\":true,\"valueName\":\"search_term_string\"}}],\"inLanguage\":\"en-US\"},{\"@type\":\"Organization\",\"@id\":\"https:\\\/\\\/universalgrowing.com\\\/#organization\",\"name\":\"Universal Growing\",\"url\":\"https:\\\/\\\/universalgrowing.com\\\/\",\"logo\":{\"@type\":\"ImageObject\",\"inLanguage\":\"en-US\",\"@id\":\"https:\\\/\\\/universalgrowing.com\\\/#\\\/schema\\\/logo\\\/image\\\/\",\"url\":\"https:\\\/\\\/universalgrowing.com\\\/wp-content\\\/uploads\\\/2024\\\/10\\\/UG_3.png\",\"contentUrl\":\"https:\\\/\\\/universalgrowing.com\\\/wp-content\\\/uploads\\\/2024\\\/10\\\/UG_3.png\",\"width\":1837,\"height\":535,\"caption\":\"Universal Growing\"},\"image\":{\"@id\":\"https:\\\/\\\/universalgrowing.com\\\/#\\\/schema\\\/logo\\\/image\\\/\"}}]}<\/script>\n<!-- \/ Yoast SEO Premium plugin. -->","yoast_head_json":{"title":"Servicios - Universal Growing","robots":{"index":"index","follow":"follow","max-snippet":"max-snippet:-1","max-image-preview":"max-image-preview:large","max-video-preview":"max-video-preview:-1"},"canonical":"https:\/\/universalgrowing.com\/en\/servicios\/","og_locale":"en_US","og_type":"article","og_title":"Servicios","og_description":"Servicios Hablemos, podemos asistirte Disponemos de distintos t\u00e9cnicos listos para brindarte consejo y herramientas para que puedas elevar el est\u00e1ndar de tus cultivos o procedimientos de trabajo. Disponemos una cartera de marcas \u00fanicas, manuales y v\u00ednculos de primera l\u00ednea. Conocemos tu siguiente nivel. hablar con un asesor Servicios Transformamos tu experiencia con el cultivo de [&hellip;]","og_url":"https:\/\/universalgrowing.com\/en\/servicios\/","og_site_name":"Universal Growing","article_modified_time":"2024-11-13T19:45:28+00:00","og_image":[{"url":"https:\/\/azure-caterpillar-897541.hostingersite.com\/wp-content\/uploads\/2024\/11\/Hablemos3-1024x683.png","type":"","width":"","height":""}],"twitter_card":"summary_large_image","twitter_misc":{"Est. reading time":"2 minutes"},"schema":{"@context":"https:\/\/schema.org","@graph":[{"@type":"WebPage","@id":"https:\/\/universalgrowing.com\/servicios\/","url":"https:\/\/universalgrowing.com\/servicios\/","name":"Servicios - Universal Growing","isPartOf":{"@id":"https:\/\/universalgrowing.com\/#website"},"primaryImageOfPage":{"@id":"https:\/\/universalgrowing.com\/servicios\/#primaryimage"},"image":{"@id":"https:\/\/universalgrowing.com\/servicios\/#primaryimage"},"thumbnailUrl":"https:\/\/azure-caterpillar-897541.hostingersite.com\/wp-content\/uploads\/2024\/11\/Hablemos3-1024x683.png","datePublished":"2024-10-24T04:36:28+00:00","dateModified":"2024-11-13T19:45:28+00:00","breadcrumb":{"@id":"https:\/\/universalgrowing.com\/servicios\/#breadcrumb"},"inLanguage":"en-US","potentialAction":[{"@type":"ReadAction","target":["https:\/\/universalgrowing.com\/servicios\/"]}]},{"@type":"ImageObject","inLanguage":"en-US","@id":"https:\/\/universalgrowing.com\/servicios\/#primaryimage","url":"https:\/\/azure-caterpillar-897541.hostingersite.com\/wp-content\/uploads\/2024\/11\/Hablemos3-1024x683.png","contentUrl":"https:\/\/azure-caterpillar-897541.hostingersite.com\/wp-content\/uploads\/2024\/11\/Hablemos3-1024x683.png"},{"@type":"BreadcrumbList","@id":"https:\/\/universalgrowing.com\/servicios\/#breadcrumb","itemListElement":[{"@type":"ListItem","position":1,"name":"Portada","item":"https:\/\/universalgrowing.com\/"},{"@type":"ListItem","position":2,"name":"Servicios"}]},{"@type":"WebSite","@id":"https:\/\/universalgrowing.com\/#website","url":"https:\/\/universalgrowing.com\/","name":"Universal Growing","description":"","publisher":{"@id":"https:\/\/universalgrowing.com\/#organization"},"potentialAction":[{"@type":"SearchAction","target":{"@type":"EntryPoint","urlTemplate":"https:\/\/universalgrowing.com\/?s={search_term_string}"},"query-input":{"@type":"PropertyValueSpecification","valueRequired":true,"valueName":"search_term_string"}}],"inLanguage":"en-US"},{"@type":"Organization","@id":"https:\/\/universalgrowing.com\/#organization","name":"Universal Growing","url":"https:\/\/universalgrowing.com\/","logo":{"@type":"ImageObject","inLanguage":"en-US","@id":"https:\/\/universalgrowing.com\/#\/schema\/logo\/image\/","url":"https:\/\/universalgrowing.com\/wp-content\/uploads\/2024\/10\/UG_3.png","contentUrl":"https:\/\/universalgrowing.com\/wp-content\/uploads\/2024\/10\/UG_3.png","width":1837,"height":535,"caption":"Universal Growing"},"image":{"@id":"https:\/\/universalgrowing.com\/#\/schema\/logo\/image\/"}}]}},"acf":[],"_links":{"self":[{"href":"https:\/\/universalgrowing.com\/en\/wp-json\/wp\/v2\/pages\/1838","targetHints":{"allow":["GET"]}}],"collection":[{"href":"https:\/\/universalgrowing.com\/en\/wp-json\/wp\/v2\/pages"}],"about":[{"href":"https:\/\/universalgrowing.com\/en\/wp-json\/wp\/v2\/types\/page"}],"author":[{"embeddable":true,"href":"https:\/\/universalgrowing.com\/en\/wp-json\/wp\/v2\/users\/1"}],"replies":[{"embeddable":true,"href":"https:\/\/universalgrowing.com\/en\/wp-json\/wp\/v2\/comments?post=1838"}],"version-history":[{"count":79,"href":"https:\/\/universalgrowing.com\/en\/wp-json\/wp\/v2\/pages\/1838\/revisions"}],"predecessor-version":[{"id":2571,"href":"https:\/\/universalgrowing.com\/en\/wp-json\/wp\/v2\/pages\/1838\/revisions\/2571"}],"wp:attachment":[{"href":"https:\/\/universalgrowing.com\/en\/wp-json\/wp\/v2\/media?parent=1838"}],"curies":[{"name":"wp","href":"https:\/\/api.w.org\/{rel}","templated":true}]}}