{"id":1397,"date":"2024-10-24T03:48:37","date_gmt":"2024-10-24T03:48:37","guid":{"rendered":"https:\/\/azure-caterpillar-897541.hostingersite.com\/?post_type=product&#038;p=1397"},"modified":"2025-06-02T19:17:53","modified_gmt":"2025-06-02T19:17:53","slug":"kit-lo-flo","status":"publish","type":"product","link":"https:\/\/universalgrowing.com\/en\/shop\/fertirrigacion\/kit-lo-flo\/","title":{"rendered":"Dosatron Kit Lo-Flo"},"content":{"rendered":"<p><strong><span class=\"notion-enable-hover\" data-token-index=\"0\">El Kit Lo-Flo incluye:<\/span><\/strong><\/p>\n<p><strong><span class=\"notion-enable-hover\" data-token-index=\"0\">&#8211; Standard Starter Kit<\/span><\/strong><!-- notionvc: 6b208946-3c9a-491d-b462-6e80812c8c60 --><\/p>\n<p><span class=\"notion-enable-hover\" data-token-index=\"0\">El Kit de Inicio Est\u00e1ndar Lo-Flo incluye todas las partes que necesitas para la entrada de tu Sistema de Distribuci\u00f3n de Nutrientes.<\/span><\/p>\n<p><strong><span class=\"notion-enable-hover\" data-token-index=\"0\">&#8211; Dosatron Injectors (5 unidades)<\/span><\/strong><\/p>\n<p><!-- notionvc: a73d4b9a-efc6-4cd2-a98f-7081c4442fe8 -->\u00a0 <strong>(x2) &#8211; D14MZ2VFBPHY<\/strong><\/p>\n<p>El Dosatron <strong>D14MZ2<\/strong>, accionado por agua, se utiliza para 2 Aditivos: Balance y Cleanse.<\/p>\n<p>Tiene un rango de flujo de 0.05 a 14 GPM y un rango de diluci\u00f3n de 1:500 a 1:50 (0.2% a 2%).<\/p>\n<p><strong>(x3) &#8211; D14MZ3000VFBPHY<\/strong><\/p>\n<p>El Dosatron <strong>D14MZ3000<\/strong>, accionado por agua, se utiliza para 3 Bases: Grow, Core y Bloom.<\/p>\n<p>Tiene un rango de flujo de 0.05 a 14 GPM y un rango de diluci\u00f3n de 1:3000 a 1:333 (0.03% a 0.3%).<\/p>\n<p><!-- notionvc: d2af0179-0d50-4b66-8a2c-c9bc4cafa313 --><\/p>\n<p><strong><span class=\"notion-enable-hover\" data-token-index=\"0\">&#8211; Mixing Chamber Kits<\/span><\/strong><!-- notionvc: b582918a-4113-4336-9a92-34f3260c37a2 --><\/p>\n<p><span class=\"notion-enable-hover\" data-token-index=\"0\">El Kit de C\u00e1mara de Mezcla del Sistema de Distribuci\u00f3n de Nutrientes Accionado por Agua mejora la mezcla a medida que la soluci\u00f3n pasa a trav\u00e9s de \u00e9l.<\/span><\/p>\n<p><strong><span class=\"notion-enable-hover\" data-token-index=\"0\">&#8211; Monitor Kit<\/span><\/strong><!-- notionvc: f6c91d8c-5c26-4373-ba40-ccea3bdd6283 --><\/p>\n<p><span class=\"notion-enable-hover\" data-token-index=\"0\">El Kit de Monitorizaci\u00f3n del Sistema de Distribuci\u00f3n de Nutrientes mide y muestra el nivel de pH, conductividad y temperatura del agua.<\/span><\/p>\n<p><strong><span class=\"notion-enable-hover\" data-token-index=\"0\">&#8211; Water Hammer Arrestor Kit<\/span><\/strong><!-- notionvc: 3cc06aa3-054d-4150-a1e8-1d089c7abf93 --><\/p>\n<p><span class=\"notion-enable-hover\" data-token-index=\"0\">Los kits de arresto de martillo de agua se utilizan para prevenir los potenciales efectos da\u00f1inos del martillo de agua, que se define como una sobrepresi\u00f3n o una onda causada cuando un fluido en movimiento se ve obligado a detenerse o cambiar de direcci\u00f3n.<\/span><\/p>\n<p>&nbsp;<\/p>","protected":false},"excerpt":{"rendered":"<p>El Kit Lo-Flo incluye: &#8211; Standard Starter Kit El Kit de Inicio Est\u00e1ndar Lo-Flo incluye todas las partes que necesitas para la entrada de tu Sistema de Distribuci\u00f3n de Nutrientes. &#8211; Dosatron Injectors (5 unidades) \u00a0 (x2) &#8211; D14MZ2VFBPHY El Dosatron D14MZ2, accionado por agua, se utiliza para 2 Aditivos: Balance y Cleanse. Tiene un [&hellip;]<\/p>","protected":false},"featured_media":2459,"comment_status":"open","ping_status":"closed","template":"","meta":{"_acf_changed":false,"content-type":"","_joinchat":[]},"product_brand":[],"product_cat":[49],"product_tag":[],"class_list":{"0":"post-1397","1":"product","2":"type-product","3":"status-publish","4":"has-post-thumbnail","6":"product_cat-fertirrigacion","8":"first","9":"instock","10":"shipping-taxable","11":"product-type-simple"},"yoast_head":"<!-- This site is optimized with the Yoast SEO Premium plugin v26.5 (Yoast SEO v26.5) - https:\/\/yoast.com\/wordpress\/plugins\/seo\/ -->\n<title>Dosatron Kit Lo-Flo - Universal Growing<\/title>\n<meta name=\"robots\" content=\"index, follow, max-snippet:-1, max-image-preview:large, max-video-preview:-1\" \/>\n<link rel=\"canonical\" href=\"https:\/\/universalgrowing.com\/en\/shop\/fertirrigacion\/kit-lo-flo\/\" \/>\n<meta property=\"og:locale\" content=\"en_US\" \/>\n<meta property=\"og:type\" content=\"article\" \/>\n<meta property=\"og:title\" content=\"Dosatron Kit Lo-Flo\" \/>\n<meta property=\"og:description\" content=\"El Kit Lo-Flo incluye: &#8211; Standard Starter Kit El Kit de Inicio Est\u00e1ndar Lo-Flo incluye todas las partes que necesitas para la entrada de tu Sistema de Distribuci\u00f3n de Nutrientes. &#8211; Dosatron Injectors (5 unidades) \u00a0 (x2) &#8211; D14MZ2VFBPHY El Dosatron D14MZ2, accionado por agua, se utiliza para 2 Aditivos: Balance y Cleanse. Tiene un [&hellip;]\" \/>\n<meta property=\"og:url\" content=\"https:\/\/universalgrowing.com\/en\/shop\/fertirrigacion\/kit-lo-flo\/\" \/>\n<meta property=\"og:site_name\" content=\"Universal Growing\" \/>\n<meta property=\"article:modified_time\" content=\"2025-06-02T19:17:53+00:00\" \/>\n<meta property=\"og:image\" content=\"https:\/\/universalgrowing.com\/wp-content\/uploads\/2024\/10\/DosatronLo-Flo.png\" \/>\n\t<meta property=\"og:image:width\" content=\"4500\" \/>\n\t<meta property=\"og:image:height\" content=\"4500\" \/>\n\t<meta property=\"og:image:type\" content=\"image\/png\" \/>\n<meta name=\"twitter:card\" content=\"summary_large_image\" \/>\n<meta name=\"twitter:label1\" content=\"Price\" \/>\n\t<meta name=\"twitter:data1\" content=\"\" \/>\n\t<meta name=\"twitter:label2\" content=\"Availability\" \/>\n\t<meta name=\"twitter:data2\" content=\"In stock\" \/>\n<script type=\"application\/ld+json\" class=\"yoast-schema-graph\">{\"@context\":\"https:\/\/schema.org\",\"@graph\":[{\"@type\":\"WebPage\",\"@id\":\"https:\/\/universalgrowing.com\/shop\/fertirrigacion\/kit-lo-flo\/\",\"url\":\"https:\/\/universalgrowing.com\/shop\/fertirrigacion\/kit-lo-flo\/\",\"name\":\"Dosatron Kit Lo-Flo - Universal Growing\",\"isPartOf\":{\"@id\":\"https:\/\/universalgrowing.com\/#website\"},\"primaryImageOfPage\":{\"@id\":\"https:\/\/universalgrowing.com\/shop\/fertirrigacion\/kit-lo-flo\/#primaryimage\"},\"image\":{\"@id\":\"https:\/\/universalgrowing.com\/shop\/fertirrigacion\/kit-lo-flo\/#primaryimage\"},\"thumbnailUrl\":\"https:\/\/universalgrowing.com\/wp-content\/uploads\/2024\/10\/DosatronLo-Flo.png\",\"datePublished\":\"2024-10-24T03:48:37+00:00\",\"dateModified\":\"2025-06-02T19:17:53+00:00\",\"breadcrumb\":{\"@id\":\"https:\/\/universalgrowing.com\/shop\/fertirrigacion\/kit-lo-flo\/#breadcrumb\"},\"inLanguage\":\"en-US\",\"potentialAction\":[{\"@type\":\"ReadAction\",\"target\":[\"https:\/\/universalgrowing.com\/shop\/fertirrigacion\/kit-lo-flo\/\"]}]},{\"@type\":\"ImageObject\",\"inLanguage\":\"en-US\",\"@id\":\"https:\/\/universalgrowing.com\/shop\/fertirrigacion\/kit-lo-flo\/#primaryimage\",\"url\":\"https:\/\/universalgrowing.com\/wp-content\/uploads\/2024\/10\/DosatronLo-Flo.png\",\"contentUrl\":\"https:\/\/universalgrowing.com\/wp-content\/uploads\/2024\/10\/DosatronLo-Flo.png\",\"width\":4500,\"height\":4500},{\"@type\":\"BreadcrumbList\",\"@id\":\"https:\/\/universalgrowing.com\/shop\/fertirrigacion\/kit-lo-flo\/#breadcrumb\",\"itemListElement\":[{\"@type\":\"ListItem\",\"position\":1,\"name\":\"Portada\",\"item\":\"https:\/\/universalgrowing.com\/\"},{\"@type\":\"ListItem\",\"position\":2,\"name\":\"Shop\",\"item\":\"https:\/\/universalgrowing.com\/shop\/\"},{\"@type\":\"ListItem\",\"position\":3,\"name\":\"Dosatron Kit Lo-Flo\"}]},{\"@type\":\"WebSite\",\"@id\":\"https:\/\/universalgrowing.com\/#website\",\"url\":\"https:\/\/universalgrowing.com\/\",\"name\":\"Universal Growing\",\"description\":\"\",\"publisher\":{\"@id\":\"https:\/\/universalgrowing.com\/#organization\"},\"potentialAction\":[{\"@type\":\"SearchAction\",\"target\":{\"@type\":\"EntryPoint\",\"urlTemplate\":\"https:\/\/universalgrowing.com\/?s={search_term_string}\"},\"query-input\":{\"@type\":\"PropertyValueSpecification\",\"valueRequired\":true,\"valueName\":\"search_term_string\"}}],\"inLanguage\":\"en-US\"},{\"@type\":\"Organization\",\"@id\":\"https:\/\/universalgrowing.com\/#organization\",\"name\":\"Universal Growing\",\"url\":\"https:\/\/universalgrowing.com\/\",\"logo\":{\"@type\":\"ImageObject\",\"inLanguage\":\"en-US\",\"@id\":\"https:\/\/universalgrowing.com\/#\/schema\/logo\/image\/\",\"url\":\"https:\/\/universalgrowing.com\/wp-content\/uploads\/2024\/10\/UG_3.png\",\"contentUrl\":\"https:\/\/universalgrowing.com\/wp-content\/uploads\/2024\/10\/UG_3.png\",\"width\":1837,\"height\":535,\"caption\":\"Universal Growing\"},\"image\":{\"@id\":\"https:\/\/universalgrowing.com\/#\/schema\/logo\/image\/\"}}]}<\/script>\n<meta property=\"product:price:currency\" content=\"USD\" \/>\n<meta property=\"og:availability\" content=\"instock\" \/>\n<meta property=\"product:availability\" content=\"instock\" \/>\n<meta property=\"product:retailer_item_id\" content=\"9000050\" \/>\n<meta property=\"product:condition\" content=\"new\" \/>\n<!-- \/ Yoast SEO Premium plugin. -->","yoast_head_json":{"title":"Dosatron Kit Lo-Flo - Universal Growing","robots":{"index":"index","follow":"follow","max-snippet":"max-snippet:-1","max-image-preview":"max-image-preview:large","max-video-preview":"max-video-preview:-1"},"canonical":"https:\/\/universalgrowing.com\/en\/shop\/fertirrigacion\/kit-lo-flo\/","og_locale":"en_US","og_type":"article","og_title":"Dosatron Kit Lo-Flo","og_description":"El Kit Lo-Flo incluye: &#8211; Standard Starter Kit El Kit de Inicio Est\u00e1ndar Lo-Flo incluye todas las partes que necesitas para la entrada de tu Sistema de Distribuci\u00f3n de Nutrientes. &#8211; Dosatron Injectors (5 unidades) \u00a0 (x2) &#8211; D14MZ2VFBPHY El Dosatron D14MZ2, accionado por agua, se utiliza para 2 Aditivos: Balance y Cleanse. Tiene un [&hellip;]","og_url":"https:\/\/universalgrowing.com\/en\/shop\/fertirrigacion\/kit-lo-flo\/","og_site_name":"Universal Growing","article_modified_time":"2025-06-02T19:17:53+00:00","og_image":[{"width":4500,"height":4500,"url":"https:\/\/universalgrowing.com\/wp-content\/uploads\/2024\/10\/DosatronLo-Flo.png","type":"image\/png"}],"twitter_card":"summary_large_image","twitter_misc":{"Price":"","Availability":"In stock"},"schema":{"@context":"https:\/\/schema.org","@graph":[{"@type":"WebPage","@id":"https:\/\/universalgrowing.com\/shop\/fertirrigacion\/kit-lo-flo\/","url":"https:\/\/universalgrowing.com\/shop\/fertirrigacion\/kit-lo-flo\/","name":"Dosatron Kit Lo-Flo - Universal Growing","isPartOf":{"@id":"https:\/\/universalgrowing.com\/#website"},"primaryImageOfPage":{"@id":"https:\/\/universalgrowing.com\/shop\/fertirrigacion\/kit-lo-flo\/#primaryimage"},"image":{"@id":"https:\/\/universalgrowing.com\/shop\/fertirrigacion\/kit-lo-flo\/#primaryimage"},"thumbnailUrl":"https:\/\/universalgrowing.com\/wp-content\/uploads\/2024\/10\/DosatronLo-Flo.png","datePublished":"2024-10-24T03:48:37+00:00","dateModified":"2025-06-02T19:17:53+00:00","breadcrumb":{"@id":"https:\/\/universalgrowing.com\/shop\/fertirrigacion\/kit-lo-flo\/#breadcrumb"},"inLanguage":"en-US","potentialAction":[{"@type":"ReadAction","target":["https:\/\/universalgrowing.com\/shop\/fertirrigacion\/kit-lo-flo\/"]}]},{"@type":"ImageObject","inLanguage":"en-US","@id":"https:\/\/universalgrowing.com\/shop\/fertirrigacion\/kit-lo-flo\/#primaryimage","url":"https:\/\/universalgrowing.com\/wp-content\/uploads\/2024\/10\/DosatronLo-Flo.png","contentUrl":"https:\/\/universalgrowing.com\/wp-content\/uploads\/2024\/10\/DosatronLo-Flo.png","width":4500,"height":4500},{"@type":"BreadcrumbList","@id":"https:\/\/universalgrowing.com\/shop\/fertirrigacion\/kit-lo-flo\/#breadcrumb","itemListElement":[{"@type":"ListItem","position":1,"name":"Portada","item":"https:\/\/universalgrowing.com\/"},{"@type":"ListItem","position":2,"name":"Shop","item":"https:\/\/universalgrowing.com\/shop\/"},{"@type":"ListItem","position":3,"name":"Dosatron Kit Lo-Flo"}]},{"@type":"WebSite","@id":"https:\/\/universalgrowing.com\/#website","url":"https:\/\/universalgrowing.com\/","name":"Universal Growing","description":"","publisher":{"@id":"https:\/\/universalgrowing.com\/#organization"},"potentialAction":[{"@type":"SearchAction","target":{"@type":"EntryPoint","urlTemplate":"https:\/\/universalgrowing.com\/?s={search_term_string}"},"query-input":{"@type":"PropertyValueSpecification","valueRequired":true,"valueName":"search_term_string"}}],"inLanguage":"en-US"},{"@type":"Organization","@id":"https:\/\/universalgrowing.com\/#organization","name":"Universal Growing","url":"https:\/\/universalgrowing.com\/","logo":{"@type":"ImageObject","inLanguage":"en-US","@id":"https:\/\/universalgrowing.com\/#\/schema\/logo\/image\/","url":"https:\/\/universalgrowing.com\/wp-content\/uploads\/2024\/10\/UG_3.png","contentUrl":"https:\/\/universalgrowing.com\/wp-content\/uploads\/2024\/10\/UG_3.png","width":1837,"height":535,"caption":"Universal Growing"},"image":{"@id":"https:\/\/universalgrowing.com\/#\/schema\/logo\/image\/"}}]},"product_price_currency":"USD","og_availability":"instock","product_availability":"instock","product_retailer_item_id":"9000050","product_condition":"new"},"acf":[],"_links":{"self":[{"href":"https:\/\/universalgrowing.com\/en\/wp-json\/wp\/v2\/product\/1397","targetHints":{"allow":["GET"]}}],"collection":[{"href":"https:\/\/universalgrowing.com\/en\/wp-json\/wp\/v2\/product"}],"about":[{"href":"https:\/\/universalgrowing.com\/en\/wp-json\/wp\/v2\/types\/product"}],"replies":[{"embeddable":true,"href":"https:\/\/universalgrowing.com\/en\/wp-json\/wp\/v2\/comments?post=1397"}],"wp:featuredmedia":[{"embeddable":true,"href":"https:\/\/universalgrowing.com\/en\/wp-json\/wp\/v2\/media\/2459"}],"wp:attachment":[{"href":"https:\/\/universalgrowing.com\/en\/wp-json\/wp\/v2\/media?parent=1397"}],"wp:term":[{"taxonomy":"product_brand","embeddable":true,"href":"https:\/\/universalgrowing.com\/en\/wp-json\/wp\/v2\/product_brand?post=1397"},{"taxonomy":"product_cat","embeddable":true,"href":"https:\/\/universalgrowing.com\/en\/wp-json\/wp\/v2\/product_cat?post=1397"},{"taxonomy":"product_tag","embeddable":true,"href":"https:\/\/universalgrowing.com\/en\/wp-json\/wp\/v2\/product_tag?post=1397"}],"curies":[{"name":"wp","href":"https:\/\/api.w.org\/{rel}","templated":true}]}}