{"id":1401,"date":"2024-10-24T03:48:38","date_gmt":"2024-10-24T03:48:38","guid":{"rendered":"https:\/\/azure-caterpillar-897541.hostingersite.com\/?post_type=product&#038;p=1401"},"modified":"2025-06-02T19:15:06","modified_gmt":"2025-06-02T19:15:06","slug":"vpdome","status":"publish","type":"product","link":"https:\/\/universalgrowing.com\/en\/shop\/propagacion\/vpdome\/","title":{"rendered":"Athena VPDome"},"content":{"rendered":"<p data-mce-fragment=\"1\">Athena VPDome es la forma m\u00e1s eficiente de clonar. La cubierta de tela de f\u00e1cil instalaci\u00f3n puede sostener 16 bandejas de clonaci\u00f3n est\u00e1ndar sin necesidad de c\u00fapulas individuales.<\/p>\n<ul>\n<li>El funcionamiento sencillo agiliza el flujo de trabajo en la guarder\u00eda (ahorro de 2-4 horas de trabajo al mes por estante).<\/li>\n<li>La uniformidad y consistencia del VPD reduce la mortalidad y acelera el enraizamiento.<\/li>\n<li>La construcci\u00f3n duradera reduce las costosas sustituciones de c\u00fapulas de pl\u00e1stico.<\/li>\n<li>El revestimiento antimicrobiano reduce los vectores de enfermedades.<\/li>\n<\/ul>\n<p data-mce-fragment=\"1\"><strong>Instrucciones de uso:<\/strong><\/p>\n<p data-mce-fragment=\"1\">VPDome encaja perfectamente sobre un estante de alambre est\u00e1ndar (48&#8243; de ancho x 72&#8243; de alto x 18&#8243; de profundidad).<\/p>\n<ol>\n<li>Instala la cubierta del estante inferior.<\/li>\n<li>Coloca la cubierta sobre la parte superior del estante.<\/li>\n<li>Cierra la puerta con sellos magn\u00e9ticos.<\/li>\n<\/ol>","protected":false},"excerpt":{"rendered":"<p>Athena VPDome es la forma m\u00e1s eficiente de clonar. La cubierta de tela de f\u00e1cil instalaci\u00f3n puede sostener 16 bandejas de clonaci\u00f3n est\u00e1ndar sin necesidad de c\u00fapulas individuales. El funcionamiento sencillo agiliza el flujo de trabajo en la guarder\u00eda (ahorro de 2-4 horas de trabajo al mes por estante). La uniformidad y consistencia del VPD [&hellip;]<\/p>","protected":false},"featured_media":2236,"comment_status":"open","ping_status":"closed","template":"","meta":{"_acf_changed":false,"content-type":"","_joinchat":[]},"product_brand":[],"product_cat":[70],"product_tag":[55],"class_list":{"0":"post-1401","1":"product","2":"type-product","3":"status-publish","4":"has-post-thumbnail","6":"product_cat-propagacion","7":"product_tag-culture-line","9":"first","10":"instock","11":"shipping-taxable","12":"product-type-simple"},"yoast_head":"<!-- This site is optimized with the Yoast SEO Premium plugin v26.5 (Yoast SEO v26.5) - https:\/\/yoast.com\/wordpress\/plugins\/seo\/ -->\n<title>Athena VPDome - Universal Growing<\/title>\n<meta name=\"robots\" content=\"index, follow, max-snippet:-1, max-image-preview:large, max-video-preview:-1\" \/>\n<link rel=\"canonical\" href=\"https:\/\/universalgrowing.com\/en\/shop\/propagacion\/vpdome\/\" \/>\n<meta property=\"og:locale\" content=\"en_US\" \/>\n<meta property=\"og:type\" content=\"article\" \/>\n<meta property=\"og:title\" content=\"Athena VPDome\" \/>\n<meta property=\"og:description\" content=\"Athena VPDome es la forma m\u00e1s eficiente de clonar. La cubierta de tela de f\u00e1cil instalaci\u00f3n puede sostener 16 bandejas de clonaci\u00f3n est\u00e1ndar sin necesidad de c\u00fapulas individuales. El funcionamiento sencillo agiliza el flujo de trabajo en la guarder\u00eda (ahorro de 2-4 horas de trabajo al mes por estante). La uniformidad y consistencia del VPD [&hellip;]\" \/>\n<meta property=\"og:url\" content=\"https:\/\/universalgrowing.com\/en\/shop\/propagacion\/vpdome\/\" \/>\n<meta property=\"og:site_name\" content=\"Universal Growing\" \/>\n<meta property=\"article:modified_time\" content=\"2025-06-02T19:15:06+00:00\" \/>\n<meta property=\"og:image\" content=\"https:\/\/universalgrowing.com\/wp-content\/uploads\/2024\/10\/TC-VPD-2.jpg\" \/>\n\t<meta property=\"og:image:width\" content=\"1199\" \/>\n\t<meta property=\"og:image:height\" content=\"1267\" \/>\n\t<meta property=\"og:image:type\" content=\"image\/jpeg\" \/>\n<meta name=\"twitter:card\" content=\"summary_large_image\" \/>\n<meta name=\"twitter:label1\" content=\"Price\" \/>\n\t<meta name=\"twitter:data1\" content=\"\" \/>\n\t<meta name=\"twitter:label2\" content=\"Availability\" \/>\n\t<meta name=\"twitter:data2\" content=\"In stock\" \/>\n<script type=\"application\/ld+json\" class=\"yoast-schema-graph\">{\"@context\":\"https:\/\/schema.org\",\"@graph\":[{\"@type\":\"WebPage\",\"@id\":\"https:\/\/universalgrowing.com\/shop\/propagacion\/vpdome\/\",\"url\":\"https:\/\/universalgrowing.com\/shop\/propagacion\/vpdome\/\",\"name\":\"Athena VPDome - Universal Growing\",\"isPartOf\":{\"@id\":\"https:\/\/universalgrowing.com\/#website\"},\"primaryImageOfPage\":{\"@id\":\"https:\/\/universalgrowing.com\/shop\/propagacion\/vpdome\/#primaryimage\"},\"image\":{\"@id\":\"https:\/\/universalgrowing.com\/shop\/propagacion\/vpdome\/#primaryimage\"},\"thumbnailUrl\":\"https:\/\/universalgrowing.com\/wp-content\/uploads\/2024\/10\/TC-VPD-2.jpg\",\"datePublished\":\"2024-10-24T03:48:38+00:00\",\"dateModified\":\"2025-06-02T19:15:06+00:00\",\"breadcrumb\":{\"@id\":\"https:\/\/universalgrowing.com\/shop\/propagacion\/vpdome\/#breadcrumb\"},\"inLanguage\":\"en-US\",\"potentialAction\":[{\"@type\":\"ReadAction\",\"target\":[\"https:\/\/universalgrowing.com\/shop\/propagacion\/vpdome\/\"]}]},{\"@type\":\"ImageObject\",\"inLanguage\":\"en-US\",\"@id\":\"https:\/\/universalgrowing.com\/shop\/propagacion\/vpdome\/#primaryimage\",\"url\":\"https:\/\/universalgrowing.com\/wp-content\/uploads\/2024\/10\/TC-VPD-2.jpg\",\"contentUrl\":\"https:\/\/universalgrowing.com\/wp-content\/uploads\/2024\/10\/TC-VPD-2.jpg\",\"width\":1199,\"height\":1267},{\"@type\":\"BreadcrumbList\",\"@id\":\"https:\/\/universalgrowing.com\/shop\/propagacion\/vpdome\/#breadcrumb\",\"itemListElement\":[{\"@type\":\"ListItem\",\"position\":1,\"name\":\"Portada\",\"item\":\"https:\/\/universalgrowing.com\/\"},{\"@type\":\"ListItem\",\"position\":2,\"name\":\"Shop\",\"item\":\"https:\/\/universalgrowing.com\/shop\/\"},{\"@type\":\"ListItem\",\"position\":3,\"name\":\"Athena VPDome\"}]},{\"@type\":\"WebSite\",\"@id\":\"https:\/\/universalgrowing.com\/#website\",\"url\":\"https:\/\/universalgrowing.com\/\",\"name\":\"Universal Growing\",\"description\":\"\",\"publisher\":{\"@id\":\"https:\/\/universalgrowing.com\/#organization\"},\"potentialAction\":[{\"@type\":\"SearchAction\",\"target\":{\"@type\":\"EntryPoint\",\"urlTemplate\":\"https:\/\/universalgrowing.com\/?s={search_term_string}\"},\"query-input\":{\"@type\":\"PropertyValueSpecification\",\"valueRequired\":true,\"valueName\":\"search_term_string\"}}],\"inLanguage\":\"en-US\"},{\"@type\":\"Organization\",\"@id\":\"https:\/\/universalgrowing.com\/#organization\",\"name\":\"Universal Growing\",\"url\":\"https:\/\/universalgrowing.com\/\",\"logo\":{\"@type\":\"ImageObject\",\"inLanguage\":\"en-US\",\"@id\":\"https:\/\/universalgrowing.com\/#\/schema\/logo\/image\/\",\"url\":\"https:\/\/universalgrowing.com\/wp-content\/uploads\/2024\/10\/UG_3.png\",\"contentUrl\":\"https:\/\/universalgrowing.com\/wp-content\/uploads\/2024\/10\/UG_3.png\",\"width\":1837,\"height\":535,\"caption\":\"Universal Growing\"},\"image\":{\"@id\":\"https:\/\/universalgrowing.com\/#\/schema\/logo\/image\/\"}}]}<\/script>\n<meta property=\"product:price:currency\" content=\"USD\" \/>\n<meta property=\"og:availability\" content=\"instock\" \/>\n<meta property=\"product:availability\" content=\"instock\" \/>\n<meta property=\"product:retailer_item_id\" content=\"850038693725\" \/>\n<meta property=\"product:condition\" content=\"new\" \/>\n<!-- \/ Yoast SEO Premium plugin. -->","yoast_head_json":{"title":"Athena VPDome - Universal Growing","robots":{"index":"index","follow":"follow","max-snippet":"max-snippet:-1","max-image-preview":"max-image-preview:large","max-video-preview":"max-video-preview:-1"},"canonical":"https:\/\/universalgrowing.com\/en\/shop\/propagacion\/vpdome\/","og_locale":"en_US","og_type":"article","og_title":"Athena VPDome","og_description":"Athena VPDome es la forma m\u00e1s eficiente de clonar. La cubierta de tela de f\u00e1cil instalaci\u00f3n puede sostener 16 bandejas de clonaci\u00f3n est\u00e1ndar sin necesidad de c\u00fapulas individuales. El funcionamiento sencillo agiliza el flujo de trabajo en la guarder\u00eda (ahorro de 2-4 horas de trabajo al mes por estante). La uniformidad y consistencia del VPD [&hellip;]","og_url":"https:\/\/universalgrowing.com\/en\/shop\/propagacion\/vpdome\/","og_site_name":"Universal Growing","article_modified_time":"2025-06-02T19:15:06+00:00","og_image":[{"width":1199,"height":1267,"url":"https:\/\/universalgrowing.com\/wp-content\/uploads\/2024\/10\/TC-VPD-2.jpg","type":"image\/jpeg"}],"twitter_card":"summary_large_image","twitter_misc":{"Price":"","Availability":"In stock"},"schema":{"@context":"https:\/\/schema.org","@graph":[{"@type":"WebPage","@id":"https:\/\/universalgrowing.com\/shop\/propagacion\/vpdome\/","url":"https:\/\/universalgrowing.com\/shop\/propagacion\/vpdome\/","name":"Athena VPDome - Universal Growing","isPartOf":{"@id":"https:\/\/universalgrowing.com\/#website"},"primaryImageOfPage":{"@id":"https:\/\/universalgrowing.com\/shop\/propagacion\/vpdome\/#primaryimage"},"image":{"@id":"https:\/\/universalgrowing.com\/shop\/propagacion\/vpdome\/#primaryimage"},"thumbnailUrl":"https:\/\/universalgrowing.com\/wp-content\/uploads\/2024\/10\/TC-VPD-2.jpg","datePublished":"2024-10-24T03:48:38+00:00","dateModified":"2025-06-02T19:15:06+00:00","breadcrumb":{"@id":"https:\/\/universalgrowing.com\/shop\/propagacion\/vpdome\/#breadcrumb"},"inLanguage":"en-US","potentialAction":[{"@type":"ReadAction","target":["https:\/\/universalgrowing.com\/shop\/propagacion\/vpdome\/"]}]},{"@type":"ImageObject","inLanguage":"en-US","@id":"https:\/\/universalgrowing.com\/shop\/propagacion\/vpdome\/#primaryimage","url":"https:\/\/universalgrowing.com\/wp-content\/uploads\/2024\/10\/TC-VPD-2.jpg","contentUrl":"https:\/\/universalgrowing.com\/wp-content\/uploads\/2024\/10\/TC-VPD-2.jpg","width":1199,"height":1267},{"@type":"BreadcrumbList","@id":"https:\/\/universalgrowing.com\/shop\/propagacion\/vpdome\/#breadcrumb","itemListElement":[{"@type":"ListItem","position":1,"name":"Portada","item":"https:\/\/universalgrowing.com\/"},{"@type":"ListItem","position":2,"name":"Shop","item":"https:\/\/universalgrowing.com\/shop\/"},{"@type":"ListItem","position":3,"name":"Athena VPDome"}]},{"@type":"WebSite","@id":"https:\/\/universalgrowing.com\/#website","url":"https:\/\/universalgrowing.com\/","name":"Universal Growing","description":"","publisher":{"@id":"https:\/\/universalgrowing.com\/#organization"},"potentialAction":[{"@type":"SearchAction","target":{"@type":"EntryPoint","urlTemplate":"https:\/\/universalgrowing.com\/?s={search_term_string}"},"query-input":{"@type":"PropertyValueSpecification","valueRequired":true,"valueName":"search_term_string"}}],"inLanguage":"en-US"},{"@type":"Organization","@id":"https:\/\/universalgrowing.com\/#organization","name":"Universal Growing","url":"https:\/\/universalgrowing.com\/","logo":{"@type":"ImageObject","inLanguage":"en-US","@id":"https:\/\/universalgrowing.com\/#\/schema\/logo\/image\/","url":"https:\/\/universalgrowing.com\/wp-content\/uploads\/2024\/10\/UG_3.png","contentUrl":"https:\/\/universalgrowing.com\/wp-content\/uploads\/2024\/10\/UG_3.png","width":1837,"height":535,"caption":"Universal Growing"},"image":{"@id":"https:\/\/universalgrowing.com\/#\/schema\/logo\/image\/"}}]},"product_price_currency":"USD","og_availability":"instock","product_availability":"instock","product_retailer_item_id":"850038693725","product_condition":"new"},"acf":[],"_links":{"self":[{"href":"https:\/\/universalgrowing.com\/en\/wp-json\/wp\/v2\/product\/1401","targetHints":{"allow":["GET"]}}],"collection":[{"href":"https:\/\/universalgrowing.com\/en\/wp-json\/wp\/v2\/product"}],"about":[{"href":"https:\/\/universalgrowing.com\/en\/wp-json\/wp\/v2\/types\/product"}],"replies":[{"embeddable":true,"href":"https:\/\/universalgrowing.com\/en\/wp-json\/wp\/v2\/comments?post=1401"}],"wp:featuredmedia":[{"embeddable":true,"href":"https:\/\/universalgrowing.com\/en\/wp-json\/wp\/v2\/media\/2236"}],"wp:attachment":[{"href":"https:\/\/universalgrowing.com\/en\/wp-json\/wp\/v2\/media?parent=1401"}],"wp:term":[{"taxonomy":"product_brand","embeddable":true,"href":"https:\/\/universalgrowing.com\/en\/wp-json\/wp\/v2\/product_brand?post=1401"},{"taxonomy":"product_cat","embeddable":true,"href":"https:\/\/universalgrowing.com\/en\/wp-json\/wp\/v2\/product_cat?post=1401"},{"taxonomy":"product_tag","embeddable":true,"href":"https:\/\/universalgrowing.com\/en\/wp-json\/wp\/v2\/product_tag?post=1401"}],"curies":[{"name":"wp","href":"https:\/\/api.w.org\/{rel}","templated":true}]}}