{"id":1413,"date":"2024-10-24T03:48:45","date_gmt":"2024-10-24T03:48:45","guid":{"rendered":"https:\/\/azure-caterpillar-897541.hostingersite.com\/?post_type=product&#038;p=1413"},"modified":"2025-06-02T19:14:23","modified_gmt":"2025-06-02T19:14:23","slug":"grow-a","status":"publish","type":"product","link":"https:\/\/universalgrowing.com\/en\/shop\/fertilizantes\/grow-a\/","title":{"rendered":"Athena Grow A 1GAL"},"content":{"rendered":"<p data-mce-fragment=\"1\">Athena Grow es una f\u00f3rmula simple y limpia dise\u00f1ada para la etapa vegetativa del crecimiento y para plantas que no est\u00e1n floreciendo. Nuestras proporciones minerales cuidadosamente equilibradas ayudan a facilitar el desarrollo \u00f3ptimo de las plantas, incluyendo la fotos\u00edntesis, la respiraci\u00f3n saludable y el crecimiento robusto de tallos y ra\u00edces.<\/p>\n<p data-mce-fragment=\"1\">Esta f\u00f3rmula l\u00edquida mezclada de 2 partes debe ser utilizada en cantidades iguales durante la fase de crecimiento vegetativo para estimular el r\u00e1pido inicio de la producci\u00f3n de cogollos, aumentar los sitios de floraci\u00f3n y promover rendimientos de alta calidad.<\/p>\n<p data-mce-fragment=\"1\">Las f\u00f3rmulas no contienen sedimentos y son compatibles con todos los sistemas de dosificaci\u00f3n e irrigaci\u00f3n, incluyendo cabezales de goteo finos. En algunas condiciones, en ocasiones se pueden ver peque\u00f1as cantidades de micro part\u00edculas, pero no afectar\u00e1n el equilibrio mineral ni la compatibilidad del sistema.<\/p>\n<p data-mce-fragment=\"1\">Tasas de aplicaci\u00f3n: Agrega de 2 a 5 mL de Grow A por gal\u00f3n de agua durante la fase de crecimiento vegetativo.<\/p>\n<p data-mce-fragment=\"1\">Consulta las Programaciones de Alimentaci\u00f3n para recomendaciones espec\u00edficas de aplicaci\u00f3n.<\/p>\n<p data-mce-fragment=\"1\">Mejores pr\u00e1cticas:<\/p>\n<ul data-mce-fragment=\"1\">\n<li data-mce-fragment=\"1\">Agitar bien antes de usar.<\/li>\n<li data-mce-fragment=\"1\">Utilizar instrumentos de medici\u00f3n limpios; no introducir nada en la botella.<\/li>\n<li data-mce-fragment=\"1\">Siempre utiliza partes iguales de Athena Grow A y B para mantener las proporciones minerales adecuadas.<\/li>\n<li data-mce-fragment=\"1\">Controlar regularmente la conductividad el\u00e9ctrica (EC) y ajustar seg\u00fan corresponda seg\u00fan el cultivo y la etapa de crecimiento.<\/li>\n<li data-mce-fragment=\"1\">Ajustar el pH a los niveles adecuados despu\u00e9s de mezclar todos los fertilizantes y aditivos.<\/li>\n<li data-mce-fragment=\"1\">No combinar en forma no diluida.<\/li>\n<li data-mce-fragment=\"1\">Almacenar cerrado en el envase original a una temperatura entre 45 \u00b0F y 85 \u00b0F\u00a0<span data-mce-fragment=\"1\">(aproximadamente\u00a0<\/span><span data-mce-fragment=\"1\">7.22 \u00b0C y\u00a029.44 \u00b0C).<\/span><\/li>\n<\/ul>","protected":false},"excerpt":{"rendered":"<p>Athena Grow es una f\u00f3rmula simple y limpia dise\u00f1ada para la etapa vegetativa del crecimiento y para plantas que no est\u00e1n floreciendo. Nuestras proporciones minerales cuidadosamente equilibradas ayudan a facilitar el desarrollo \u00f3ptimo de las plantas, incluyendo la fotos\u00edntesis, la respiraci\u00f3n saludable y el crecimiento robusto de tallos y ra\u00edces. Esta f\u00f3rmula l\u00edquida mezclada de [&hellip;]<\/p>","protected":false},"featured_media":2751,"comment_status":"open","ping_status":"closed","template":"","meta":{"_acf_changed":false,"content-type":"","_joinchat":[]},"product_brand":[],"product_cat":[53],"product_tag":[59],"class_list":{"0":"post-1413","1":"product","2":"type-product","3":"status-publish","4":"has-post-thumbnail","6":"product_cat-fertilizantes","7":"product_tag-blended-line","9":"first","10":"instock","11":"shipping-taxable","12":"product-type-simple"},"yoast_head":"<!-- This site is optimized with the Yoast SEO Premium plugin v26.5 (Yoast SEO v26.5) - https:\/\/yoast.com\/wordpress\/plugins\/seo\/ -->\n<title>Athena Grow A 1GAL - Universal Growing<\/title>\n<meta name=\"robots\" content=\"index, follow, max-snippet:-1, max-image-preview:large, max-video-preview:-1\" \/>\n<link rel=\"canonical\" href=\"https:\/\/universalgrowing.com\/en\/shop\/fertilizantes\/grow-a\/\" \/>\n<meta property=\"og:locale\" content=\"en_US\" \/>\n<meta property=\"og:type\" content=\"article\" \/>\n<meta property=\"og:title\" content=\"Athena Grow A 1GAL\" \/>\n<meta property=\"og:description\" content=\"Athena Grow es una f\u00f3rmula simple y limpia dise\u00f1ada para la etapa vegetativa del crecimiento y para plantas que no est\u00e1n floreciendo. Nuestras proporciones minerales cuidadosamente equilibradas ayudan a facilitar el desarrollo \u00f3ptimo de las plantas, incluyendo la fotos\u00edntesis, la respiraci\u00f3n saludable y el crecimiento robusto de tallos y ra\u00edces. Esta f\u00f3rmula l\u00edquida mezclada de [&hellip;]\" \/>\n<meta property=\"og:url\" content=\"https:\/\/universalgrowing.com\/en\/shop\/fertilizantes\/grow-a\/\" \/>\n<meta property=\"og:site_name\" content=\"Universal Growing\" \/>\n<meta property=\"article:modified_time\" content=\"2025-06-02T19:14:23+00:00\" \/>\n<meta property=\"og:image\" content=\"https:\/\/universalgrowing.com\/wp-content\/uploads\/2024\/10\/EU-LQ-GWA-1G-F.jpg\" \/>\n\t<meta property=\"og:image:width\" content=\"1200\" \/>\n\t<meta property=\"og:image:height\" content=\"1200\" \/>\n\t<meta property=\"og:image:type\" content=\"image\/jpeg\" \/>\n<meta name=\"twitter:card\" content=\"summary_large_image\" \/>\n<meta name=\"twitter:label1\" content=\"Price\" \/>\n\t<meta name=\"twitter:data1\" content=\"\" \/>\n\t<meta name=\"twitter:label2\" content=\"Availability\" \/>\n\t<meta name=\"twitter:data2\" content=\"In stock\" \/>\n<script type=\"application\/ld+json\" class=\"yoast-schema-graph\">{\"@context\":\"https:\/\/schema.org\",\"@graph\":[{\"@type\":\"WebPage\",\"@id\":\"https:\/\/universalgrowing.com\/shop\/fertilizantes\/grow-a\/\",\"url\":\"https:\/\/universalgrowing.com\/shop\/fertilizantes\/grow-a\/\",\"name\":\"Athena Grow A 1GAL - Universal Growing\",\"isPartOf\":{\"@id\":\"https:\/\/universalgrowing.com\/#website\"},\"primaryImageOfPage\":{\"@id\":\"https:\/\/universalgrowing.com\/shop\/fertilizantes\/grow-a\/#primaryimage\"},\"image\":{\"@id\":\"https:\/\/universalgrowing.com\/shop\/fertilizantes\/grow-a\/#primaryimage\"},\"thumbnailUrl\":\"https:\/\/universalgrowing.com\/wp-content\/uploads\/2024\/10\/EU-LQ-GWA-1G-F.jpg\",\"datePublished\":\"2024-10-24T03:48:45+00:00\",\"dateModified\":\"2025-06-02T19:14:23+00:00\",\"breadcrumb\":{\"@id\":\"https:\/\/universalgrowing.com\/shop\/fertilizantes\/grow-a\/#breadcrumb\"},\"inLanguage\":\"en-US\",\"potentialAction\":[{\"@type\":\"ReadAction\",\"target\":[\"https:\/\/universalgrowing.com\/shop\/fertilizantes\/grow-a\/\"]}]},{\"@type\":\"ImageObject\",\"inLanguage\":\"en-US\",\"@id\":\"https:\/\/universalgrowing.com\/shop\/fertilizantes\/grow-a\/#primaryimage\",\"url\":\"https:\/\/universalgrowing.com\/wp-content\/uploads\/2024\/10\/EU-LQ-GWA-1G-F.jpg\",\"contentUrl\":\"https:\/\/universalgrowing.com\/wp-content\/uploads\/2024\/10\/EU-LQ-GWA-1G-F.jpg\",\"width\":1200,\"height\":1200},{\"@type\":\"BreadcrumbList\",\"@id\":\"https:\/\/universalgrowing.com\/shop\/fertilizantes\/grow-a\/#breadcrumb\",\"itemListElement\":[{\"@type\":\"ListItem\",\"position\":1,\"name\":\"Portada\",\"item\":\"https:\/\/universalgrowing.com\/\"},{\"@type\":\"ListItem\",\"position\":2,\"name\":\"Shop\",\"item\":\"https:\/\/universalgrowing.com\/shop\/\"},{\"@type\":\"ListItem\",\"position\":3,\"name\":\"Athena Grow A 1GAL\"}]},{\"@type\":\"WebSite\",\"@id\":\"https:\/\/universalgrowing.com\/#website\",\"url\":\"https:\/\/universalgrowing.com\/\",\"name\":\"Universal Growing\",\"description\":\"\",\"publisher\":{\"@id\":\"https:\/\/universalgrowing.com\/#organization\"},\"potentialAction\":[{\"@type\":\"SearchAction\",\"target\":{\"@type\":\"EntryPoint\",\"urlTemplate\":\"https:\/\/universalgrowing.com\/?s={search_term_string}\"},\"query-input\":{\"@type\":\"PropertyValueSpecification\",\"valueRequired\":true,\"valueName\":\"search_term_string\"}}],\"inLanguage\":\"en-US\"},{\"@type\":\"Organization\",\"@id\":\"https:\/\/universalgrowing.com\/#organization\",\"name\":\"Universal Growing\",\"url\":\"https:\/\/universalgrowing.com\/\",\"logo\":{\"@type\":\"ImageObject\",\"inLanguage\":\"en-US\",\"@id\":\"https:\/\/universalgrowing.com\/#\/schema\/logo\/image\/\",\"url\":\"https:\/\/universalgrowing.com\/wp-content\/uploads\/2024\/10\/UG_3.png\",\"contentUrl\":\"https:\/\/universalgrowing.com\/wp-content\/uploads\/2024\/10\/UG_3.png\",\"width\":1837,\"height\":535,\"caption\":\"Universal Growing\"},\"image\":{\"@id\":\"https:\/\/universalgrowing.com\/#\/schema\/logo\/image\/\"}}]}<\/script>\n<meta property=\"product:price:currency\" content=\"USD\" \/>\n<meta property=\"og:availability\" content=\"instock\" \/>\n<meta property=\"product:availability\" content=\"instock\" \/>\n<meta property=\"product:retailer_item_id\" content=\"850038693060\" \/>\n<meta property=\"product:condition\" content=\"new\" \/>\n<!-- \/ Yoast SEO Premium plugin. -->","yoast_head_json":{"title":"Athena Grow A 1GAL - Universal Growing","robots":{"index":"index","follow":"follow","max-snippet":"max-snippet:-1","max-image-preview":"max-image-preview:large","max-video-preview":"max-video-preview:-1"},"canonical":"https:\/\/universalgrowing.com\/en\/shop\/fertilizantes\/grow-a\/","og_locale":"en_US","og_type":"article","og_title":"Athena Grow A 1GAL","og_description":"Athena Grow es una f\u00f3rmula simple y limpia dise\u00f1ada para la etapa vegetativa del crecimiento y para plantas que no est\u00e1n floreciendo. Nuestras proporciones minerales cuidadosamente equilibradas ayudan a facilitar el desarrollo \u00f3ptimo de las plantas, incluyendo la fotos\u00edntesis, la respiraci\u00f3n saludable y el crecimiento robusto de tallos y ra\u00edces. Esta f\u00f3rmula l\u00edquida mezclada de [&hellip;]","og_url":"https:\/\/universalgrowing.com\/en\/shop\/fertilizantes\/grow-a\/","og_site_name":"Universal Growing","article_modified_time":"2025-06-02T19:14:23+00:00","og_image":[{"width":1200,"height":1200,"url":"https:\/\/universalgrowing.com\/wp-content\/uploads\/2024\/10\/EU-LQ-GWA-1G-F.jpg","type":"image\/jpeg"}],"twitter_card":"summary_large_image","twitter_misc":{"Price":"","Availability":"In stock"},"schema":{"@context":"https:\/\/schema.org","@graph":[{"@type":"WebPage","@id":"https:\/\/universalgrowing.com\/shop\/fertilizantes\/grow-a\/","url":"https:\/\/universalgrowing.com\/shop\/fertilizantes\/grow-a\/","name":"Athena Grow A 1GAL - Universal Growing","isPartOf":{"@id":"https:\/\/universalgrowing.com\/#website"},"primaryImageOfPage":{"@id":"https:\/\/universalgrowing.com\/shop\/fertilizantes\/grow-a\/#primaryimage"},"image":{"@id":"https:\/\/universalgrowing.com\/shop\/fertilizantes\/grow-a\/#primaryimage"},"thumbnailUrl":"https:\/\/universalgrowing.com\/wp-content\/uploads\/2024\/10\/EU-LQ-GWA-1G-F.jpg","datePublished":"2024-10-24T03:48:45+00:00","dateModified":"2025-06-02T19:14:23+00:00","breadcrumb":{"@id":"https:\/\/universalgrowing.com\/shop\/fertilizantes\/grow-a\/#breadcrumb"},"inLanguage":"en-US","potentialAction":[{"@type":"ReadAction","target":["https:\/\/universalgrowing.com\/shop\/fertilizantes\/grow-a\/"]}]},{"@type":"ImageObject","inLanguage":"en-US","@id":"https:\/\/universalgrowing.com\/shop\/fertilizantes\/grow-a\/#primaryimage","url":"https:\/\/universalgrowing.com\/wp-content\/uploads\/2024\/10\/EU-LQ-GWA-1G-F.jpg","contentUrl":"https:\/\/universalgrowing.com\/wp-content\/uploads\/2024\/10\/EU-LQ-GWA-1G-F.jpg","width":1200,"height":1200},{"@type":"BreadcrumbList","@id":"https:\/\/universalgrowing.com\/shop\/fertilizantes\/grow-a\/#breadcrumb","itemListElement":[{"@type":"ListItem","position":1,"name":"Portada","item":"https:\/\/universalgrowing.com\/"},{"@type":"ListItem","position":2,"name":"Shop","item":"https:\/\/universalgrowing.com\/shop\/"},{"@type":"ListItem","position":3,"name":"Athena Grow A 1GAL"}]},{"@type":"WebSite","@id":"https:\/\/universalgrowing.com\/#website","url":"https:\/\/universalgrowing.com\/","name":"Universal Growing","description":"","publisher":{"@id":"https:\/\/universalgrowing.com\/#organization"},"potentialAction":[{"@type":"SearchAction","target":{"@type":"EntryPoint","urlTemplate":"https:\/\/universalgrowing.com\/?s={search_term_string}"},"query-input":{"@type":"PropertyValueSpecification","valueRequired":true,"valueName":"search_term_string"}}],"inLanguage":"en-US"},{"@type":"Organization","@id":"https:\/\/universalgrowing.com\/#organization","name":"Universal Growing","url":"https:\/\/universalgrowing.com\/","logo":{"@type":"ImageObject","inLanguage":"en-US","@id":"https:\/\/universalgrowing.com\/#\/schema\/logo\/image\/","url":"https:\/\/universalgrowing.com\/wp-content\/uploads\/2024\/10\/UG_3.png","contentUrl":"https:\/\/universalgrowing.com\/wp-content\/uploads\/2024\/10\/UG_3.png","width":1837,"height":535,"caption":"Universal Growing"},"image":{"@id":"https:\/\/universalgrowing.com\/#\/schema\/logo\/image\/"}}]},"product_price_currency":"USD","og_availability":"instock","product_availability":"instock","product_retailer_item_id":"850038693060","product_condition":"new"},"acf":[],"_links":{"self":[{"href":"https:\/\/universalgrowing.com\/en\/wp-json\/wp\/v2\/product\/1413","targetHints":{"allow":["GET"]}}],"collection":[{"href":"https:\/\/universalgrowing.com\/en\/wp-json\/wp\/v2\/product"}],"about":[{"href":"https:\/\/universalgrowing.com\/en\/wp-json\/wp\/v2\/types\/product"}],"replies":[{"embeddable":true,"href":"https:\/\/universalgrowing.com\/en\/wp-json\/wp\/v2\/comments?post=1413"}],"wp:featuredmedia":[{"embeddable":true,"href":"https:\/\/universalgrowing.com\/en\/wp-json\/wp\/v2\/media\/2751"}],"wp:attachment":[{"href":"https:\/\/universalgrowing.com\/en\/wp-json\/wp\/v2\/media?parent=1413"}],"wp:term":[{"taxonomy":"product_brand","embeddable":true,"href":"https:\/\/universalgrowing.com\/en\/wp-json\/wp\/v2\/product_brand?post=1413"},{"taxonomy":"product_cat","embeddable":true,"href":"https:\/\/universalgrowing.com\/en\/wp-json\/wp\/v2\/product_cat?post=1413"},{"taxonomy":"product_tag","embeddable":true,"href":"https:\/\/universalgrowing.com\/en\/wp-json\/wp\/v2\/product_tag?post=1413"}],"curies":[{"name":"wp","href":"https:\/\/api.w.org\/{rel}","templated":true}]}}