{"id":1419,"date":"2024-10-24T03:48:46","date_gmt":"2024-10-24T03:48:46","guid":{"rendered":"https:\/\/azure-caterpillar-897541.hostingersite.com\/?post_type=product&#038;p=1419"},"modified":"2025-06-02T19:09:40","modified_gmt":"2025-06-02T19:09:40","slug":"fade","status":"publish","type":"product","link":"https:\/\/universalgrowing.com\/en\/shop\/fertilizantes\/fade\/","title":{"rendered":"Athena Fade 1GAL"},"content":{"rendered":"<p data-mce-fragment=\"1\">Fade es un enjuague final sin nitr\u00f3geno que proporciona a tus plantas los nutrientes inm\u00f3viles que necesitan (calcio y microelementos) para asegurarse de que no pasen hambre durante la etapa cr\u00edtica de maduraci\u00f3n.<\/p>\n<p data-mce-fragment=\"1\">El exceso de nitr\u00f3geno se sabe que retrasa la maduraci\u00f3n de las flores y es importante reducir o incluso eliminar el nitr\u00f3geno al final del ciclo de floraci\u00f3n para fomentar la maduraci\u00f3n del cultivo y mejorar la calidad de las flores.<\/p>\n<p data-mce-fragment=\"1\">Despu\u00e9s de extensas pruebas, hemos descubierto que el uso de Fade con Pro Bloom durante las \u00faltimas 3 semanas de floraci\u00f3n aument\u00f3 la producci\u00f3n total de cannabinoides y terpenos sin aumentar el riesgo de deficiencias y podredumbre de los cogollos.<\/p>\n<p data-mce-fragment=\"1\">Caracter\u00edsticas de Fade:<\/p>\n<ul data-mce-fragment=\"1\">\n<li data-mce-fragment=\"1\">Potenciador final sin nitr\u00f3geno.<\/li>\n<li data-mce-fragment=\"1\">Contiene niveles \u00f3ptimos de calcio y microelementos para el acabado.<\/li>\n<li data-mce-fragment=\"1\">Mismo \u00edndice de diluci\u00f3n l\u00edquida que Pro Core (a raz\u00f3n de 2 libras por gal\u00f3n concentrado).<\/li>\n<li data-mce-fragment=\"1\">Sustituye a Pro Core durante las \u00faltimas 3 semanas de floraci\u00f3n.<\/li>\n<\/ul>\n<p data-mce-fragment=\"1\">Tasas de aplicaci\u00f3n: A\u00f1ade de 10 a 16 ml de Fade por gal\u00f3n de agua durante las \u00faltimas 3 semanas de la fase de floraci\u00f3n.<\/p>\n<p data-mce-fragment=\"1\">Consulta las Programaciones de Alimentaci\u00f3n para recomendaciones espec\u00edficas de aplicaci\u00f3n.<\/p>\n<p data-mce-fragment=\"1\">Mejores pr\u00e1cticas:<\/p>\n<ul data-mce-fragment=\"1\">\n<li data-mce-fragment=\"1\">Agitar bien antes de usar.<\/li>\n<li data-mce-fragment=\"1\">Utilizar instrumentos de medici\u00f3n limpios; no introducir nada en la botella.<\/li>\n<li data-mce-fragment=\"1\">Controlar regularmente la conductividad el\u00e9ctrica (EC) y ajustar seg\u00fan corresponda seg\u00fan el cultivo y la etapa de crecimiento.<\/li>\n<li data-mce-fragment=\"1\">Ajustar el pH a los niveles adecuados despu\u00e9s de mezclar todos los fertilizantes y aditivos.<\/li>\n<li data-mce-fragment=\"1\">No combinar en forma no diluida.<\/li>\n<li data-mce-fragment=\"1\">Almacenar cerrado en el envase original a una temperatura entre 45 \u00b0F y 85 \u00b0F (aproximadamente entre\u00a0<span data-mce-fragment=\"1\">7,2 \u00b0C y 29,4 \u00b0C).<\/span><\/li>\n<\/ul>","protected":false},"excerpt":{"rendered":"<p>Fade es un enjuague final sin nitr\u00f3geno que proporciona a tus plantas los nutrientes inm\u00f3viles que necesitan (calcio y microelementos) para asegurarse de que no pasen hambre durante la etapa cr\u00edtica de maduraci\u00f3n. El exceso de nitr\u00f3geno se sabe que retrasa la maduraci\u00f3n de las flores y es importante reducir o incluso eliminar el nitr\u00f3geno [&hellip;]<\/p>","protected":false},"featured_media":762,"comment_status":"open","ping_status":"closed","template":"","meta":{"_acf_changed":false,"content-type":"","_joinchat":[]},"product_brand":[],"product_cat":[53],"product_tag":[59],"class_list":{"0":"post-1419","1":"product","2":"type-product","3":"status-publish","4":"has-post-thumbnail","6":"product_cat-fertilizantes","7":"product_tag-blended-line","9":"first","10":"instock","11":"shipping-taxable","12":"product-type-simple"},"yoast_head":"<!-- This site is optimized with the Yoast SEO Premium plugin v26.5 (Yoast SEO v26.5) - https:\/\/yoast.com\/wordpress\/plugins\/seo\/ -->\n<title>Athena Fade 1GAL - Universal Growing<\/title>\n<meta name=\"robots\" content=\"index, follow, max-snippet:-1, max-image-preview:large, max-video-preview:-1\" \/>\n<link rel=\"canonical\" href=\"https:\/\/universalgrowing.com\/en\/shop\/fertilizantes\/fade\/\" \/>\n<meta property=\"og:locale\" content=\"en_US\" \/>\n<meta property=\"og:type\" content=\"article\" \/>\n<meta property=\"og:title\" content=\"Athena Fade 1GAL\" \/>\n<meta property=\"og:description\" content=\"Fade es un enjuague final sin nitr\u00f3geno que proporciona a tus plantas los nutrientes inm\u00f3viles que necesitan (calcio y microelementos) para asegurarse de que no pasen hambre durante la etapa cr\u00edtica de maduraci\u00f3n. El exceso de nitr\u00f3geno se sabe que retrasa la maduraci\u00f3n de las flores y es importante reducir o incluso eliminar el nitr\u00f3geno [&hellip;]\" \/>\n<meta property=\"og:url\" content=\"https:\/\/universalgrowing.com\/en\/shop\/fertilizantes\/fade\/\" \/>\n<meta property=\"og:site_name\" content=\"Universal Growing\" \/>\n<meta property=\"article:modified_time\" content=\"2025-06-02T19:09:40+00:00\" \/>\n<meta property=\"og:image\" content=\"https:\/\/universalgrowing.com\/wp-content\/uploads\/2024\/09\/Fade1Gal.jpg\" \/>\n\t<meta property=\"og:image:width\" content=\"800\" \/>\n\t<meta property=\"og:image:height\" content=\"800\" \/>\n\t<meta property=\"og:image:type\" content=\"image\/jpeg\" \/>\n<meta name=\"twitter:card\" content=\"summary_large_image\" \/>\n<meta name=\"twitter:label1\" content=\"Price\" \/>\n\t<meta name=\"twitter:data1\" content=\"\" \/>\n\t<meta name=\"twitter:label2\" content=\"Availability\" \/>\n\t<meta name=\"twitter:data2\" content=\"In stock\" \/>\n<script type=\"application\/ld+json\" class=\"yoast-schema-graph\">{\"@context\":\"https:\/\/schema.org\",\"@graph\":[{\"@type\":\"WebPage\",\"@id\":\"https:\/\/universalgrowing.com\/shop\/fertilizantes\/fade\/\",\"url\":\"https:\/\/universalgrowing.com\/shop\/fertilizantes\/fade\/\",\"name\":\"Athena Fade 1GAL - Universal Growing\",\"isPartOf\":{\"@id\":\"https:\/\/universalgrowing.com\/#website\"},\"primaryImageOfPage\":{\"@id\":\"https:\/\/universalgrowing.com\/shop\/fertilizantes\/fade\/#primaryimage\"},\"image\":{\"@id\":\"https:\/\/universalgrowing.com\/shop\/fertilizantes\/fade\/#primaryimage\"},\"thumbnailUrl\":\"https:\/\/universalgrowing.com\/wp-content\/uploads\/2024\/09\/Fade1Gal.jpg\",\"datePublished\":\"2024-10-24T03:48:46+00:00\",\"dateModified\":\"2025-06-02T19:09:40+00:00\",\"breadcrumb\":{\"@id\":\"https:\/\/universalgrowing.com\/shop\/fertilizantes\/fade\/#breadcrumb\"},\"inLanguage\":\"en-US\",\"potentialAction\":[{\"@type\":\"ReadAction\",\"target\":[\"https:\/\/universalgrowing.com\/shop\/fertilizantes\/fade\/\"]}]},{\"@type\":\"ImageObject\",\"inLanguage\":\"en-US\",\"@id\":\"https:\/\/universalgrowing.com\/shop\/fertilizantes\/fade\/#primaryimage\",\"url\":\"https:\/\/universalgrowing.com\/wp-content\/uploads\/2024\/09\/Fade1Gal.jpg\",\"contentUrl\":\"https:\/\/universalgrowing.com\/wp-content\/uploads\/2024\/09\/Fade1Gal.jpg\",\"width\":800,\"height\":800},{\"@type\":\"BreadcrumbList\",\"@id\":\"https:\/\/universalgrowing.com\/shop\/fertilizantes\/fade\/#breadcrumb\",\"itemListElement\":[{\"@type\":\"ListItem\",\"position\":1,\"name\":\"Portada\",\"item\":\"https:\/\/universalgrowing.com\/\"},{\"@type\":\"ListItem\",\"position\":2,\"name\":\"Shop\",\"item\":\"https:\/\/universalgrowing.com\/shop\/\"},{\"@type\":\"ListItem\",\"position\":3,\"name\":\"Athena Fade 1GAL\"}]},{\"@type\":\"WebSite\",\"@id\":\"https:\/\/universalgrowing.com\/#website\",\"url\":\"https:\/\/universalgrowing.com\/\",\"name\":\"Universal Growing\",\"description\":\"\",\"publisher\":{\"@id\":\"https:\/\/universalgrowing.com\/#organization\"},\"potentialAction\":[{\"@type\":\"SearchAction\",\"target\":{\"@type\":\"EntryPoint\",\"urlTemplate\":\"https:\/\/universalgrowing.com\/?s={search_term_string}\"},\"query-input\":{\"@type\":\"PropertyValueSpecification\",\"valueRequired\":true,\"valueName\":\"search_term_string\"}}],\"inLanguage\":\"en-US\"},{\"@type\":\"Organization\",\"@id\":\"https:\/\/universalgrowing.com\/#organization\",\"name\":\"Universal Growing\",\"url\":\"https:\/\/universalgrowing.com\/\",\"logo\":{\"@type\":\"ImageObject\",\"inLanguage\":\"en-US\",\"@id\":\"https:\/\/universalgrowing.com\/#\/schema\/logo\/image\/\",\"url\":\"https:\/\/universalgrowing.com\/wp-content\/uploads\/2024\/10\/UG_3.png\",\"contentUrl\":\"https:\/\/universalgrowing.com\/wp-content\/uploads\/2024\/10\/UG_3.png\",\"width\":1837,\"height\":535,\"caption\":\"Universal Growing\"},\"image\":{\"@id\":\"https:\/\/universalgrowing.com\/#\/schema\/logo\/image\/\"}}]}<\/script>\n<meta property=\"product:price:currency\" content=\"USD\" \/>\n<meta property=\"og:availability\" content=\"instock\" \/>\n<meta property=\"product:availability\" content=\"instock\" \/>\n<meta property=\"product:retailer_item_id\" content=\"850038693862\" \/>\n<meta property=\"product:condition\" content=\"new\" \/>\n<!-- \/ Yoast SEO Premium plugin. -->","yoast_head_json":{"title":"Athena Fade 1GAL - Universal Growing","robots":{"index":"index","follow":"follow","max-snippet":"max-snippet:-1","max-image-preview":"max-image-preview:large","max-video-preview":"max-video-preview:-1"},"canonical":"https:\/\/universalgrowing.com\/en\/shop\/fertilizantes\/fade\/","og_locale":"en_US","og_type":"article","og_title":"Athena Fade 1GAL","og_description":"Fade es un enjuague final sin nitr\u00f3geno que proporciona a tus plantas los nutrientes inm\u00f3viles que necesitan (calcio y microelementos) para asegurarse de que no pasen hambre durante la etapa cr\u00edtica de maduraci\u00f3n. El exceso de nitr\u00f3geno se sabe que retrasa la maduraci\u00f3n de las flores y es importante reducir o incluso eliminar el nitr\u00f3geno [&hellip;]","og_url":"https:\/\/universalgrowing.com\/en\/shop\/fertilizantes\/fade\/","og_site_name":"Universal Growing","article_modified_time":"2025-06-02T19:09:40+00:00","og_image":[{"width":800,"height":800,"url":"https:\/\/universalgrowing.com\/wp-content\/uploads\/2024\/09\/Fade1Gal.jpg","type":"image\/jpeg"}],"twitter_card":"summary_large_image","twitter_misc":{"Price":"","Availability":"In stock"},"schema":{"@context":"https:\/\/schema.org","@graph":[{"@type":"WebPage","@id":"https:\/\/universalgrowing.com\/shop\/fertilizantes\/fade\/","url":"https:\/\/universalgrowing.com\/shop\/fertilizantes\/fade\/","name":"Athena Fade 1GAL - Universal Growing","isPartOf":{"@id":"https:\/\/universalgrowing.com\/#website"},"primaryImageOfPage":{"@id":"https:\/\/universalgrowing.com\/shop\/fertilizantes\/fade\/#primaryimage"},"image":{"@id":"https:\/\/universalgrowing.com\/shop\/fertilizantes\/fade\/#primaryimage"},"thumbnailUrl":"https:\/\/universalgrowing.com\/wp-content\/uploads\/2024\/09\/Fade1Gal.jpg","datePublished":"2024-10-24T03:48:46+00:00","dateModified":"2025-06-02T19:09:40+00:00","breadcrumb":{"@id":"https:\/\/universalgrowing.com\/shop\/fertilizantes\/fade\/#breadcrumb"},"inLanguage":"en-US","potentialAction":[{"@type":"ReadAction","target":["https:\/\/universalgrowing.com\/shop\/fertilizantes\/fade\/"]}]},{"@type":"ImageObject","inLanguage":"en-US","@id":"https:\/\/universalgrowing.com\/shop\/fertilizantes\/fade\/#primaryimage","url":"https:\/\/universalgrowing.com\/wp-content\/uploads\/2024\/09\/Fade1Gal.jpg","contentUrl":"https:\/\/universalgrowing.com\/wp-content\/uploads\/2024\/09\/Fade1Gal.jpg","width":800,"height":800},{"@type":"BreadcrumbList","@id":"https:\/\/universalgrowing.com\/shop\/fertilizantes\/fade\/#breadcrumb","itemListElement":[{"@type":"ListItem","position":1,"name":"Portada","item":"https:\/\/universalgrowing.com\/"},{"@type":"ListItem","position":2,"name":"Shop","item":"https:\/\/universalgrowing.com\/shop\/"},{"@type":"ListItem","position":3,"name":"Athena Fade 1GAL"}]},{"@type":"WebSite","@id":"https:\/\/universalgrowing.com\/#website","url":"https:\/\/universalgrowing.com\/","name":"Universal Growing","description":"","publisher":{"@id":"https:\/\/universalgrowing.com\/#organization"},"potentialAction":[{"@type":"SearchAction","target":{"@type":"EntryPoint","urlTemplate":"https:\/\/universalgrowing.com\/?s={search_term_string}"},"query-input":{"@type":"PropertyValueSpecification","valueRequired":true,"valueName":"search_term_string"}}],"inLanguage":"en-US"},{"@type":"Organization","@id":"https:\/\/universalgrowing.com\/#organization","name":"Universal Growing","url":"https:\/\/universalgrowing.com\/","logo":{"@type":"ImageObject","inLanguage":"en-US","@id":"https:\/\/universalgrowing.com\/#\/schema\/logo\/image\/","url":"https:\/\/universalgrowing.com\/wp-content\/uploads\/2024\/10\/UG_3.png","contentUrl":"https:\/\/universalgrowing.com\/wp-content\/uploads\/2024\/10\/UG_3.png","width":1837,"height":535,"caption":"Universal Growing"},"image":{"@id":"https:\/\/universalgrowing.com\/#\/schema\/logo\/image\/"}}]},"product_price_currency":"USD","og_availability":"instock","product_availability":"instock","product_retailer_item_id":"850038693862","product_condition":"new"},"acf":[],"_links":{"self":[{"href":"https:\/\/universalgrowing.com\/en\/wp-json\/wp\/v2\/product\/1419","targetHints":{"allow":["GET"]}}],"collection":[{"href":"https:\/\/universalgrowing.com\/en\/wp-json\/wp\/v2\/product"}],"about":[{"href":"https:\/\/universalgrowing.com\/en\/wp-json\/wp\/v2\/types\/product"}],"replies":[{"embeddable":true,"href":"https:\/\/universalgrowing.com\/en\/wp-json\/wp\/v2\/comments?post=1419"}],"wp:featuredmedia":[{"embeddable":true,"href":"https:\/\/universalgrowing.com\/en\/wp-json\/wp\/v2\/media\/762"}],"wp:attachment":[{"href":"https:\/\/universalgrowing.com\/en\/wp-json\/wp\/v2\/media?parent=1419"}],"wp:term":[{"taxonomy":"product_brand","embeddable":true,"href":"https:\/\/universalgrowing.com\/en\/wp-json\/wp\/v2\/product_brand?post=1419"},{"taxonomy":"product_cat","embeddable":true,"href":"https:\/\/universalgrowing.com\/en\/wp-json\/wp\/v2\/product_cat?post=1419"},{"taxonomy":"product_tag","embeddable":true,"href":"https:\/\/universalgrowing.com\/en\/wp-json\/wp\/v2\/product_tag?post=1419"}],"curies":[{"name":"wp","href":"https:\/\/api.w.org\/{rel}","templated":true}]}}