{"id":1424,"date":"2024-10-24T03:48:47","date_gmt":"2024-10-24T03:48:47","guid":{"rendered":"https:\/\/azure-caterpillar-897541.hostingersite.com\/?post_type=product&#038;p=1424"},"modified":"2025-06-02T19:07:09","modified_gmt":"2025-06-02T19:07:09","slug":"cleanse","status":"publish","type":"product","link":"https:\/\/universalgrowing.com\/en\/shop\/fertilizantes\/cleanse\/","title":{"rendered":"Athena Cleanse 1GAL"},"content":{"rendered":"<p data-mce-fragment=\"1\">Athena Cleanse est\u00e1 hecho de \u00e1cido hipocloroso. Este \u00e1cido suave se deriva de la sal y un proceso de tratamiento electroqu\u00edmico patentado. El resultado es una sustancia qu\u00edmica \u00fanica con poderosas propiedades oxidativas que se pueden utilizar para reducir la acumulaci\u00f3n de minerales en los sistemas de riego.<\/p>\n<p data-mce-fragment=\"1\">Caracter\u00edsticas clave:<\/p>\n<ul data-mce-fragment=\"1\">\n<li data-mce-fragment=\"1\">No t\u00f3xico y no nutritivo.<\/li>\n<li data-mce-fragment=\"1\">Funciona para descalcificar los sistemas de riego.<\/li>\n<li data-mce-fragment=\"1\">Efectivo para eliminar la acumulaci\u00f3n de minerales (escala) en las l\u00edneas de riego.<\/li>\n<li data-mce-fragment=\"1\">Muy bajo TDS (s\u00f3lidos totales disueltos) &#8211; No desequilibra los minerales.<\/li>\n<li data-mce-fragment=\"1\">Mantiene el sistema de riego m\u00e1s limpio y funcionando de manera eficiente durante m\u00e1s tiempo.<\/li>\n<\/ul>\n<p data-mce-fragment=\"1\">C\u00f3mo utilizar:<\/p>\n<p data-mce-fragment=\"1\">Mantenimiento del sistema: Los sistemas de riego que se mantienen regularmente con el tratamiento de Athena Cleanse durar\u00e1n m\u00e1s y funcionar\u00e1n de manera m\u00e1s \u00f3ptima. Esto se debe a que Cleanse ayuda a descomponer la escala mineral y otros dep\u00f3sitos que se han acumulado en el sistema.<\/p>\n<p data-mce-fragment=\"1\">Uso regular: Utiliza una mezcla diluida de 2-5 mL por gal\u00f3n de agua para el mantenimiento regular.<\/p>\n<p data-mce-fragment=\"1\">Condiciones severas: Aumenta la cantidad a 5-10 mL por gal\u00f3n de agua para combatir condiciones severas en el dep\u00f3sito y el medio de cultivo.<\/p>\n<p data-mce-fragment=\"1\">Sistemas RDWC y otros sistemas de hidropon\u00eda de recirculaci\u00f3n: Cualquier sistema de riego de recirculaci\u00f3n o cultivo en agua profunda (DWC) debe usar Athena Cleanse para eliminar los residuos minerales y reducir la acumulaci\u00f3n de escala. El uso de Cleanse en un sistema de recirculaci\u00f3n o DWC ayuda a descomponer materiales con calificaciones de solubilidad m\u00e1s bajas, como complejos minerales que ya no est\u00e1n disponibles para las plantas. La acumulaci\u00f3n de minerales y el bloqueo son las principales causas de deficiencias de nutrientes, y estos problemas se pueden resolver con Athena Cleanse.<\/p>","protected":false},"excerpt":{"rendered":"<p>Athena Cleanse est\u00e1 hecho de \u00e1cido hipocloroso. Este \u00e1cido suave se deriva de la sal y un proceso de tratamiento electroqu\u00edmico patentado. El resultado es una sustancia qu\u00edmica \u00fanica con poderosas propiedades oxidativas que se pueden utilizar para reducir la acumulaci\u00f3n de minerales en los sistemas de riego. Caracter\u00edsticas clave: No t\u00f3xico y no nutritivo. [&hellip;]<\/p>","protected":false},"featured_media":2744,"comment_status":"open","ping_status":"closed","template":"","meta":{"_acf_changed":false,"content-type":"","_joinchat":[]},"product_brand":[],"product_cat":[53],"product_tag":[59],"class_list":{"0":"post-1424","1":"product","2":"type-product","3":"status-publish","4":"has-post-thumbnail","6":"product_cat-fertilizantes","7":"product_tag-blended-line","9":"first","10":"instock","11":"shipping-taxable","12":"product-type-simple"},"yoast_head":"<!-- This site is optimized with the Yoast SEO Premium plugin v26.5 (Yoast SEO v27.4) - https:\/\/yoast.com\/product\/yoast-seo-premium-wordpress\/ -->\n<title>Athena Cleanse 1GAL - Universal Growing<\/title>\n<meta name=\"robots\" content=\"index, follow, max-snippet:-1, max-image-preview:large, max-video-preview:-1\" \/>\n<link rel=\"canonical\" href=\"https:\/\/universalgrowing.com\/en\/shop\/fertilizantes\/cleanse\/\" \/>\n<meta property=\"og:locale\" content=\"en_US\" \/>\n<meta property=\"og:type\" content=\"article\" \/>\n<meta property=\"og:title\" content=\"Athena Cleanse 1GAL\" \/>\n<meta property=\"og:description\" content=\"Athena Cleanse est\u00e1 hecho de \u00e1cido hipocloroso. Este \u00e1cido suave se deriva de la sal y un proceso de tratamiento electroqu\u00edmico patentado. El resultado es una sustancia qu\u00edmica \u00fanica con poderosas propiedades oxidativas que se pueden utilizar para reducir la acumulaci\u00f3n de minerales en los sistemas de riego. Caracter\u00edsticas clave: No t\u00f3xico y no nutritivo. [&hellip;]\" \/>\n<meta property=\"og:url\" content=\"https:\/\/universalgrowing.com\/en\/shop\/fertilizantes\/cleanse\/\" \/>\n<meta property=\"og:site_name\" content=\"Universal Growing\" \/>\n<meta property=\"article:modified_time\" content=\"2025-06-02T19:07:09+00:00\" \/>\n<meta property=\"og:image\" content=\"https:\/\/universalgrowing.com\/wp-content\/uploads\/2024\/10\/EU-LQ-CL-1G-F.jpg\" \/>\n\t<meta property=\"og:image:width\" content=\"1200\" \/>\n\t<meta property=\"og:image:height\" content=\"1200\" \/>\n\t<meta property=\"og:image:type\" content=\"image\/jpeg\" \/>\n<meta name=\"twitter:card\" content=\"summary_large_image\" \/>\n<meta name=\"twitter:label1\" content=\"Price\" \/>\n\t<meta name=\"twitter:data1\" content=\"\" \/>\n\t<meta name=\"twitter:label2\" content=\"Availability\" \/>\n\t<meta name=\"twitter:data2\" content=\"In stock\" \/>\n<script type=\"application\/ld+json\" class=\"yoast-schema-graph\">{\"@context\":\"https:\\\/\\\/schema.org\",\"@graph\":[{\"@type\":\"WebPage\",\"@id\":\"https:\\\/\\\/universalgrowing.com\\\/shop\\\/fertilizantes\\\/cleanse\\\/\",\"url\":\"https:\\\/\\\/universalgrowing.com\\\/shop\\\/fertilizantes\\\/cleanse\\\/\",\"name\":\"Athena Cleanse 1GAL - Universal Growing\",\"isPartOf\":{\"@id\":\"https:\\\/\\\/universalgrowing.com\\\/#website\"},\"primaryImageOfPage\":{\"@id\":\"https:\\\/\\\/universalgrowing.com\\\/shop\\\/fertilizantes\\\/cleanse\\\/#primaryimage\"},\"image\":{\"@id\":\"https:\\\/\\\/universalgrowing.com\\\/shop\\\/fertilizantes\\\/cleanse\\\/#primaryimage\"},\"thumbnailUrl\":\"https:\\\/\\\/universalgrowing.com\\\/wp-content\\\/uploads\\\/2024\\\/10\\\/EU-LQ-CL-1G-F.jpg\",\"datePublished\":\"2024-10-24T03:48:47+00:00\",\"dateModified\":\"2025-06-02T19:07:09+00:00\",\"breadcrumb\":{\"@id\":\"https:\\\/\\\/universalgrowing.com\\\/shop\\\/fertilizantes\\\/cleanse\\\/#breadcrumb\"},\"inLanguage\":\"en-US\",\"potentialAction\":[{\"@type\":\"ReadAction\",\"target\":[\"https:\\\/\\\/universalgrowing.com\\\/shop\\\/fertilizantes\\\/cleanse\\\/\"]}]},{\"@type\":\"ImageObject\",\"inLanguage\":\"en-US\",\"@id\":\"https:\\\/\\\/universalgrowing.com\\\/shop\\\/fertilizantes\\\/cleanse\\\/#primaryimage\",\"url\":\"https:\\\/\\\/universalgrowing.com\\\/wp-content\\\/uploads\\\/2024\\\/10\\\/EU-LQ-CL-1G-F.jpg\",\"contentUrl\":\"https:\\\/\\\/universalgrowing.com\\\/wp-content\\\/uploads\\\/2024\\\/10\\\/EU-LQ-CL-1G-F.jpg\",\"width\":1200,\"height\":1200},{\"@type\":\"BreadcrumbList\",\"@id\":\"https:\\\/\\\/universalgrowing.com\\\/shop\\\/fertilizantes\\\/cleanse\\\/#breadcrumb\",\"itemListElement\":[{\"@type\":\"ListItem\",\"position\":1,\"name\":\"Portada\",\"item\":\"https:\\\/\\\/universalgrowing.com\\\/\"},{\"@type\":\"ListItem\",\"position\":2,\"name\":\"Shop\",\"item\":\"https:\\\/\\\/universalgrowing.com\\\/shop\\\/\"},{\"@type\":\"ListItem\",\"position\":3,\"name\":\"Athena Cleanse 1GAL\"}]},{\"@type\":\"WebSite\",\"@id\":\"https:\\\/\\\/universalgrowing.com\\\/#website\",\"url\":\"https:\\\/\\\/universalgrowing.com\\\/\",\"name\":\"Universal Growing\",\"description\":\"\",\"publisher\":{\"@id\":\"https:\\\/\\\/universalgrowing.com\\\/#organization\"},\"potentialAction\":[{\"@type\":\"SearchAction\",\"target\":{\"@type\":\"EntryPoint\",\"urlTemplate\":\"https:\\\/\\\/universalgrowing.com\\\/?s={search_term_string}\"},\"query-input\":{\"@type\":\"PropertyValueSpecification\",\"valueRequired\":true,\"valueName\":\"search_term_string\"}}],\"inLanguage\":\"en-US\"},{\"@type\":\"Organization\",\"@id\":\"https:\\\/\\\/universalgrowing.com\\\/#organization\",\"name\":\"Universal Growing\",\"url\":\"https:\\\/\\\/universalgrowing.com\\\/\",\"logo\":{\"@type\":\"ImageObject\",\"inLanguage\":\"en-US\",\"@id\":\"https:\\\/\\\/universalgrowing.com\\\/#\\\/schema\\\/logo\\\/image\\\/\",\"url\":\"https:\\\/\\\/universalgrowing.com\\\/wp-content\\\/uploads\\\/2024\\\/10\\\/UG_3.png\",\"contentUrl\":\"https:\\\/\\\/universalgrowing.com\\\/wp-content\\\/uploads\\\/2024\\\/10\\\/UG_3.png\",\"width\":1837,\"height\":535,\"caption\":\"Universal Growing\"},\"image\":{\"@id\":\"https:\\\/\\\/universalgrowing.com\\\/#\\\/schema\\\/logo\\\/image\\\/\"}}]}<\/script>\n<meta property=\"product:price:currency\" content=\"USD\" \/>\n<meta property=\"og:availability\" content=\"instock\" \/>\n<meta property=\"product:availability\" content=\"instock\" \/>\n<meta property=\"product:retailer_item_id\" content=\"850038693206\" \/>\n<meta property=\"product:condition\" content=\"new\" \/>\n<!-- \/ Yoast SEO Premium plugin. -->","yoast_head_json":{"title":"Athena Cleanse 1GAL - Universal Growing","robots":{"index":"index","follow":"follow","max-snippet":"max-snippet:-1","max-image-preview":"max-image-preview:large","max-video-preview":"max-video-preview:-1"},"canonical":"https:\/\/universalgrowing.com\/en\/shop\/fertilizantes\/cleanse\/","og_locale":"en_US","og_type":"article","og_title":"Athena Cleanse 1GAL","og_description":"Athena Cleanse est\u00e1 hecho de \u00e1cido hipocloroso. Este \u00e1cido suave se deriva de la sal y un proceso de tratamiento electroqu\u00edmico patentado. El resultado es una sustancia qu\u00edmica \u00fanica con poderosas propiedades oxidativas que se pueden utilizar para reducir la acumulaci\u00f3n de minerales en los sistemas de riego. Caracter\u00edsticas clave: No t\u00f3xico y no nutritivo. [&hellip;]","og_url":"https:\/\/universalgrowing.com\/en\/shop\/fertilizantes\/cleanse\/","og_site_name":"Universal Growing","article_modified_time":"2025-06-02T19:07:09+00:00","og_image":[{"width":1200,"height":1200,"url":"https:\/\/universalgrowing.com\/wp-content\/uploads\/2024\/10\/EU-LQ-CL-1G-F.jpg","type":"image\/jpeg"}],"twitter_card":"summary_large_image","twitter_misc":{"Price":"","Availability":"In stock"},"schema":{"@context":"https:\/\/schema.org","@graph":[{"@type":"WebPage","@id":"https:\/\/universalgrowing.com\/shop\/fertilizantes\/cleanse\/","url":"https:\/\/universalgrowing.com\/shop\/fertilizantes\/cleanse\/","name":"Athena Cleanse 1GAL - Universal Growing","isPartOf":{"@id":"https:\/\/universalgrowing.com\/#website"},"primaryImageOfPage":{"@id":"https:\/\/universalgrowing.com\/shop\/fertilizantes\/cleanse\/#primaryimage"},"image":{"@id":"https:\/\/universalgrowing.com\/shop\/fertilizantes\/cleanse\/#primaryimage"},"thumbnailUrl":"https:\/\/universalgrowing.com\/wp-content\/uploads\/2024\/10\/EU-LQ-CL-1G-F.jpg","datePublished":"2024-10-24T03:48:47+00:00","dateModified":"2025-06-02T19:07:09+00:00","breadcrumb":{"@id":"https:\/\/universalgrowing.com\/shop\/fertilizantes\/cleanse\/#breadcrumb"},"inLanguage":"en-US","potentialAction":[{"@type":"ReadAction","target":["https:\/\/universalgrowing.com\/shop\/fertilizantes\/cleanse\/"]}]},{"@type":"ImageObject","inLanguage":"en-US","@id":"https:\/\/universalgrowing.com\/shop\/fertilizantes\/cleanse\/#primaryimage","url":"https:\/\/universalgrowing.com\/wp-content\/uploads\/2024\/10\/EU-LQ-CL-1G-F.jpg","contentUrl":"https:\/\/universalgrowing.com\/wp-content\/uploads\/2024\/10\/EU-LQ-CL-1G-F.jpg","width":1200,"height":1200},{"@type":"BreadcrumbList","@id":"https:\/\/universalgrowing.com\/shop\/fertilizantes\/cleanse\/#breadcrumb","itemListElement":[{"@type":"ListItem","position":1,"name":"Portada","item":"https:\/\/universalgrowing.com\/"},{"@type":"ListItem","position":2,"name":"Shop","item":"https:\/\/universalgrowing.com\/shop\/"},{"@type":"ListItem","position":3,"name":"Athena Cleanse 1GAL"}]},{"@type":"WebSite","@id":"https:\/\/universalgrowing.com\/#website","url":"https:\/\/universalgrowing.com\/","name":"Universal Growing","description":"","publisher":{"@id":"https:\/\/universalgrowing.com\/#organization"},"potentialAction":[{"@type":"SearchAction","target":{"@type":"EntryPoint","urlTemplate":"https:\/\/universalgrowing.com\/?s={search_term_string}"},"query-input":{"@type":"PropertyValueSpecification","valueRequired":true,"valueName":"search_term_string"}}],"inLanguage":"en-US"},{"@type":"Organization","@id":"https:\/\/universalgrowing.com\/#organization","name":"Universal Growing","url":"https:\/\/universalgrowing.com\/","logo":{"@type":"ImageObject","inLanguage":"en-US","@id":"https:\/\/universalgrowing.com\/#\/schema\/logo\/image\/","url":"https:\/\/universalgrowing.com\/wp-content\/uploads\/2024\/10\/UG_3.png","contentUrl":"https:\/\/universalgrowing.com\/wp-content\/uploads\/2024\/10\/UG_3.png","width":1837,"height":535,"caption":"Universal Growing"},"image":{"@id":"https:\/\/universalgrowing.com\/#\/schema\/logo\/image\/"}}]},"product_price_currency":"USD","og_availability":"instock","product_availability":"instock","product_retailer_item_id":"850038693206","product_condition":"new"},"acf":[],"_links":{"self":[{"href":"https:\/\/universalgrowing.com\/en\/wp-json\/wp\/v2\/product\/1424","targetHints":{"allow":["GET"]}}],"collection":[{"href":"https:\/\/universalgrowing.com\/en\/wp-json\/wp\/v2\/product"}],"about":[{"href":"https:\/\/universalgrowing.com\/en\/wp-json\/wp\/v2\/types\/product"}],"replies":[{"embeddable":true,"href":"https:\/\/universalgrowing.com\/en\/wp-json\/wp\/v2\/comments?post=1424"}],"wp:featuredmedia":[{"embeddable":true,"href":"https:\/\/universalgrowing.com\/en\/wp-json\/wp\/v2\/media\/2744"}],"wp:attachment":[{"href":"https:\/\/universalgrowing.com\/en\/wp-json\/wp\/v2\/media?parent=1424"}],"wp:term":[{"taxonomy":"product_brand","embeddable":true,"href":"https:\/\/universalgrowing.com\/en\/wp-json\/wp\/v2\/product_brand?post=1424"},{"taxonomy":"product_cat","embeddable":true,"href":"https:\/\/universalgrowing.com\/en\/wp-json\/wp\/v2\/product_cat?post=1424"},{"taxonomy":"product_tag","embeddable":true,"href":"https:\/\/universalgrowing.com\/en\/wp-json\/wp\/v2\/product_tag?post=1424"}],"curies":[{"name":"wp","href":"https:\/\/api.w.org\/{rel}","templated":true}]}}