{"id":2288,"date":"2024-11-11T18:29:10","date_gmt":"2024-11-11T18:29:10","guid":{"rendered":"https:\/\/azure-caterpillar-897541.hostingersite.com\/?post_type=product&#038;p=2288"},"modified":"2025-06-02T19:00:16","modified_gmt":"2025-06-02T19:00:16","slug":"quest-706-50-hz","status":"publish","type":"product","link":"https:\/\/universalgrowing.com\/en\/shop\/control-de-clima\/quest-706-50-hz\/","title":{"rendered":"Quest 706 50-Hz"},"content":{"rendered":"<p><span style=\"font-weight: 400\">El deshumidificador Quest 706 50-Hz est\u00e1 dise\u00f1ado para uso industrial y agr\u00edcola, con una capacidad de extracci\u00f3n de 335 litros por d\u00eda y una eficiencia de 3.4 litros\/kWh. Funciona con un voltaje de 230V a 50 Hz y consume 18.6 amperios. Cuenta con tecnolog\u00eda de bobina patentada, filtraci\u00f3n MERV 13 y puede instalarse en el suelo o suspendido. Ofrece una amplia gama de operaci\u00f3n de temperatura y humedad. Garant\u00eda de 3 a\u00f1os.<\/span><\/p>","protected":false},"excerpt":{"rendered":"<p>El deshumidificador Quest 706 50-Hz est\u00e1 dise\u00f1ado para uso industrial y agr\u00edcola, con una capacidad de extracci\u00f3n de 335 litros por d\u00eda y una eficiencia de 3.4 litros\/kWh. Funciona con un voltaje de 230V a 50 Hz y consume 18.6 amperios. Cuenta con tecnolog\u00eda de bobina patentada, filtraci\u00f3n MERV 13 y puede instalarse en el [&hellip;]<\/p>","protected":false},"featured_media":2284,"comment_status":"open","ping_status":"closed","template":"","meta":{"_acf_changed":false,"content-type":"","_joinchat":[]},"product_brand":[],"product_cat":[67],"product_tag":[],"class_list":{"0":"post-2288","1":"product","2":"type-product","3":"status-publish","4":"has-post-thumbnail","6":"product_cat-control-de-clima","8":"first","9":"instock","10":"shipping-taxable","11":"product-type-simple"},"yoast_head":"<!-- This site is optimized with the Yoast SEO Premium plugin v26.5 (Yoast SEO v26.5) - https:\/\/yoast.com\/wordpress\/plugins\/seo\/ -->\n<title>Quest 706 50-Hz - Universal Growing<\/title>\n<meta name=\"robots\" content=\"index, follow, max-snippet:-1, max-image-preview:large, max-video-preview:-1\" \/>\n<link rel=\"canonical\" href=\"https:\/\/universalgrowing.com\/en\/shop\/control-de-clima\/quest-706-50-hz\/\" \/>\n<meta property=\"og:locale\" content=\"en_US\" \/>\n<meta property=\"og:type\" content=\"article\" \/>\n<meta property=\"og:title\" content=\"Quest 706 50-Hz\" \/>\n<meta property=\"og:description\" content=\"El deshumidificador Quest 706 50-Hz est\u00e1 dise\u00f1ado para uso industrial y agr\u00edcola, con una capacidad de extracci\u00f3n de 335 litros por d\u00eda y una eficiencia de 3.4 litros\/kWh. Funciona con un voltaje de 230V a 50 Hz y consume 18.6 amperios. Cuenta con tecnolog\u00eda de bobina patentada, filtraci\u00f3n MERV 13 y puede instalarse en el [&hellip;]\" \/>\n<meta property=\"og:url\" content=\"https:\/\/universalgrowing.com\/en\/shop\/control-de-clima\/quest-706-50-hz\/\" \/>\n<meta property=\"og:site_name\" content=\"Universal Growing\" \/>\n<meta property=\"article:modified_time\" content=\"2025-06-02T19:00:16+00:00\" \/>\n<meta property=\"og:image\" content=\"https:\/\/universalgrowing.com\/wp-content\/uploads\/2024\/11\/Quest-706-50Hz.webp\" \/>\n\t<meta property=\"og:image:width\" content=\"825\" \/>\n\t<meta property=\"og:image:height\" content=\"604\" \/>\n\t<meta property=\"og:image:type\" content=\"image\/webp\" \/>\n<meta name=\"twitter:card\" content=\"summary_large_image\" \/>\n<meta name=\"twitter:label1\" content=\"Price\" \/>\n\t<meta name=\"twitter:data1\" content=\"\" \/>\n\t<meta name=\"twitter:label2\" content=\"Availability\" \/>\n\t<meta name=\"twitter:data2\" content=\"In stock\" \/>\n<script type=\"application\/ld+json\" class=\"yoast-schema-graph\">{\"@context\":\"https:\/\/schema.org\",\"@graph\":[{\"@type\":\"WebPage\",\"@id\":\"https:\/\/universalgrowing.com\/shop\/control-de-clima\/quest-706-50-hz\/\",\"url\":\"https:\/\/universalgrowing.com\/shop\/control-de-clima\/quest-706-50-hz\/\",\"name\":\"Quest 706 50-Hz - Universal Growing\",\"isPartOf\":{\"@id\":\"https:\/\/universalgrowing.com\/#website\"},\"primaryImageOfPage\":{\"@id\":\"https:\/\/universalgrowing.com\/shop\/control-de-clima\/quest-706-50-hz\/#primaryimage\"},\"image\":{\"@id\":\"https:\/\/universalgrowing.com\/shop\/control-de-clima\/quest-706-50-hz\/#primaryimage\"},\"thumbnailUrl\":\"https:\/\/universalgrowing.com\/wp-content\/uploads\/2024\/11\/Quest-706-50Hz.webp\",\"datePublished\":\"2024-11-11T18:29:10+00:00\",\"dateModified\":\"2025-06-02T19:00:16+00:00\",\"breadcrumb\":{\"@id\":\"https:\/\/universalgrowing.com\/shop\/control-de-clima\/quest-706-50-hz\/#breadcrumb\"},\"inLanguage\":\"en-US\",\"potentialAction\":[{\"@type\":\"ReadAction\",\"target\":[\"https:\/\/universalgrowing.com\/shop\/control-de-clima\/quest-706-50-hz\/\"]}]},{\"@type\":\"ImageObject\",\"inLanguage\":\"en-US\",\"@id\":\"https:\/\/universalgrowing.com\/shop\/control-de-clima\/quest-706-50-hz\/#primaryimage\",\"url\":\"https:\/\/universalgrowing.com\/wp-content\/uploads\/2024\/11\/Quest-706-50Hz.webp\",\"contentUrl\":\"https:\/\/universalgrowing.com\/wp-content\/uploads\/2024\/11\/Quest-706-50Hz.webp\",\"width\":825,\"height\":604},{\"@type\":\"BreadcrumbList\",\"@id\":\"https:\/\/universalgrowing.com\/shop\/control-de-clima\/quest-706-50-hz\/#breadcrumb\",\"itemListElement\":[{\"@type\":\"ListItem\",\"position\":1,\"name\":\"Portada\",\"item\":\"https:\/\/universalgrowing.com\/\"},{\"@type\":\"ListItem\",\"position\":2,\"name\":\"Shop\",\"item\":\"https:\/\/universalgrowing.com\/shop\/\"},{\"@type\":\"ListItem\",\"position\":3,\"name\":\"Quest 706 50-Hz\"}]},{\"@type\":\"WebSite\",\"@id\":\"https:\/\/universalgrowing.com\/#website\",\"url\":\"https:\/\/universalgrowing.com\/\",\"name\":\"Universal Growing\",\"description\":\"\",\"publisher\":{\"@id\":\"https:\/\/universalgrowing.com\/#organization\"},\"potentialAction\":[{\"@type\":\"SearchAction\",\"target\":{\"@type\":\"EntryPoint\",\"urlTemplate\":\"https:\/\/universalgrowing.com\/?s={search_term_string}\"},\"query-input\":{\"@type\":\"PropertyValueSpecification\",\"valueRequired\":true,\"valueName\":\"search_term_string\"}}],\"inLanguage\":\"en-US\"},{\"@type\":\"Organization\",\"@id\":\"https:\/\/universalgrowing.com\/#organization\",\"name\":\"Universal Growing\",\"url\":\"https:\/\/universalgrowing.com\/\",\"logo\":{\"@type\":\"ImageObject\",\"inLanguage\":\"en-US\",\"@id\":\"https:\/\/universalgrowing.com\/#\/schema\/logo\/image\/\",\"url\":\"https:\/\/universalgrowing.com\/wp-content\/uploads\/2024\/10\/UG_3.png\",\"contentUrl\":\"https:\/\/universalgrowing.com\/wp-content\/uploads\/2024\/10\/UG_3.png\",\"width\":1837,\"height\":535,\"caption\":\"Universal Growing\"},\"image\":{\"@id\":\"https:\/\/universalgrowing.com\/#\/schema\/logo\/image\/\"}}]}<\/script>\n<meta property=\"product:price:currency\" content=\"USD\" \/>\n<meta property=\"og:availability\" content=\"instock\" \/>\n<meta property=\"product:availability\" content=\"instock\" \/>\n<meta property=\"product:retailer_item_id\" content=\"810017960903\" \/>\n<meta property=\"product:condition\" content=\"new\" \/>\n<!-- \/ Yoast SEO Premium plugin. -->","yoast_head_json":{"title":"Quest 706 50-Hz - Universal Growing","robots":{"index":"index","follow":"follow","max-snippet":"max-snippet:-1","max-image-preview":"max-image-preview:large","max-video-preview":"max-video-preview:-1"},"canonical":"https:\/\/universalgrowing.com\/en\/shop\/control-de-clima\/quest-706-50-hz\/","og_locale":"en_US","og_type":"article","og_title":"Quest 706 50-Hz","og_description":"El deshumidificador Quest 706 50-Hz est\u00e1 dise\u00f1ado para uso industrial y agr\u00edcola, con una capacidad de extracci\u00f3n de 335 litros por d\u00eda y una eficiencia de 3.4 litros\/kWh. Funciona con un voltaje de 230V a 50 Hz y consume 18.6 amperios. Cuenta con tecnolog\u00eda de bobina patentada, filtraci\u00f3n MERV 13 y puede instalarse en el [&hellip;]","og_url":"https:\/\/universalgrowing.com\/en\/shop\/control-de-clima\/quest-706-50-hz\/","og_site_name":"Universal Growing","article_modified_time":"2025-06-02T19:00:16+00:00","og_image":[{"width":825,"height":604,"url":"https:\/\/universalgrowing.com\/wp-content\/uploads\/2024\/11\/Quest-706-50Hz.webp","type":"image\/webp"}],"twitter_card":"summary_large_image","twitter_misc":{"Price":"","Availability":"In stock"},"schema":{"@context":"https:\/\/schema.org","@graph":[{"@type":"WebPage","@id":"https:\/\/universalgrowing.com\/shop\/control-de-clima\/quest-706-50-hz\/","url":"https:\/\/universalgrowing.com\/shop\/control-de-clima\/quest-706-50-hz\/","name":"Quest 706 50-Hz - Universal Growing","isPartOf":{"@id":"https:\/\/universalgrowing.com\/#website"},"primaryImageOfPage":{"@id":"https:\/\/universalgrowing.com\/shop\/control-de-clima\/quest-706-50-hz\/#primaryimage"},"image":{"@id":"https:\/\/universalgrowing.com\/shop\/control-de-clima\/quest-706-50-hz\/#primaryimage"},"thumbnailUrl":"https:\/\/universalgrowing.com\/wp-content\/uploads\/2024\/11\/Quest-706-50Hz.webp","datePublished":"2024-11-11T18:29:10+00:00","dateModified":"2025-06-02T19:00:16+00:00","breadcrumb":{"@id":"https:\/\/universalgrowing.com\/shop\/control-de-clima\/quest-706-50-hz\/#breadcrumb"},"inLanguage":"en-US","potentialAction":[{"@type":"ReadAction","target":["https:\/\/universalgrowing.com\/shop\/control-de-clima\/quest-706-50-hz\/"]}]},{"@type":"ImageObject","inLanguage":"en-US","@id":"https:\/\/universalgrowing.com\/shop\/control-de-clima\/quest-706-50-hz\/#primaryimage","url":"https:\/\/universalgrowing.com\/wp-content\/uploads\/2024\/11\/Quest-706-50Hz.webp","contentUrl":"https:\/\/universalgrowing.com\/wp-content\/uploads\/2024\/11\/Quest-706-50Hz.webp","width":825,"height":604},{"@type":"BreadcrumbList","@id":"https:\/\/universalgrowing.com\/shop\/control-de-clima\/quest-706-50-hz\/#breadcrumb","itemListElement":[{"@type":"ListItem","position":1,"name":"Portada","item":"https:\/\/universalgrowing.com\/"},{"@type":"ListItem","position":2,"name":"Shop","item":"https:\/\/universalgrowing.com\/shop\/"},{"@type":"ListItem","position":3,"name":"Quest 706 50-Hz"}]},{"@type":"WebSite","@id":"https:\/\/universalgrowing.com\/#website","url":"https:\/\/universalgrowing.com\/","name":"Universal Growing","description":"","publisher":{"@id":"https:\/\/universalgrowing.com\/#organization"},"potentialAction":[{"@type":"SearchAction","target":{"@type":"EntryPoint","urlTemplate":"https:\/\/universalgrowing.com\/?s={search_term_string}"},"query-input":{"@type":"PropertyValueSpecification","valueRequired":true,"valueName":"search_term_string"}}],"inLanguage":"en-US"},{"@type":"Organization","@id":"https:\/\/universalgrowing.com\/#organization","name":"Universal Growing","url":"https:\/\/universalgrowing.com\/","logo":{"@type":"ImageObject","inLanguage":"en-US","@id":"https:\/\/universalgrowing.com\/#\/schema\/logo\/image\/","url":"https:\/\/universalgrowing.com\/wp-content\/uploads\/2024\/10\/UG_3.png","contentUrl":"https:\/\/universalgrowing.com\/wp-content\/uploads\/2024\/10\/UG_3.png","width":1837,"height":535,"caption":"Universal Growing"},"image":{"@id":"https:\/\/universalgrowing.com\/#\/schema\/logo\/image\/"}}]},"product_price_currency":"USD","og_availability":"instock","product_availability":"instock","product_retailer_item_id":"810017960903","product_condition":"new"},"acf":[],"_links":{"self":[{"href":"https:\/\/universalgrowing.com\/en\/wp-json\/wp\/v2\/product\/2288","targetHints":{"allow":["GET"]}}],"collection":[{"href":"https:\/\/universalgrowing.com\/en\/wp-json\/wp\/v2\/product"}],"about":[{"href":"https:\/\/universalgrowing.com\/en\/wp-json\/wp\/v2\/types\/product"}],"replies":[{"embeddable":true,"href":"https:\/\/universalgrowing.com\/en\/wp-json\/wp\/v2\/comments?post=2288"}],"wp:featuredmedia":[{"embeddable":true,"href":"https:\/\/universalgrowing.com\/en\/wp-json\/wp\/v2\/media\/2284"}],"wp:attachment":[{"href":"https:\/\/universalgrowing.com\/en\/wp-json\/wp\/v2\/media?parent=2288"}],"wp:term":[{"taxonomy":"product_brand","embeddable":true,"href":"https:\/\/universalgrowing.com\/en\/wp-json\/wp\/v2\/product_brand?post=2288"},{"taxonomy":"product_cat","embeddable":true,"href":"https:\/\/universalgrowing.com\/en\/wp-json\/wp\/v2\/product_cat?post=2288"},{"taxonomy":"product_tag","embeddable":true,"href":"https:\/\/universalgrowing.com\/en\/wp-json\/wp\/v2\/product_tag?post=2288"}],"curies":[{"name":"wp","href":"https:\/\/api.w.org\/{rel}","templated":true}]}}