{"id":2298,"date":"2024-11-11T20:51:53","date_gmt":"2024-11-11T20:51:53","guid":{"rendered":"https:\/\/azure-caterpillar-897541.hostingersite.com\/?post_type=product&#038;p=2298"},"modified":"2025-06-02T18:57:32","modified_gmt":"2025-06-02T18:57:32","slug":"bluelab-conductivity-pen","status":"publish","type":"product","link":"https:\/\/universalgrowing.com\/en\/shop\/medidores-y-sensores\/bluelab-conductivity-pen\/","title":{"rendered":"Bluelab Conductivity Pen"},"content":{"rendered":"<p class=\"p1\">Una soluci\u00f3n port\u00e1til y robusta para medir conductividad y temperatura en movimiento<\/p>\n<p class=\"p1\">El Bluelab Conductivity Pen te indica de forma sencilla la cantidad de nutrientes en tu soluci\u00f3n. La conductividad se compensa autom\u00e1ticamente gracias al sensor de temperatura integrado, brindando una forma compacta, r\u00e1pida y precisa de medir dos par\u00e1metros clave para la salud de los cultivos. Combinado con nuestro Bluelab pH Pen, tienes un sistema de medici\u00f3n robusto, conveniente y preciso.<\/p>","protected":false},"excerpt":{"rendered":"<p>Una soluci\u00f3n port\u00e1til y robusta para medir conductividad y temperatura en movimiento El Bluelab Conductivity Pen te indica de forma sencilla la cantidad de nutrientes en tu soluci\u00f3n. La conductividad se compensa autom\u00e1ticamente gracias al sensor de temperatura integrado, brindando una forma compacta, r\u00e1pida y precisa de medir dos par\u00e1metros clave para la salud de [&hellip;]<\/p>","protected":false},"featured_media":2311,"comment_status":"open","ping_status":"closed","template":"","meta":{"_acf_changed":false,"content-type":"","_joinchat":[]},"product_brand":[],"product_cat":[50],"product_tag":[],"class_list":{"0":"post-2298","1":"product","2":"type-product","3":"status-publish","4":"has-post-thumbnail","6":"product_cat-medidores-y-sensores","8":"first","9":"instock","10":"shipping-taxable","11":"product-type-simple"},"yoast_head":"<!-- This site is optimized with the Yoast SEO Premium plugin v26.5 (Yoast SEO v26.5) - https:\/\/yoast.com\/wordpress\/plugins\/seo\/ -->\n<title>Bluelab Conductivity Pen - Universal Growing<\/title>\n<meta name=\"robots\" content=\"index, follow, max-snippet:-1, max-image-preview:large, max-video-preview:-1\" \/>\n<link rel=\"canonical\" href=\"https:\/\/universalgrowing.com\/en\/shop\/medidores-y-sensores\/bluelab-conductivity-pen\/\" \/>\n<meta property=\"og:locale\" content=\"en_US\" \/>\n<meta property=\"og:type\" content=\"article\" \/>\n<meta property=\"og:title\" content=\"Bluelab Conductivity Pen\" \/>\n<meta property=\"og:description\" content=\"Una soluci\u00f3n port\u00e1til y robusta para medir conductividad y temperatura en movimiento El Bluelab Conductivity Pen te indica de forma sencilla la cantidad de nutrientes en tu soluci\u00f3n. La conductividad se compensa autom\u00e1ticamente gracias al sensor de temperatura integrado, brindando una forma compacta, r\u00e1pida y precisa de medir dos par\u00e1metros clave para la salud de [&hellip;]\" \/>\n<meta property=\"og:url\" content=\"https:\/\/universalgrowing.com\/en\/shop\/medidores-y-sensores\/bluelab-conductivity-pen\/\" \/>\n<meta property=\"og:site_name\" content=\"Universal Growing\" \/>\n<meta property=\"article:modified_time\" content=\"2025-06-02T18:57:32+00:00\" \/>\n<meta property=\"og:image\" content=\"https:\/\/universalgrowing.com\/wp-content\/uploads\/2024\/11\/Conductivity-Pen.png\" \/>\n\t<meta property=\"og:image:width\" content=\"600\" \/>\n\t<meta property=\"og:image:height\" content=\"600\" \/>\n\t<meta property=\"og:image:type\" content=\"image\/png\" \/>\n<meta name=\"twitter:card\" content=\"summary_large_image\" \/>\n<meta name=\"twitter:label1\" content=\"Price\" \/>\n\t<meta name=\"twitter:data1\" content=\"\" \/>\n\t<meta name=\"twitter:label2\" content=\"Availability\" \/>\n\t<meta name=\"twitter:data2\" content=\"In stock\" \/>\n<script type=\"application\/ld+json\" class=\"yoast-schema-graph\">{\"@context\":\"https:\/\/schema.org\",\"@graph\":[{\"@type\":\"WebPage\",\"@id\":\"https:\/\/universalgrowing.com\/shop\/medidores-y-sensores\/bluelab-conductivity-pen\/\",\"url\":\"https:\/\/universalgrowing.com\/shop\/medidores-y-sensores\/bluelab-conductivity-pen\/\",\"name\":\"Bluelab Conductivity Pen - Universal Growing\",\"isPartOf\":{\"@id\":\"https:\/\/universalgrowing.com\/#website\"},\"primaryImageOfPage\":{\"@id\":\"https:\/\/universalgrowing.com\/shop\/medidores-y-sensores\/bluelab-conductivity-pen\/#primaryimage\"},\"image\":{\"@id\":\"https:\/\/universalgrowing.com\/shop\/medidores-y-sensores\/bluelab-conductivity-pen\/#primaryimage\"},\"thumbnailUrl\":\"https:\/\/universalgrowing.com\/wp-content\/uploads\/2024\/11\/Conductivity-Pen.png\",\"datePublished\":\"2024-11-11T20:51:53+00:00\",\"dateModified\":\"2025-06-02T18:57:32+00:00\",\"breadcrumb\":{\"@id\":\"https:\/\/universalgrowing.com\/shop\/medidores-y-sensores\/bluelab-conductivity-pen\/#breadcrumb\"},\"inLanguage\":\"en-US\",\"potentialAction\":[{\"@type\":\"ReadAction\",\"target\":[\"https:\/\/universalgrowing.com\/shop\/medidores-y-sensores\/bluelab-conductivity-pen\/\"]}]},{\"@type\":\"ImageObject\",\"inLanguage\":\"en-US\",\"@id\":\"https:\/\/universalgrowing.com\/shop\/medidores-y-sensores\/bluelab-conductivity-pen\/#primaryimage\",\"url\":\"https:\/\/universalgrowing.com\/wp-content\/uploads\/2024\/11\/Conductivity-Pen.png\",\"contentUrl\":\"https:\/\/universalgrowing.com\/wp-content\/uploads\/2024\/11\/Conductivity-Pen.png\",\"width\":600,\"height\":600},{\"@type\":\"BreadcrumbList\",\"@id\":\"https:\/\/universalgrowing.com\/shop\/medidores-y-sensores\/bluelab-conductivity-pen\/#breadcrumb\",\"itemListElement\":[{\"@type\":\"ListItem\",\"position\":1,\"name\":\"Portada\",\"item\":\"https:\/\/universalgrowing.com\/\"},{\"@type\":\"ListItem\",\"position\":2,\"name\":\"Shop\",\"item\":\"https:\/\/universalgrowing.com\/shop\/\"},{\"@type\":\"ListItem\",\"position\":3,\"name\":\"Bluelab Conductivity Pen\"}]},{\"@type\":\"WebSite\",\"@id\":\"https:\/\/universalgrowing.com\/#website\",\"url\":\"https:\/\/universalgrowing.com\/\",\"name\":\"Universal Growing\",\"description\":\"\",\"publisher\":{\"@id\":\"https:\/\/universalgrowing.com\/#organization\"},\"potentialAction\":[{\"@type\":\"SearchAction\",\"target\":{\"@type\":\"EntryPoint\",\"urlTemplate\":\"https:\/\/universalgrowing.com\/?s={search_term_string}\"},\"query-input\":{\"@type\":\"PropertyValueSpecification\",\"valueRequired\":true,\"valueName\":\"search_term_string\"}}],\"inLanguage\":\"en-US\"},{\"@type\":\"Organization\",\"@id\":\"https:\/\/universalgrowing.com\/#organization\",\"name\":\"Universal Growing\",\"url\":\"https:\/\/universalgrowing.com\/\",\"logo\":{\"@type\":\"ImageObject\",\"inLanguage\":\"en-US\",\"@id\":\"https:\/\/universalgrowing.com\/#\/schema\/logo\/image\/\",\"url\":\"https:\/\/universalgrowing.com\/wp-content\/uploads\/2024\/10\/UG_3.png\",\"contentUrl\":\"https:\/\/universalgrowing.com\/wp-content\/uploads\/2024\/10\/UG_3.png\",\"width\":1837,\"height\":535,\"caption\":\"Universal Growing\"},\"image\":{\"@id\":\"https:\/\/universalgrowing.com\/#\/schema\/logo\/image\/\"}}]}<\/script>\n<meta property=\"product:price:currency\" content=\"USD\" \/>\n<meta property=\"og:availability\" content=\"instock\" \/>\n<meta property=\"product:availability\" content=\"instock\" \/>\n<meta property=\"product:retailer_item_id\" content=\"9421024920227\" \/>\n<meta property=\"product:condition\" content=\"new\" \/>\n<!-- \/ Yoast SEO Premium plugin. -->","yoast_head_json":{"title":"Bluelab Conductivity Pen - Universal Growing","robots":{"index":"index","follow":"follow","max-snippet":"max-snippet:-1","max-image-preview":"max-image-preview:large","max-video-preview":"max-video-preview:-1"},"canonical":"https:\/\/universalgrowing.com\/en\/shop\/medidores-y-sensores\/bluelab-conductivity-pen\/","og_locale":"en_US","og_type":"article","og_title":"Bluelab Conductivity Pen","og_description":"Una soluci\u00f3n port\u00e1til y robusta para medir conductividad y temperatura en movimiento El Bluelab Conductivity Pen te indica de forma sencilla la cantidad de nutrientes en tu soluci\u00f3n. La conductividad se compensa autom\u00e1ticamente gracias al sensor de temperatura integrado, brindando una forma compacta, r\u00e1pida y precisa de medir dos par\u00e1metros clave para la salud de [&hellip;]","og_url":"https:\/\/universalgrowing.com\/en\/shop\/medidores-y-sensores\/bluelab-conductivity-pen\/","og_site_name":"Universal Growing","article_modified_time":"2025-06-02T18:57:32+00:00","og_image":[{"width":600,"height":600,"url":"https:\/\/universalgrowing.com\/wp-content\/uploads\/2024\/11\/Conductivity-Pen.png","type":"image\/png"}],"twitter_card":"summary_large_image","twitter_misc":{"Price":"","Availability":"In stock"},"schema":{"@context":"https:\/\/schema.org","@graph":[{"@type":"WebPage","@id":"https:\/\/universalgrowing.com\/shop\/medidores-y-sensores\/bluelab-conductivity-pen\/","url":"https:\/\/universalgrowing.com\/shop\/medidores-y-sensores\/bluelab-conductivity-pen\/","name":"Bluelab Conductivity Pen - Universal Growing","isPartOf":{"@id":"https:\/\/universalgrowing.com\/#website"},"primaryImageOfPage":{"@id":"https:\/\/universalgrowing.com\/shop\/medidores-y-sensores\/bluelab-conductivity-pen\/#primaryimage"},"image":{"@id":"https:\/\/universalgrowing.com\/shop\/medidores-y-sensores\/bluelab-conductivity-pen\/#primaryimage"},"thumbnailUrl":"https:\/\/universalgrowing.com\/wp-content\/uploads\/2024\/11\/Conductivity-Pen.png","datePublished":"2024-11-11T20:51:53+00:00","dateModified":"2025-06-02T18:57:32+00:00","breadcrumb":{"@id":"https:\/\/universalgrowing.com\/shop\/medidores-y-sensores\/bluelab-conductivity-pen\/#breadcrumb"},"inLanguage":"en-US","potentialAction":[{"@type":"ReadAction","target":["https:\/\/universalgrowing.com\/shop\/medidores-y-sensores\/bluelab-conductivity-pen\/"]}]},{"@type":"ImageObject","inLanguage":"en-US","@id":"https:\/\/universalgrowing.com\/shop\/medidores-y-sensores\/bluelab-conductivity-pen\/#primaryimage","url":"https:\/\/universalgrowing.com\/wp-content\/uploads\/2024\/11\/Conductivity-Pen.png","contentUrl":"https:\/\/universalgrowing.com\/wp-content\/uploads\/2024\/11\/Conductivity-Pen.png","width":600,"height":600},{"@type":"BreadcrumbList","@id":"https:\/\/universalgrowing.com\/shop\/medidores-y-sensores\/bluelab-conductivity-pen\/#breadcrumb","itemListElement":[{"@type":"ListItem","position":1,"name":"Portada","item":"https:\/\/universalgrowing.com\/"},{"@type":"ListItem","position":2,"name":"Shop","item":"https:\/\/universalgrowing.com\/shop\/"},{"@type":"ListItem","position":3,"name":"Bluelab Conductivity Pen"}]},{"@type":"WebSite","@id":"https:\/\/universalgrowing.com\/#website","url":"https:\/\/universalgrowing.com\/","name":"Universal Growing","description":"","publisher":{"@id":"https:\/\/universalgrowing.com\/#organization"},"potentialAction":[{"@type":"SearchAction","target":{"@type":"EntryPoint","urlTemplate":"https:\/\/universalgrowing.com\/?s={search_term_string}"},"query-input":{"@type":"PropertyValueSpecification","valueRequired":true,"valueName":"search_term_string"}}],"inLanguage":"en-US"},{"@type":"Organization","@id":"https:\/\/universalgrowing.com\/#organization","name":"Universal Growing","url":"https:\/\/universalgrowing.com\/","logo":{"@type":"ImageObject","inLanguage":"en-US","@id":"https:\/\/universalgrowing.com\/#\/schema\/logo\/image\/","url":"https:\/\/universalgrowing.com\/wp-content\/uploads\/2024\/10\/UG_3.png","contentUrl":"https:\/\/universalgrowing.com\/wp-content\/uploads\/2024\/10\/UG_3.png","width":1837,"height":535,"caption":"Universal Growing"},"image":{"@id":"https:\/\/universalgrowing.com\/#\/schema\/logo\/image\/"}}]},"product_price_currency":"USD","og_availability":"instock","product_availability":"instock","product_retailer_item_id":"9421024920227","product_condition":"new"},"acf":[],"_links":{"self":[{"href":"https:\/\/universalgrowing.com\/en\/wp-json\/wp\/v2\/product\/2298","targetHints":{"allow":["GET"]}}],"collection":[{"href":"https:\/\/universalgrowing.com\/en\/wp-json\/wp\/v2\/product"}],"about":[{"href":"https:\/\/universalgrowing.com\/en\/wp-json\/wp\/v2\/types\/product"}],"replies":[{"embeddable":true,"href":"https:\/\/universalgrowing.com\/en\/wp-json\/wp\/v2\/comments?post=2298"}],"wp:featuredmedia":[{"embeddable":true,"href":"https:\/\/universalgrowing.com\/en\/wp-json\/wp\/v2\/media\/2311"}],"wp:attachment":[{"href":"https:\/\/universalgrowing.com\/en\/wp-json\/wp\/v2\/media?parent=2298"}],"wp:term":[{"taxonomy":"product_brand","embeddable":true,"href":"https:\/\/universalgrowing.com\/en\/wp-json\/wp\/v2\/product_brand?post=2298"},{"taxonomy":"product_cat","embeddable":true,"href":"https:\/\/universalgrowing.com\/en\/wp-json\/wp\/v2\/product_cat?post=2298"},{"taxonomy":"product_tag","embeddable":true,"href":"https:\/\/universalgrowing.com\/en\/wp-json\/wp\/v2\/product_tag?post=2298"}],"curies":[{"name":"wp","href":"https:\/\/api.w.org\/{rel}","templated":true}]}}