{"id":2300,"date":"2024-11-11T20:53:22","date_gmt":"2024-11-11T20:53:22","guid":{"rendered":"https:\/\/azure-caterpillar-897541.hostingersite.com\/?post_type=product&#038;p=2300"},"modified":"2025-06-02T18:56:50","modified_gmt":"2025-06-02T18:56:50","slug":"bluelab-truncheon-nutrient-meter","status":"publish","type":"product","link":"https:\/\/universalgrowing.com\/en\/shop\/medidores-y-sensores\/bluelab-truncheon-nutrient-meter\/","title":{"rendered":"Bluelab Truncheon Nutrient Meter"},"content":{"rendered":"<p>Incre\u00edblemente resistente, un medidor de EC dise\u00f1ado para durar toda la vida.<\/p>\n<p>Cada vez que alimentas tus plantas, es esencial conocer los niveles de nutrientes en tu soluci\u00f3n. Esto se hace de manera sencilla con el Bluelab Truncheon Nutrient Meter. Luces intermitentes indican tu lectura de conductividad, que se compensa autom\u00e1ticamente gracias al sensor de temperatura integrado. Cuenta con una cubierta extra\u00edble para facilitar su limpieza. El Bluelab Commercial Truncheon Nutrient Meter ofrece un rango de conductividad m\u00e1s alto y muestra todos los niveles de conductividad, CF, EC, PPM 500 y PPM 700 en una sola l\u00ednea. S\u00faper resistente, completamente impermeable, calibrado de f\u00e1brica y sin botones de encendido\/apagado.<\/p>","protected":false},"excerpt":{"rendered":"<p>Incre\u00edblemente resistente, un medidor de EC dise\u00f1ado para durar toda la vida. Cada vez que alimentas tus plantas, es esencial conocer los niveles de nutrientes en tu soluci\u00f3n. Esto se hace de manera sencilla con el Bluelab Truncheon Nutrient Meter. Luces intermitentes indican tu lectura de conductividad, que se compensa autom\u00e1ticamente gracias al sensor de [&hellip;]<\/p>","protected":false},"featured_media":2316,"comment_status":"open","ping_status":"closed","template":"","meta":{"_acf_changed":false,"content-type":"","_joinchat":[]},"product_brand":[],"product_cat":[50],"product_tag":[],"class_list":{"0":"post-2300","1":"product","2":"type-product","3":"status-publish","4":"has-post-thumbnail","6":"product_cat-medidores-y-sensores","8":"first","9":"instock","10":"shipping-taxable","11":"product-type-simple"},"yoast_head":"<!-- This site is optimized with the Yoast SEO Premium plugin v26.5 (Yoast SEO v27.4) - https:\/\/yoast.com\/product\/yoast-seo-premium-wordpress\/ -->\n<title>Bluelab Truncheon Nutrient Meter - Universal Growing<\/title>\n<meta name=\"robots\" content=\"index, follow, max-snippet:-1, max-image-preview:large, max-video-preview:-1\" \/>\n<link rel=\"canonical\" href=\"https:\/\/universalgrowing.com\/en\/shop\/medidores-y-sensores\/bluelab-truncheon-nutrient-meter\/\" \/>\n<meta property=\"og:locale\" content=\"en_US\" \/>\n<meta property=\"og:type\" content=\"article\" \/>\n<meta property=\"og:title\" content=\"Bluelab Truncheon Nutrient Meter\" \/>\n<meta property=\"og:description\" content=\"Incre\u00edblemente resistente, un medidor de EC dise\u00f1ado para durar toda la vida. Cada vez que alimentas tus plantas, es esencial conocer los niveles de nutrientes en tu soluci\u00f3n. Esto se hace de manera sencilla con el Bluelab Truncheon Nutrient Meter. Luces intermitentes indican tu lectura de conductividad, que se compensa autom\u00e1ticamente gracias al sensor de [&hellip;]\" \/>\n<meta property=\"og:url\" content=\"https:\/\/universalgrowing.com\/en\/shop\/medidores-y-sensores\/bluelab-truncheon-nutrient-meter\/\" \/>\n<meta property=\"og:site_name\" content=\"Universal Growing\" \/>\n<meta property=\"article:modified_time\" content=\"2025-06-02T18:56:50+00:00\" \/>\n<meta property=\"og:image\" content=\"https:\/\/universalgrowing.com\/wp-content\/uploads\/2024\/11\/Truncheon-Meter_.png\" \/>\n\t<meta property=\"og:image:width\" content=\"600\" \/>\n\t<meta property=\"og:image:height\" content=\"600\" \/>\n\t<meta property=\"og:image:type\" content=\"image\/png\" \/>\n<meta name=\"twitter:card\" content=\"summary_large_image\" \/>\n<meta name=\"twitter:label1\" content=\"Price\" \/>\n\t<meta name=\"twitter:data1\" content=\"\" \/>\n\t<meta name=\"twitter:label2\" content=\"Availability\" \/>\n\t<meta name=\"twitter:data2\" content=\"In stock\" \/>\n<script type=\"application\/ld+json\" class=\"yoast-schema-graph\">{\"@context\":\"https:\\\/\\\/schema.org\",\"@graph\":[{\"@type\":\"WebPage\",\"@id\":\"https:\\\/\\\/universalgrowing.com\\\/shop\\\/medidores-y-sensores\\\/bluelab-truncheon-nutrient-meter\\\/\",\"url\":\"https:\\\/\\\/universalgrowing.com\\\/shop\\\/medidores-y-sensores\\\/bluelab-truncheon-nutrient-meter\\\/\",\"name\":\"Bluelab Truncheon Nutrient Meter - Universal Growing\",\"isPartOf\":{\"@id\":\"https:\\\/\\\/universalgrowing.com\\\/#website\"},\"primaryImageOfPage\":{\"@id\":\"https:\\\/\\\/universalgrowing.com\\\/shop\\\/medidores-y-sensores\\\/bluelab-truncheon-nutrient-meter\\\/#primaryimage\"},\"image\":{\"@id\":\"https:\\\/\\\/universalgrowing.com\\\/shop\\\/medidores-y-sensores\\\/bluelab-truncheon-nutrient-meter\\\/#primaryimage\"},\"thumbnailUrl\":\"https:\\\/\\\/universalgrowing.com\\\/wp-content\\\/uploads\\\/2024\\\/11\\\/Truncheon-Meter_.png\",\"datePublished\":\"2024-11-11T20:53:22+00:00\",\"dateModified\":\"2025-06-02T18:56:50+00:00\",\"breadcrumb\":{\"@id\":\"https:\\\/\\\/universalgrowing.com\\\/shop\\\/medidores-y-sensores\\\/bluelab-truncheon-nutrient-meter\\\/#breadcrumb\"},\"inLanguage\":\"en-US\",\"potentialAction\":[{\"@type\":\"ReadAction\",\"target\":[\"https:\\\/\\\/universalgrowing.com\\\/shop\\\/medidores-y-sensores\\\/bluelab-truncheon-nutrient-meter\\\/\"]}]},{\"@type\":\"ImageObject\",\"inLanguage\":\"en-US\",\"@id\":\"https:\\\/\\\/universalgrowing.com\\\/shop\\\/medidores-y-sensores\\\/bluelab-truncheon-nutrient-meter\\\/#primaryimage\",\"url\":\"https:\\\/\\\/universalgrowing.com\\\/wp-content\\\/uploads\\\/2024\\\/11\\\/Truncheon-Meter_.png\",\"contentUrl\":\"https:\\\/\\\/universalgrowing.com\\\/wp-content\\\/uploads\\\/2024\\\/11\\\/Truncheon-Meter_.png\",\"width\":600,\"height\":600},{\"@type\":\"BreadcrumbList\",\"@id\":\"https:\\\/\\\/universalgrowing.com\\\/shop\\\/medidores-y-sensores\\\/bluelab-truncheon-nutrient-meter\\\/#breadcrumb\",\"itemListElement\":[{\"@type\":\"ListItem\",\"position\":1,\"name\":\"Portada\",\"item\":\"https:\\\/\\\/universalgrowing.com\\\/\"},{\"@type\":\"ListItem\",\"position\":2,\"name\":\"Shop\",\"item\":\"https:\\\/\\\/universalgrowing.com\\\/shop\\\/\"},{\"@type\":\"ListItem\",\"position\":3,\"name\":\"Bluelab Truncheon Nutrient Meter\"}]},{\"@type\":\"WebSite\",\"@id\":\"https:\\\/\\\/universalgrowing.com\\\/#website\",\"url\":\"https:\\\/\\\/universalgrowing.com\\\/\",\"name\":\"Universal Growing\",\"description\":\"\",\"publisher\":{\"@id\":\"https:\\\/\\\/universalgrowing.com\\\/#organization\"},\"potentialAction\":[{\"@type\":\"SearchAction\",\"target\":{\"@type\":\"EntryPoint\",\"urlTemplate\":\"https:\\\/\\\/universalgrowing.com\\\/?s={search_term_string}\"},\"query-input\":{\"@type\":\"PropertyValueSpecification\",\"valueRequired\":true,\"valueName\":\"search_term_string\"}}],\"inLanguage\":\"en-US\"},{\"@type\":\"Organization\",\"@id\":\"https:\\\/\\\/universalgrowing.com\\\/#organization\",\"name\":\"Universal Growing\",\"url\":\"https:\\\/\\\/universalgrowing.com\\\/\",\"logo\":{\"@type\":\"ImageObject\",\"inLanguage\":\"en-US\",\"@id\":\"https:\\\/\\\/universalgrowing.com\\\/#\\\/schema\\\/logo\\\/image\\\/\",\"url\":\"https:\\\/\\\/universalgrowing.com\\\/wp-content\\\/uploads\\\/2024\\\/10\\\/UG_3.png\",\"contentUrl\":\"https:\\\/\\\/universalgrowing.com\\\/wp-content\\\/uploads\\\/2024\\\/10\\\/UG_3.png\",\"width\":1837,\"height\":535,\"caption\":\"Universal Growing\"},\"image\":{\"@id\":\"https:\\\/\\\/universalgrowing.com\\\/#\\\/schema\\\/logo\\\/image\\\/\"}}]}<\/script>\n<meta property=\"product:price:currency\" content=\"USD\" \/>\n<meta property=\"og:availability\" content=\"instock\" \/>\n<meta property=\"product:availability\" content=\"instock\" \/>\n<meta property=\"product:retailer_item_id\" content=\"9421024920012\" \/>\n<meta property=\"product:condition\" content=\"new\" \/>\n<!-- \/ Yoast SEO Premium plugin. -->","yoast_head_json":{"title":"Bluelab Truncheon Nutrient Meter - Universal Growing","robots":{"index":"index","follow":"follow","max-snippet":"max-snippet:-1","max-image-preview":"max-image-preview:large","max-video-preview":"max-video-preview:-1"},"canonical":"https:\/\/universalgrowing.com\/en\/shop\/medidores-y-sensores\/bluelab-truncheon-nutrient-meter\/","og_locale":"en_US","og_type":"article","og_title":"Bluelab Truncheon Nutrient Meter","og_description":"Incre\u00edblemente resistente, un medidor de EC dise\u00f1ado para durar toda la vida. Cada vez que alimentas tus plantas, es esencial conocer los niveles de nutrientes en tu soluci\u00f3n. Esto se hace de manera sencilla con el Bluelab Truncheon Nutrient Meter. Luces intermitentes indican tu lectura de conductividad, que se compensa autom\u00e1ticamente gracias al sensor de [&hellip;]","og_url":"https:\/\/universalgrowing.com\/en\/shop\/medidores-y-sensores\/bluelab-truncheon-nutrient-meter\/","og_site_name":"Universal Growing","article_modified_time":"2025-06-02T18:56:50+00:00","og_image":[{"width":600,"height":600,"url":"https:\/\/universalgrowing.com\/wp-content\/uploads\/2024\/11\/Truncheon-Meter_.png","type":"image\/png"}],"twitter_card":"summary_large_image","twitter_misc":{"Price":"","Availability":"In stock"},"schema":{"@context":"https:\/\/schema.org","@graph":[{"@type":"WebPage","@id":"https:\/\/universalgrowing.com\/shop\/medidores-y-sensores\/bluelab-truncheon-nutrient-meter\/","url":"https:\/\/universalgrowing.com\/shop\/medidores-y-sensores\/bluelab-truncheon-nutrient-meter\/","name":"Bluelab Truncheon Nutrient Meter - Universal Growing","isPartOf":{"@id":"https:\/\/universalgrowing.com\/#website"},"primaryImageOfPage":{"@id":"https:\/\/universalgrowing.com\/shop\/medidores-y-sensores\/bluelab-truncheon-nutrient-meter\/#primaryimage"},"image":{"@id":"https:\/\/universalgrowing.com\/shop\/medidores-y-sensores\/bluelab-truncheon-nutrient-meter\/#primaryimage"},"thumbnailUrl":"https:\/\/universalgrowing.com\/wp-content\/uploads\/2024\/11\/Truncheon-Meter_.png","datePublished":"2024-11-11T20:53:22+00:00","dateModified":"2025-06-02T18:56:50+00:00","breadcrumb":{"@id":"https:\/\/universalgrowing.com\/shop\/medidores-y-sensores\/bluelab-truncheon-nutrient-meter\/#breadcrumb"},"inLanguage":"en-US","potentialAction":[{"@type":"ReadAction","target":["https:\/\/universalgrowing.com\/shop\/medidores-y-sensores\/bluelab-truncheon-nutrient-meter\/"]}]},{"@type":"ImageObject","inLanguage":"en-US","@id":"https:\/\/universalgrowing.com\/shop\/medidores-y-sensores\/bluelab-truncheon-nutrient-meter\/#primaryimage","url":"https:\/\/universalgrowing.com\/wp-content\/uploads\/2024\/11\/Truncheon-Meter_.png","contentUrl":"https:\/\/universalgrowing.com\/wp-content\/uploads\/2024\/11\/Truncheon-Meter_.png","width":600,"height":600},{"@type":"BreadcrumbList","@id":"https:\/\/universalgrowing.com\/shop\/medidores-y-sensores\/bluelab-truncheon-nutrient-meter\/#breadcrumb","itemListElement":[{"@type":"ListItem","position":1,"name":"Portada","item":"https:\/\/universalgrowing.com\/"},{"@type":"ListItem","position":2,"name":"Shop","item":"https:\/\/universalgrowing.com\/shop\/"},{"@type":"ListItem","position":3,"name":"Bluelab Truncheon Nutrient Meter"}]},{"@type":"WebSite","@id":"https:\/\/universalgrowing.com\/#website","url":"https:\/\/universalgrowing.com\/","name":"Universal Growing","description":"","publisher":{"@id":"https:\/\/universalgrowing.com\/#organization"},"potentialAction":[{"@type":"SearchAction","target":{"@type":"EntryPoint","urlTemplate":"https:\/\/universalgrowing.com\/?s={search_term_string}"},"query-input":{"@type":"PropertyValueSpecification","valueRequired":true,"valueName":"search_term_string"}}],"inLanguage":"en-US"},{"@type":"Organization","@id":"https:\/\/universalgrowing.com\/#organization","name":"Universal Growing","url":"https:\/\/universalgrowing.com\/","logo":{"@type":"ImageObject","inLanguage":"en-US","@id":"https:\/\/universalgrowing.com\/#\/schema\/logo\/image\/","url":"https:\/\/universalgrowing.com\/wp-content\/uploads\/2024\/10\/UG_3.png","contentUrl":"https:\/\/universalgrowing.com\/wp-content\/uploads\/2024\/10\/UG_3.png","width":1837,"height":535,"caption":"Universal Growing"},"image":{"@id":"https:\/\/universalgrowing.com\/#\/schema\/logo\/image\/"}}]},"product_price_currency":"USD","og_availability":"instock","product_availability":"instock","product_retailer_item_id":"9421024920012","product_condition":"new"},"acf":[],"_links":{"self":[{"href":"https:\/\/universalgrowing.com\/en\/wp-json\/wp\/v2\/product\/2300","targetHints":{"allow":["GET"]}}],"collection":[{"href":"https:\/\/universalgrowing.com\/en\/wp-json\/wp\/v2\/product"}],"about":[{"href":"https:\/\/universalgrowing.com\/en\/wp-json\/wp\/v2\/types\/product"}],"replies":[{"embeddable":true,"href":"https:\/\/universalgrowing.com\/en\/wp-json\/wp\/v2\/comments?post=2300"}],"wp:featuredmedia":[{"embeddable":true,"href":"https:\/\/universalgrowing.com\/en\/wp-json\/wp\/v2\/media\/2316"}],"wp:attachment":[{"href":"https:\/\/universalgrowing.com\/en\/wp-json\/wp\/v2\/media?parent=2300"}],"wp:term":[{"taxonomy":"product_brand","embeddable":true,"href":"https:\/\/universalgrowing.com\/en\/wp-json\/wp\/v2\/product_brand?post=2300"},{"taxonomy":"product_cat","embeddable":true,"href":"https:\/\/universalgrowing.com\/en\/wp-json\/wp\/v2\/product_cat?post=2300"},{"taxonomy":"product_tag","embeddable":true,"href":"https:\/\/universalgrowing.com\/en\/wp-json\/wp\/v2\/product_tag?post=2300"}],"curies":[{"name":"wp","href":"https:\/\/api.w.org\/{rel}","templated":true}]}}