{"id":2303,"date":"2024-11-11T20:55:26","date_gmt":"2024-11-11T20:55:26","guid":{"rendered":"https:\/\/azure-caterpillar-897541.hostingersite.com\/?post_type=product&#038;p=2303"},"modified":"2025-06-02T18:55:42","modified_gmt":"2025-06-02T18:55:42","slug":"bluelab-guardian-monitor-wi-fi","status":"publish","type":"product","link":"https:\/\/universalgrowing.com\/en\/shop\/medidores-y-sensores\/bluelab-guardian-monitor-wi-fi\/","title":{"rendered":"Bluelab Guardian Monitor Wi-Fi"},"content":{"rendered":"<div class=\"flex max-w-full flex-col flex-grow\">\n<div class=\"min-h-8 text-message flex w-full flex-col items-end gap-2 whitespace-normal break-words [.text-message+&amp;]:mt-5\" dir=\"auto\" data-message-author-role=\"assistant\" data-message-id=\"c128a90f-e511-43e5-856c-951ef81eca7b\" data-message-model-slug=\"gpt-4o\">\n<div class=\"flex w-full flex-col gap-1 empty:hidden first:pt-[3px]\">\n<div class=\"markdown prose w-full break-words dark:prose-invert light\">\n<p>Tus par\u00e1metros de cultivo, de un vistazo, en cualquier lugar y momento<\/p>\n<p>Con solo una mirada, el Bluelab Guardian Monitor Wi-Fi muestra los 3 par\u00e1metros cr\u00edticos para un crecimiento exitoso: pH, conductividad y temperatura. Con capacidad Wi-Fi integrada, el Bluelab Guardian Monitor Wi-Fi puede, si se habilita, mostrar datos en Edenic (una plataforma de software en l\u00ednea; visita Edenic.io para m\u00e1s informaci\u00f3n), permitiendo a los cultivadores monitorear los niveles de nutrientes desde cualquier lugar y en cualquier momento.<\/p>\n<p>Es capaz de mostrar la conductividad en las escalas EC\/CF, TDS (ppm 500) y ppm 700, y la temperatura en \u00b0C o \u00b0F. El Bluelab Guardian Monitor act\u00faa como un indicador constante de los niveles \u00f3ptimos de soluci\u00f3n nutritiva, permitiendo a los cultivadores ajustar los par\u00e1metros a medida que los cultivos avanzan en cada etapa de crecimiento. El Bluelab Guardian Monitor Wi-Fi se alimenta a trav\u00e9s de la red el\u00e9ctrica y puede montarse en la pared.<\/p>\n<p>Adem\u00e1s, el Bluelab Guardian Monitor Wi-Fi env\u00eda alertas m\u00f3viles mediante el software Edenic. Si algo falla, ser\u00e1s el primero en saberlo. La comunicaci\u00f3n bidireccional te permite actualizar las configuraciones de alarma desde la comodidad de tu asiento, brind\u00e1ndote la tranquilidad de que tus plantas est\u00e1n bien protegidas.<\/p>\n<\/div>\n<\/div>\n<\/div>\n<\/div>\n<div class=\"mb-2 flex gap-3 empty:hidden -ml-2\">\n<div class=\"items-center justify-start rounded-xl p-1 flex\">\n<div class=\"flex items-center\"><button class=\"rounded-lg text-token-text-secondary hover:bg-token-main-surface-secondary\" aria-label=\"Read aloud\" data-testid=\"voice-play-turn-action-button\"><\/button><button class=\"rounded-lg text-token-text-secondary hover:bg-token-main-surface-secondary\" aria-label=\"Copiar\" data-testid=\"copy-turn-action-button\"><\/button><\/p>\n<div class=\"flex\"><\/div>\n<div class=\"flex items-center pb-0\"><span class=\"overflow-hidden text-clip whitespace-nowrap text-sm\">4o<\/span><\/div>\n<\/div>\n<\/div>\n<\/div>","protected":false},"excerpt":{"rendered":"<p>Tus par\u00e1metros de cultivo, de un vistazo, en cualquier lugar y momento Con solo una mirada, el Bluelab Guardian Monitor Wi-Fi muestra los 3 par\u00e1metros cr\u00edticos para un crecimiento exitoso: pH, conductividad y temperatura. Con capacidad Wi-Fi integrada, el Bluelab Guardian Monitor Wi-Fi puede, si se habilita, mostrar datos en Edenic (una plataforma de software [&hellip;]<\/p>","protected":false},"featured_media":2322,"comment_status":"open","ping_status":"closed","template":"","meta":{"_acf_changed":false,"content-type":"","_joinchat":[]},"product_brand":[],"product_cat":[50],"product_tag":[],"class_list":{"0":"post-2303","1":"product","2":"type-product","3":"status-publish","4":"has-post-thumbnail","6":"product_cat-medidores-y-sensores","8":"first","9":"outofstock","10":"shipping-taxable","11":"product-type-simple"},"yoast_head":"<!-- This site is optimized with the Yoast SEO Premium plugin v26.5 (Yoast SEO v26.5) - https:\/\/yoast.com\/wordpress\/plugins\/seo\/ -->\n<title>Bluelab Guardian Monitor Wi-Fi - Universal Growing<\/title>\n<meta name=\"robots\" content=\"index, follow, max-snippet:-1, max-image-preview:large, max-video-preview:-1\" \/>\n<link rel=\"canonical\" href=\"https:\/\/universalgrowing.com\/en\/shop\/medidores-y-sensores\/bluelab-guardian-monitor-wi-fi\/\" \/>\n<meta property=\"og:locale\" content=\"en_US\" \/>\n<meta property=\"og:type\" content=\"article\" \/>\n<meta property=\"og:title\" content=\"Bluelab Guardian Monitor Wi-Fi\" \/>\n<meta property=\"og:description\" content=\"Tus par\u00e1metros de cultivo, de un vistazo, en cualquier lugar y momento Con solo una mirada, el Bluelab Guardian Monitor Wi-Fi muestra los 3 par\u00e1metros cr\u00edticos para un crecimiento exitoso: pH, conductividad y temperatura. Con capacidad Wi-Fi integrada, el Bluelab Guardian Monitor Wi-Fi puede, si se habilita, mostrar datos en Edenic (una plataforma de software [&hellip;]\" \/>\n<meta property=\"og:url\" content=\"https:\/\/universalgrowing.com\/en\/shop\/medidores-y-sensores\/bluelab-guardian-monitor-wi-fi\/\" \/>\n<meta property=\"og:site_name\" content=\"Universal Growing\" \/>\n<meta property=\"article:modified_time\" content=\"2025-06-02T18:55:42+00:00\" \/>\n<meta property=\"og:image\" content=\"https:\/\/universalgrowing.com\/wp-content\/uploads\/2024\/11\/Guardian-Monitor-.jpg\" \/>\n\t<meta property=\"og:image:width\" content=\"600\" \/>\n\t<meta property=\"og:image:height\" content=\"600\" \/>\n\t<meta property=\"og:image:type\" content=\"image\/jpeg\" \/>\n<meta name=\"twitter:card\" content=\"summary_large_image\" \/>\n<meta name=\"twitter:label1\" content=\"Price\" \/>\n\t<meta name=\"twitter:data1\" content=\"\" \/>\n\t<meta name=\"twitter:label2\" content=\"Availability\" \/>\n\t<meta name=\"twitter:data2\" content=\"Out of stock\" \/>\n<script type=\"application\/ld+json\" class=\"yoast-schema-graph\">{\"@context\":\"https:\/\/schema.org\",\"@graph\":[{\"@type\":\"WebPage\",\"@id\":\"https:\/\/universalgrowing.com\/shop\/medidores-y-sensores\/bluelab-guardian-monitor-wi-fi\/\",\"url\":\"https:\/\/universalgrowing.com\/shop\/medidores-y-sensores\/bluelab-guardian-monitor-wi-fi\/\",\"name\":\"Bluelab Guardian Monitor Wi-Fi - Universal Growing\",\"isPartOf\":{\"@id\":\"https:\/\/universalgrowing.com\/#website\"},\"primaryImageOfPage\":{\"@id\":\"https:\/\/universalgrowing.com\/shop\/medidores-y-sensores\/bluelab-guardian-monitor-wi-fi\/#primaryimage\"},\"image\":{\"@id\":\"https:\/\/universalgrowing.com\/shop\/medidores-y-sensores\/bluelab-guardian-monitor-wi-fi\/#primaryimage\"},\"thumbnailUrl\":\"https:\/\/universalgrowing.com\/wp-content\/uploads\/2024\/11\/Guardian-Monitor-.jpg\",\"datePublished\":\"2024-11-11T20:55:26+00:00\",\"dateModified\":\"2025-06-02T18:55:42+00:00\",\"breadcrumb\":{\"@id\":\"https:\/\/universalgrowing.com\/shop\/medidores-y-sensores\/bluelab-guardian-monitor-wi-fi\/#breadcrumb\"},\"inLanguage\":\"en-US\",\"potentialAction\":[{\"@type\":\"ReadAction\",\"target\":[\"https:\/\/universalgrowing.com\/shop\/medidores-y-sensores\/bluelab-guardian-monitor-wi-fi\/\"]}]},{\"@type\":\"ImageObject\",\"inLanguage\":\"en-US\",\"@id\":\"https:\/\/universalgrowing.com\/shop\/medidores-y-sensores\/bluelab-guardian-monitor-wi-fi\/#primaryimage\",\"url\":\"https:\/\/universalgrowing.com\/wp-content\/uploads\/2024\/11\/Guardian-Monitor-.jpg\",\"contentUrl\":\"https:\/\/universalgrowing.com\/wp-content\/uploads\/2024\/11\/Guardian-Monitor-.jpg\",\"width\":600,\"height\":600},{\"@type\":\"BreadcrumbList\",\"@id\":\"https:\/\/universalgrowing.com\/shop\/medidores-y-sensores\/bluelab-guardian-monitor-wi-fi\/#breadcrumb\",\"itemListElement\":[{\"@type\":\"ListItem\",\"position\":1,\"name\":\"Portada\",\"item\":\"https:\/\/universalgrowing.com\/\"},{\"@type\":\"ListItem\",\"position\":2,\"name\":\"Shop\",\"item\":\"https:\/\/universalgrowing.com\/shop\/\"},{\"@type\":\"ListItem\",\"position\":3,\"name\":\"Bluelab Guardian Monitor Wi-Fi\"}]},{\"@type\":\"WebSite\",\"@id\":\"https:\/\/universalgrowing.com\/#website\",\"url\":\"https:\/\/universalgrowing.com\/\",\"name\":\"Universal Growing\",\"description\":\"\",\"publisher\":{\"@id\":\"https:\/\/universalgrowing.com\/#organization\"},\"potentialAction\":[{\"@type\":\"SearchAction\",\"target\":{\"@type\":\"EntryPoint\",\"urlTemplate\":\"https:\/\/universalgrowing.com\/?s={search_term_string}\"},\"query-input\":{\"@type\":\"PropertyValueSpecification\",\"valueRequired\":true,\"valueName\":\"search_term_string\"}}],\"inLanguage\":\"en-US\"},{\"@type\":\"Organization\",\"@id\":\"https:\/\/universalgrowing.com\/#organization\",\"name\":\"Universal Growing\",\"url\":\"https:\/\/universalgrowing.com\/\",\"logo\":{\"@type\":\"ImageObject\",\"inLanguage\":\"en-US\",\"@id\":\"https:\/\/universalgrowing.com\/#\/schema\/logo\/image\/\",\"url\":\"https:\/\/universalgrowing.com\/wp-content\/uploads\/2024\/10\/UG_3.png\",\"contentUrl\":\"https:\/\/universalgrowing.com\/wp-content\/uploads\/2024\/10\/UG_3.png\",\"width\":1837,\"height\":535,\"caption\":\"Universal Growing\"},\"image\":{\"@id\":\"https:\/\/universalgrowing.com\/#\/schema\/logo\/image\/\"}}]}<\/script>\n<meta property=\"product:price:currency\" content=\"USD\" \/>\n<meta property=\"og:availability\" content=\"out of stock\" \/>\n<meta property=\"product:availability\" content=\"out of stock\" \/>\n<meta property=\"product:retailer_item_id\" content=\"9421024922894\" \/>\n<meta property=\"product:condition\" content=\"new\" \/>\n<!-- \/ Yoast SEO Premium plugin. -->","yoast_head_json":{"title":"Bluelab Guardian Monitor Wi-Fi - Universal Growing","robots":{"index":"index","follow":"follow","max-snippet":"max-snippet:-1","max-image-preview":"max-image-preview:large","max-video-preview":"max-video-preview:-1"},"canonical":"https:\/\/universalgrowing.com\/en\/shop\/medidores-y-sensores\/bluelab-guardian-monitor-wi-fi\/","og_locale":"en_US","og_type":"article","og_title":"Bluelab Guardian Monitor Wi-Fi","og_description":"Tus par\u00e1metros de cultivo, de un vistazo, en cualquier lugar y momento Con solo una mirada, el Bluelab Guardian Monitor Wi-Fi muestra los 3 par\u00e1metros cr\u00edticos para un crecimiento exitoso: pH, conductividad y temperatura. Con capacidad Wi-Fi integrada, el Bluelab Guardian Monitor Wi-Fi puede, si se habilita, mostrar datos en Edenic (una plataforma de software [&hellip;]","og_url":"https:\/\/universalgrowing.com\/en\/shop\/medidores-y-sensores\/bluelab-guardian-monitor-wi-fi\/","og_site_name":"Universal Growing","article_modified_time":"2025-06-02T18:55:42+00:00","og_image":[{"width":600,"height":600,"url":"https:\/\/universalgrowing.com\/wp-content\/uploads\/2024\/11\/Guardian-Monitor-.jpg","type":"image\/jpeg"}],"twitter_card":"summary_large_image","twitter_misc":{"Price":"","Availability":"Out of stock"},"schema":{"@context":"https:\/\/schema.org","@graph":[{"@type":"WebPage","@id":"https:\/\/universalgrowing.com\/shop\/medidores-y-sensores\/bluelab-guardian-monitor-wi-fi\/","url":"https:\/\/universalgrowing.com\/shop\/medidores-y-sensores\/bluelab-guardian-monitor-wi-fi\/","name":"Bluelab Guardian Monitor Wi-Fi - Universal Growing","isPartOf":{"@id":"https:\/\/universalgrowing.com\/#website"},"primaryImageOfPage":{"@id":"https:\/\/universalgrowing.com\/shop\/medidores-y-sensores\/bluelab-guardian-monitor-wi-fi\/#primaryimage"},"image":{"@id":"https:\/\/universalgrowing.com\/shop\/medidores-y-sensores\/bluelab-guardian-monitor-wi-fi\/#primaryimage"},"thumbnailUrl":"https:\/\/universalgrowing.com\/wp-content\/uploads\/2024\/11\/Guardian-Monitor-.jpg","datePublished":"2024-11-11T20:55:26+00:00","dateModified":"2025-06-02T18:55:42+00:00","breadcrumb":{"@id":"https:\/\/universalgrowing.com\/shop\/medidores-y-sensores\/bluelab-guardian-monitor-wi-fi\/#breadcrumb"},"inLanguage":"en-US","potentialAction":[{"@type":"ReadAction","target":["https:\/\/universalgrowing.com\/shop\/medidores-y-sensores\/bluelab-guardian-monitor-wi-fi\/"]}]},{"@type":"ImageObject","inLanguage":"en-US","@id":"https:\/\/universalgrowing.com\/shop\/medidores-y-sensores\/bluelab-guardian-monitor-wi-fi\/#primaryimage","url":"https:\/\/universalgrowing.com\/wp-content\/uploads\/2024\/11\/Guardian-Monitor-.jpg","contentUrl":"https:\/\/universalgrowing.com\/wp-content\/uploads\/2024\/11\/Guardian-Monitor-.jpg","width":600,"height":600},{"@type":"BreadcrumbList","@id":"https:\/\/universalgrowing.com\/shop\/medidores-y-sensores\/bluelab-guardian-monitor-wi-fi\/#breadcrumb","itemListElement":[{"@type":"ListItem","position":1,"name":"Portada","item":"https:\/\/universalgrowing.com\/"},{"@type":"ListItem","position":2,"name":"Shop","item":"https:\/\/universalgrowing.com\/shop\/"},{"@type":"ListItem","position":3,"name":"Bluelab Guardian Monitor Wi-Fi"}]},{"@type":"WebSite","@id":"https:\/\/universalgrowing.com\/#website","url":"https:\/\/universalgrowing.com\/","name":"Universal Growing","description":"","publisher":{"@id":"https:\/\/universalgrowing.com\/#organization"},"potentialAction":[{"@type":"SearchAction","target":{"@type":"EntryPoint","urlTemplate":"https:\/\/universalgrowing.com\/?s={search_term_string}"},"query-input":{"@type":"PropertyValueSpecification","valueRequired":true,"valueName":"search_term_string"}}],"inLanguage":"en-US"},{"@type":"Organization","@id":"https:\/\/universalgrowing.com\/#organization","name":"Universal Growing","url":"https:\/\/universalgrowing.com\/","logo":{"@type":"ImageObject","inLanguage":"en-US","@id":"https:\/\/universalgrowing.com\/#\/schema\/logo\/image\/","url":"https:\/\/universalgrowing.com\/wp-content\/uploads\/2024\/10\/UG_3.png","contentUrl":"https:\/\/universalgrowing.com\/wp-content\/uploads\/2024\/10\/UG_3.png","width":1837,"height":535,"caption":"Universal Growing"},"image":{"@id":"https:\/\/universalgrowing.com\/#\/schema\/logo\/image\/"}}]},"product_price_currency":"USD","og_availability":"out of stock","product_availability":"out of stock","product_retailer_item_id":"9421024922894","product_condition":"new"},"acf":[],"_links":{"self":[{"href":"https:\/\/universalgrowing.com\/en\/wp-json\/wp\/v2\/product\/2303","targetHints":{"allow":["GET"]}}],"collection":[{"href":"https:\/\/universalgrowing.com\/en\/wp-json\/wp\/v2\/product"}],"about":[{"href":"https:\/\/universalgrowing.com\/en\/wp-json\/wp\/v2\/types\/product"}],"replies":[{"embeddable":true,"href":"https:\/\/universalgrowing.com\/en\/wp-json\/wp\/v2\/comments?post=2303"}],"wp:featuredmedia":[{"embeddable":true,"href":"https:\/\/universalgrowing.com\/en\/wp-json\/wp\/v2\/media\/2322"}],"wp:attachment":[{"href":"https:\/\/universalgrowing.com\/en\/wp-json\/wp\/v2\/media?parent=2303"}],"wp:term":[{"taxonomy":"product_brand","embeddable":true,"href":"https:\/\/universalgrowing.com\/en\/wp-json\/wp\/v2\/product_brand?post=2303"},{"taxonomy":"product_cat","embeddable":true,"href":"https:\/\/universalgrowing.com\/en\/wp-json\/wp\/v2\/product_cat?post=2303"},{"taxonomy":"product_tag","embeddable":true,"href":"https:\/\/universalgrowing.com\/en\/wp-json\/wp\/v2\/product_tag?post=2303"}],"curies":[{"name":"wp","href":"https:\/\/api.w.org\/{rel}","templated":true}]}}