{"id":2305,"date":"2024-11-11T20:56:59","date_gmt":"2024-11-11T20:56:59","guid":{"rendered":"https:\/\/azure-caterpillar-897541.hostingersite.com\/?post_type=product&#038;p=2305"},"modified":"2025-06-02T18:54:57","modified_gmt":"2025-06-02T18:54:57","slug":"bluelab-pro-controller-wi-fi","status":"publish","type":"product","link":"https:\/\/universalgrowing.com\/en\/shop\/medidores-y-sensores\/bluelab-pro-controller-wi-fi\/","title":{"rendered":"Bluelab Pro Controller Wi-Fi"},"content":{"rendered":"<div class=\"flex-1 overflow-hidden\">\n<div class=\"h-full\">\n<div class=\"react-scroll-to-bottom--css-samxa-79elbk h-full\">\n<div class=\"react-scroll-to-bottom--css-samxa-1n7m0yu\">\n<div class=\"flex flex-col text-sm md:pb-9\">\n<article class=\"w-full scroll-mb-[var(--thread-trailing-height)] text-token-text-primary focus-visible:outline-2 focus-visible:outline-offset-[-4px]\" dir=\"auto\" data-testid=\"conversation-turn-25\" data-scroll-anchor=\"true\">\n<div class=\"m-auto text-base py-[18px] px-3 md:px-4 w-full md:px-5 lg:px-4 xl:px-5\">\n<div class=\"mx-auto flex flex-1 gap-4 text-base md:gap-5 lg:gap-6 md:max-w-3xl lg:max-w-[40rem] xl:max-w-[48rem]\">\n<div class=\"group\/conversation-turn relative flex w-full min-w-0 flex-col agent-turn\">\n<div class=\"flex-col gap-1 md:gap-3\">\n<div class=\"flex max-w-full flex-col flex-grow\">\n<div class=\"min-h-8 text-message flex w-full flex-col items-end gap-2 whitespace-normal break-words [.text-message+&amp;]:mt-5\" dir=\"auto\" data-message-author-role=\"assistant\" data-message-id=\"4e323615-0edc-4ab0-aaaa-248d4af481f9\" data-message-model-slug=\"gpt-4o\">\n<div class=\"flex w-full flex-col gap-1 empty:hidden first:pt-[3px]\">\n<div class=\"markdown prose w-full break-words dark:prose-invert light\">\n<p>Sistema completo de dosificaci\u00f3n de nutrientes. Controla los niveles de pH y nutrientes. Dosificaci\u00f3n autom\u00e1tica de hasta 12 nutrientes diferentes y ajuste de pH hacia arriba o abajo.<\/p>\n<p>El Bluelab Pro Controller Wi-Fi simplifica la gesti\u00f3n de cultivo, haciendo que la precisi\u00f3n sea m\u00e1s f\u00e1cil que nunca.<\/p>\n<p>Cuando se conecta a un dosificador Bluelab PeriPod, el Bluelab Pro Controller gestiona y mantiene los niveles de pH y conductividad en los cultivos. A medida que las plantas se alimentan, el pH y los nutrientes se ajustan autom\u00e1ticamente al rango deseado. Con capacidad Wi-Fi integrada, y si est\u00e1 habilitada, el Bluelab Pro Controller Wi-Fi puede conectarse a Edenic (una plataforma de software en l\u00ednea; visita Edenic.io para m\u00e1s informaci\u00f3n), permitiendo a los cultivadores controlar los niveles de nutrientes desde cualquier lugar y en cualquier momento.<\/p>\n<p>El Bluelab Pro Controller Wi-Fi es f\u00e1cil de usar y programar, permiti\u00e9ndote elegir las configuraciones que mejor se adapten a tu sistema de cultivo; adem\u00e1s, puedes ajustar las configuraciones a trav\u00e9s del software Edenic en la computadora. Para el pH, puedes elegir ajustar hacia pH arriba (alcalino) o pH abajo (\u00e1cido). Los Bluelab PeriPods, altamente precisos, permiten gestionar incrementos de par\u00e1metros hasta 0.1 de pH y 0.1 de EC.<\/p>\n<p>Adem\u00e1s, este controlador incluye una sonda de temperatura, y si se conecta a un Bluelab PowerPod, el Bluelab Pro Controller Wi-Fi puede activar calentadores o enfriadores para evitar picos de temperatura en el entorno.<\/p>\n<\/div>\n<\/div>\n<\/div>\n<\/div>\n<\/div>\n<\/div>\n<\/div>\n<\/div>\n<\/article>\n<\/div>\n<\/div>\n<\/div>\n<\/div>\n<\/div>","protected":false},"excerpt":{"rendered":"<p>Sistema completo de dosificaci\u00f3n de nutrientes. Controla los niveles de pH y nutrientes. Dosificaci\u00f3n autom\u00e1tica de hasta 12 nutrientes diferentes y ajuste de pH hacia arriba o abajo. El Bluelab Pro Controller Wi-Fi simplifica la gesti\u00f3n de cultivo, haciendo que la precisi\u00f3n sea m\u00e1s f\u00e1cil que nunca. Cuando se conecta a un dosificador Bluelab PeriPod, [&hellip;]<\/p>","protected":false},"featured_media":2326,"comment_status":"open","ping_status":"closed","template":"","meta":{"_acf_changed":false,"content-type":"","_joinchat":[]},"product_brand":[],"product_cat":[50],"product_tag":[],"class_list":{"0":"post-2305","1":"product","2":"type-product","3":"status-publish","4":"has-post-thumbnail","6":"product_cat-medidores-y-sensores","8":"first","9":"instock","10":"shipping-taxable","11":"product-type-simple"},"yoast_head":"<!-- This site is optimized with the Yoast SEO Premium plugin v26.5 (Yoast SEO v27.4) - https:\/\/yoast.com\/product\/yoast-seo-premium-wordpress\/ -->\n<title>Bluelab Pro Controller Wi-Fi - Universal Growing<\/title>\n<meta name=\"robots\" content=\"index, follow, max-snippet:-1, max-image-preview:large, max-video-preview:-1\" \/>\n<link rel=\"canonical\" href=\"https:\/\/universalgrowing.com\/en\/shop\/medidores-y-sensores\/bluelab-pro-controller-wi-fi\/\" \/>\n<meta property=\"og:locale\" content=\"en_US\" \/>\n<meta property=\"og:type\" content=\"article\" \/>\n<meta property=\"og:title\" content=\"Bluelab Pro Controller Wi-Fi\" \/>\n<meta property=\"og:description\" content=\"Sistema completo de dosificaci\u00f3n de nutrientes. Controla los niveles de pH y nutrientes. Dosificaci\u00f3n autom\u00e1tica de hasta 12 nutrientes diferentes y ajuste de pH hacia arriba o abajo. El Bluelab Pro Controller Wi-Fi simplifica la gesti\u00f3n de cultivo, haciendo que la precisi\u00f3n sea m\u00e1s f\u00e1cil que nunca. Cuando se conecta a un dosificador Bluelab PeriPod, [&hellip;]\" \/>\n<meta property=\"og:url\" content=\"https:\/\/universalgrowing.com\/en\/shop\/medidores-y-sensores\/bluelab-pro-controller-wi-fi\/\" \/>\n<meta property=\"og:site_name\" content=\"Universal Growing\" \/>\n<meta property=\"article:modified_time\" content=\"2025-06-02T18:54:57+00:00\" \/>\n<meta property=\"og:image\" content=\"https:\/\/universalgrowing.com\/wp-content\/uploads\/2024\/11\/Pro-Controller_.png\" \/>\n\t<meta property=\"og:image:width\" content=\"600\" \/>\n\t<meta property=\"og:image:height\" content=\"600\" \/>\n\t<meta property=\"og:image:type\" content=\"image\/png\" \/>\n<meta name=\"twitter:card\" content=\"summary_large_image\" \/>\n<meta name=\"twitter:label1\" content=\"Price\" \/>\n\t<meta name=\"twitter:data1\" content=\"\" \/>\n\t<meta name=\"twitter:label2\" content=\"Availability\" \/>\n\t<meta name=\"twitter:data2\" content=\"In stock\" \/>\n<script type=\"application\/ld+json\" class=\"yoast-schema-graph\">{\"@context\":\"https:\\\/\\\/schema.org\",\"@graph\":[{\"@type\":\"WebPage\",\"@id\":\"https:\\\/\\\/universalgrowing.com\\\/shop\\\/medidores-y-sensores\\\/bluelab-pro-controller-wi-fi\\\/\",\"url\":\"https:\\\/\\\/universalgrowing.com\\\/shop\\\/medidores-y-sensores\\\/bluelab-pro-controller-wi-fi\\\/\",\"name\":\"Bluelab Pro Controller Wi-Fi - Universal Growing\",\"isPartOf\":{\"@id\":\"https:\\\/\\\/universalgrowing.com\\\/#website\"},\"primaryImageOfPage\":{\"@id\":\"https:\\\/\\\/universalgrowing.com\\\/shop\\\/medidores-y-sensores\\\/bluelab-pro-controller-wi-fi\\\/#primaryimage\"},\"image\":{\"@id\":\"https:\\\/\\\/universalgrowing.com\\\/shop\\\/medidores-y-sensores\\\/bluelab-pro-controller-wi-fi\\\/#primaryimage\"},\"thumbnailUrl\":\"https:\\\/\\\/universalgrowing.com\\\/wp-content\\\/uploads\\\/2024\\\/11\\\/Pro-Controller_.png\",\"datePublished\":\"2024-11-11T20:56:59+00:00\",\"dateModified\":\"2025-06-02T18:54:57+00:00\",\"breadcrumb\":{\"@id\":\"https:\\\/\\\/universalgrowing.com\\\/shop\\\/medidores-y-sensores\\\/bluelab-pro-controller-wi-fi\\\/#breadcrumb\"},\"inLanguage\":\"en-US\",\"potentialAction\":[{\"@type\":\"ReadAction\",\"target\":[\"https:\\\/\\\/universalgrowing.com\\\/shop\\\/medidores-y-sensores\\\/bluelab-pro-controller-wi-fi\\\/\"]}]},{\"@type\":\"ImageObject\",\"inLanguage\":\"en-US\",\"@id\":\"https:\\\/\\\/universalgrowing.com\\\/shop\\\/medidores-y-sensores\\\/bluelab-pro-controller-wi-fi\\\/#primaryimage\",\"url\":\"https:\\\/\\\/universalgrowing.com\\\/wp-content\\\/uploads\\\/2024\\\/11\\\/Pro-Controller_.png\",\"contentUrl\":\"https:\\\/\\\/universalgrowing.com\\\/wp-content\\\/uploads\\\/2024\\\/11\\\/Pro-Controller_.png\",\"width\":600,\"height\":600},{\"@type\":\"BreadcrumbList\",\"@id\":\"https:\\\/\\\/universalgrowing.com\\\/shop\\\/medidores-y-sensores\\\/bluelab-pro-controller-wi-fi\\\/#breadcrumb\",\"itemListElement\":[{\"@type\":\"ListItem\",\"position\":1,\"name\":\"Portada\",\"item\":\"https:\\\/\\\/universalgrowing.com\\\/\"},{\"@type\":\"ListItem\",\"position\":2,\"name\":\"Shop\",\"item\":\"https:\\\/\\\/universalgrowing.com\\\/shop\\\/\"},{\"@type\":\"ListItem\",\"position\":3,\"name\":\"Bluelab Pro Controller Wi-Fi\"}]},{\"@type\":\"WebSite\",\"@id\":\"https:\\\/\\\/universalgrowing.com\\\/#website\",\"url\":\"https:\\\/\\\/universalgrowing.com\\\/\",\"name\":\"Universal Growing\",\"description\":\"\",\"publisher\":{\"@id\":\"https:\\\/\\\/universalgrowing.com\\\/#organization\"},\"potentialAction\":[{\"@type\":\"SearchAction\",\"target\":{\"@type\":\"EntryPoint\",\"urlTemplate\":\"https:\\\/\\\/universalgrowing.com\\\/?s={search_term_string}\"},\"query-input\":{\"@type\":\"PropertyValueSpecification\",\"valueRequired\":true,\"valueName\":\"search_term_string\"}}],\"inLanguage\":\"en-US\"},{\"@type\":\"Organization\",\"@id\":\"https:\\\/\\\/universalgrowing.com\\\/#organization\",\"name\":\"Universal Growing\",\"url\":\"https:\\\/\\\/universalgrowing.com\\\/\",\"logo\":{\"@type\":\"ImageObject\",\"inLanguage\":\"en-US\",\"@id\":\"https:\\\/\\\/universalgrowing.com\\\/#\\\/schema\\\/logo\\\/image\\\/\",\"url\":\"https:\\\/\\\/universalgrowing.com\\\/wp-content\\\/uploads\\\/2024\\\/10\\\/UG_3.png\",\"contentUrl\":\"https:\\\/\\\/universalgrowing.com\\\/wp-content\\\/uploads\\\/2024\\\/10\\\/UG_3.png\",\"width\":1837,\"height\":535,\"caption\":\"Universal Growing\"},\"image\":{\"@id\":\"https:\\\/\\\/universalgrowing.com\\\/#\\\/schema\\\/logo\\\/image\\\/\"}}]}<\/script>\n<meta property=\"product:price:currency\" content=\"USD\" \/>\n<meta property=\"og:availability\" content=\"instock\" \/>\n<meta property=\"product:availability\" content=\"instock\" \/>\n<meta property=\"product:retailer_item_id\" content=\"9421024923037\" \/>\n<meta property=\"product:condition\" content=\"new\" \/>\n<!-- \/ Yoast SEO Premium plugin. -->","yoast_head_json":{"title":"Bluelab Pro Controller Wi-Fi - Universal Growing","robots":{"index":"index","follow":"follow","max-snippet":"max-snippet:-1","max-image-preview":"max-image-preview:large","max-video-preview":"max-video-preview:-1"},"canonical":"https:\/\/universalgrowing.com\/en\/shop\/medidores-y-sensores\/bluelab-pro-controller-wi-fi\/","og_locale":"en_US","og_type":"article","og_title":"Bluelab Pro Controller Wi-Fi","og_description":"Sistema completo de dosificaci\u00f3n de nutrientes. Controla los niveles de pH y nutrientes. Dosificaci\u00f3n autom\u00e1tica de hasta 12 nutrientes diferentes y ajuste de pH hacia arriba o abajo. El Bluelab Pro Controller Wi-Fi simplifica la gesti\u00f3n de cultivo, haciendo que la precisi\u00f3n sea m\u00e1s f\u00e1cil que nunca. Cuando se conecta a un dosificador Bluelab PeriPod, [&hellip;]","og_url":"https:\/\/universalgrowing.com\/en\/shop\/medidores-y-sensores\/bluelab-pro-controller-wi-fi\/","og_site_name":"Universal Growing","article_modified_time":"2025-06-02T18:54:57+00:00","og_image":[{"width":600,"height":600,"url":"https:\/\/universalgrowing.com\/wp-content\/uploads\/2024\/11\/Pro-Controller_.png","type":"image\/png"}],"twitter_card":"summary_large_image","twitter_misc":{"Price":"","Availability":"In stock"},"schema":{"@context":"https:\/\/schema.org","@graph":[{"@type":"WebPage","@id":"https:\/\/universalgrowing.com\/shop\/medidores-y-sensores\/bluelab-pro-controller-wi-fi\/","url":"https:\/\/universalgrowing.com\/shop\/medidores-y-sensores\/bluelab-pro-controller-wi-fi\/","name":"Bluelab Pro Controller Wi-Fi - Universal Growing","isPartOf":{"@id":"https:\/\/universalgrowing.com\/#website"},"primaryImageOfPage":{"@id":"https:\/\/universalgrowing.com\/shop\/medidores-y-sensores\/bluelab-pro-controller-wi-fi\/#primaryimage"},"image":{"@id":"https:\/\/universalgrowing.com\/shop\/medidores-y-sensores\/bluelab-pro-controller-wi-fi\/#primaryimage"},"thumbnailUrl":"https:\/\/universalgrowing.com\/wp-content\/uploads\/2024\/11\/Pro-Controller_.png","datePublished":"2024-11-11T20:56:59+00:00","dateModified":"2025-06-02T18:54:57+00:00","breadcrumb":{"@id":"https:\/\/universalgrowing.com\/shop\/medidores-y-sensores\/bluelab-pro-controller-wi-fi\/#breadcrumb"},"inLanguage":"en-US","potentialAction":[{"@type":"ReadAction","target":["https:\/\/universalgrowing.com\/shop\/medidores-y-sensores\/bluelab-pro-controller-wi-fi\/"]}]},{"@type":"ImageObject","inLanguage":"en-US","@id":"https:\/\/universalgrowing.com\/shop\/medidores-y-sensores\/bluelab-pro-controller-wi-fi\/#primaryimage","url":"https:\/\/universalgrowing.com\/wp-content\/uploads\/2024\/11\/Pro-Controller_.png","contentUrl":"https:\/\/universalgrowing.com\/wp-content\/uploads\/2024\/11\/Pro-Controller_.png","width":600,"height":600},{"@type":"BreadcrumbList","@id":"https:\/\/universalgrowing.com\/shop\/medidores-y-sensores\/bluelab-pro-controller-wi-fi\/#breadcrumb","itemListElement":[{"@type":"ListItem","position":1,"name":"Portada","item":"https:\/\/universalgrowing.com\/"},{"@type":"ListItem","position":2,"name":"Shop","item":"https:\/\/universalgrowing.com\/shop\/"},{"@type":"ListItem","position":3,"name":"Bluelab Pro Controller Wi-Fi"}]},{"@type":"WebSite","@id":"https:\/\/universalgrowing.com\/#website","url":"https:\/\/universalgrowing.com\/","name":"Universal Growing","description":"","publisher":{"@id":"https:\/\/universalgrowing.com\/#organization"},"potentialAction":[{"@type":"SearchAction","target":{"@type":"EntryPoint","urlTemplate":"https:\/\/universalgrowing.com\/?s={search_term_string}"},"query-input":{"@type":"PropertyValueSpecification","valueRequired":true,"valueName":"search_term_string"}}],"inLanguage":"en-US"},{"@type":"Organization","@id":"https:\/\/universalgrowing.com\/#organization","name":"Universal Growing","url":"https:\/\/universalgrowing.com\/","logo":{"@type":"ImageObject","inLanguage":"en-US","@id":"https:\/\/universalgrowing.com\/#\/schema\/logo\/image\/","url":"https:\/\/universalgrowing.com\/wp-content\/uploads\/2024\/10\/UG_3.png","contentUrl":"https:\/\/universalgrowing.com\/wp-content\/uploads\/2024\/10\/UG_3.png","width":1837,"height":535,"caption":"Universal Growing"},"image":{"@id":"https:\/\/universalgrowing.com\/#\/schema\/logo\/image\/"}}]},"product_price_currency":"USD","og_availability":"instock","product_availability":"instock","product_retailer_item_id":"9421024923037","product_condition":"new"},"acf":[],"_links":{"self":[{"href":"https:\/\/universalgrowing.com\/en\/wp-json\/wp\/v2\/product\/2305","targetHints":{"allow":["GET"]}}],"collection":[{"href":"https:\/\/universalgrowing.com\/en\/wp-json\/wp\/v2\/product"}],"about":[{"href":"https:\/\/universalgrowing.com\/en\/wp-json\/wp\/v2\/types\/product"}],"replies":[{"embeddable":true,"href":"https:\/\/universalgrowing.com\/en\/wp-json\/wp\/v2\/comments?post=2305"}],"wp:featuredmedia":[{"embeddable":true,"href":"https:\/\/universalgrowing.com\/en\/wp-json\/wp\/v2\/media\/2326"}],"wp:attachment":[{"href":"https:\/\/universalgrowing.com\/en\/wp-json\/wp\/v2\/media?parent=2305"}],"wp:term":[{"taxonomy":"product_brand","embeddable":true,"href":"https:\/\/universalgrowing.com\/en\/wp-json\/wp\/v2\/product_brand?post=2305"},{"taxonomy":"product_cat","embeddable":true,"href":"https:\/\/universalgrowing.com\/en\/wp-json\/wp\/v2\/product_cat?post=2305"},{"taxonomy":"product_tag","embeddable":true,"href":"https:\/\/universalgrowing.com\/en\/wp-json\/wp\/v2\/product_tag?post=2305"}],"curies":[{"name":"wp","href":"https:\/\/api.w.org\/{rel}","templated":true}]}}