{"id":2306,"date":"2024-11-11T20:58:07","date_gmt":"2024-11-11T20:58:07","guid":{"rendered":"https:\/\/azure-caterpillar-897541.hostingersite.com\/?post_type=product&#038;p=2306"},"modified":"2025-06-02T18:54:36","modified_gmt":"2025-06-02T18:54:36","slug":"bluelab-peripod-m4-for-pro-controller","status":"publish","type":"product","link":"https:\/\/universalgrowing.com\/en\/shop\/medidores-y-sensores\/bluelab-peripod-m4-for-pro-controller\/","title":{"rendered":"Bluelab PeriPod M4 for Pro Controller"},"content":{"rendered":"<p>Automatiza con confianza los niveles de pH y nutrientes en el cultivo<\/p>\n<p>Tu tiempo es extremadamente valioso; no lo desperdicies dosificando manualmente. Dise\u00f1ado para trabajar en conjunto con el Bluelab\u00ae Pro Controller para una soluci\u00f3n totalmente integrada y \u00f3ptima de dosificaci\u00f3n, el Bluelab\u00ae PeriPod es una incorporaci\u00f3n simple y confiable para tu sistema. El Bluelab\u00ae PeriPod responde al Bluelab\u00ae Pro Controller y bombea ajustadores de pH y soluciones de nutrientes a tu cultivo utilizando bombas perist\u00e1lticas. Mide, controla y mantiene con precisi\u00f3n los niveles de pH y nutrientes. Cada sitio de cultivo es diferente, por lo que ahora puedes elegir el tama\u00f1o de bomba que se adapte a tus necesidades y a\u00f1adir extras opcionales, como una caja de alarma externa y un vaso de muestra, a tu sistema de dosificaci\u00f3n de nutrientes.<\/p>","protected":false},"excerpt":{"rendered":"<p>Automatiza con confianza los niveles de pH y nutrientes en el cultivo Tu tiempo es extremadamente valioso; no lo desperdicies dosificando manualmente. Dise\u00f1ado para trabajar en conjunto con el Bluelab\u00ae Pro Controller para una soluci\u00f3n totalmente integrada y \u00f3ptima de dosificaci\u00f3n, el Bluelab\u00ae PeriPod es una incorporaci\u00f3n simple y confiable para tu sistema. El Bluelab\u00ae [&hellip;]<\/p>","protected":false},"featured_media":2329,"comment_status":"open","ping_status":"closed","template":"","meta":{"_acf_changed":false,"content-type":"","_joinchat":[]},"product_brand":[],"product_cat":[50],"product_tag":[],"class_list":{"0":"post-2306","1":"product","2":"type-product","3":"status-publish","4":"has-post-thumbnail","6":"product_cat-medidores-y-sensores","8":"first","9":"instock","10":"shipping-taxable","11":"product-type-simple"},"yoast_head":"<!-- This site is optimized with the Yoast SEO Premium plugin v26.5 (Yoast SEO v26.5) - https:\/\/yoast.com\/wordpress\/plugins\/seo\/ -->\n<title>Bluelab PeriPod M4 for Pro Controller - Universal Growing<\/title>\n<meta name=\"robots\" content=\"index, follow, max-snippet:-1, max-image-preview:large, max-video-preview:-1\" \/>\n<link rel=\"canonical\" href=\"https:\/\/universalgrowing.com\/en\/shop\/medidores-y-sensores\/bluelab-peripod-m4-for-pro-controller\/\" \/>\n<meta property=\"og:locale\" content=\"en_US\" \/>\n<meta property=\"og:type\" content=\"article\" \/>\n<meta property=\"og:title\" content=\"Bluelab PeriPod M4 for Pro Controller\" \/>\n<meta property=\"og:description\" content=\"Automatiza con confianza los niveles de pH y nutrientes en el cultivo Tu tiempo es extremadamente valioso; no lo desperdicies dosificando manualmente. Dise\u00f1ado para trabajar en conjunto con el Bluelab\u00ae Pro Controller para una soluci\u00f3n totalmente integrada y \u00f3ptima de dosificaci\u00f3n, el Bluelab\u00ae PeriPod es una incorporaci\u00f3n simple y confiable para tu sistema. El Bluelab\u00ae [&hellip;]\" \/>\n<meta property=\"og:url\" content=\"https:\/\/universalgrowing.com\/en\/shop\/medidores-y-sensores\/bluelab-peripod-m4-for-pro-controller\/\" \/>\n<meta property=\"og:site_name\" content=\"Universal Growing\" \/>\n<meta property=\"article:modified_time\" content=\"2025-06-02T18:54:36+00:00\" \/>\n<meta property=\"og:image\" content=\"https:\/\/universalgrowing.com\/wp-content\/uploads\/2024\/11\/PERIPODM4-Hero.jpg\" \/>\n\t<meta property=\"og:image:width\" content=\"600\" \/>\n\t<meta property=\"og:image:height\" content=\"600\" \/>\n\t<meta property=\"og:image:type\" content=\"image\/jpeg\" \/>\n<meta name=\"twitter:card\" content=\"summary_large_image\" \/>\n<meta name=\"twitter:label1\" content=\"Price\" \/>\n\t<meta name=\"twitter:data1\" content=\"\" \/>\n\t<meta name=\"twitter:label2\" content=\"Availability\" \/>\n\t<meta name=\"twitter:data2\" content=\"In stock\" \/>\n<script type=\"application\/ld+json\" class=\"yoast-schema-graph\">{\"@context\":\"https:\/\/schema.org\",\"@graph\":[{\"@type\":\"WebPage\",\"@id\":\"https:\/\/universalgrowing.com\/shop\/medidores-y-sensores\/bluelab-peripod-m4-for-pro-controller\/\",\"url\":\"https:\/\/universalgrowing.com\/shop\/medidores-y-sensores\/bluelab-peripod-m4-for-pro-controller\/\",\"name\":\"Bluelab PeriPod M4 for Pro Controller - Universal Growing\",\"isPartOf\":{\"@id\":\"https:\/\/universalgrowing.com\/#website\"},\"primaryImageOfPage\":{\"@id\":\"https:\/\/universalgrowing.com\/shop\/medidores-y-sensores\/bluelab-peripod-m4-for-pro-controller\/#primaryimage\"},\"image\":{\"@id\":\"https:\/\/universalgrowing.com\/shop\/medidores-y-sensores\/bluelab-peripod-m4-for-pro-controller\/#primaryimage\"},\"thumbnailUrl\":\"https:\/\/universalgrowing.com\/wp-content\/uploads\/2024\/11\/PERIPODM4-Hero.jpg\",\"datePublished\":\"2024-11-11T20:58:07+00:00\",\"dateModified\":\"2025-06-02T18:54:36+00:00\",\"breadcrumb\":{\"@id\":\"https:\/\/universalgrowing.com\/shop\/medidores-y-sensores\/bluelab-peripod-m4-for-pro-controller\/#breadcrumb\"},\"inLanguage\":\"en-US\",\"potentialAction\":[{\"@type\":\"ReadAction\",\"target\":[\"https:\/\/universalgrowing.com\/shop\/medidores-y-sensores\/bluelab-peripod-m4-for-pro-controller\/\"]}]},{\"@type\":\"ImageObject\",\"inLanguage\":\"en-US\",\"@id\":\"https:\/\/universalgrowing.com\/shop\/medidores-y-sensores\/bluelab-peripod-m4-for-pro-controller\/#primaryimage\",\"url\":\"https:\/\/universalgrowing.com\/wp-content\/uploads\/2024\/11\/PERIPODM4-Hero.jpg\",\"contentUrl\":\"https:\/\/universalgrowing.com\/wp-content\/uploads\/2024\/11\/PERIPODM4-Hero.jpg\",\"width\":600,\"height\":600},{\"@type\":\"BreadcrumbList\",\"@id\":\"https:\/\/universalgrowing.com\/shop\/medidores-y-sensores\/bluelab-peripod-m4-for-pro-controller\/#breadcrumb\",\"itemListElement\":[{\"@type\":\"ListItem\",\"position\":1,\"name\":\"Portada\",\"item\":\"https:\/\/universalgrowing.com\/\"},{\"@type\":\"ListItem\",\"position\":2,\"name\":\"Shop\",\"item\":\"https:\/\/universalgrowing.com\/shop\/\"},{\"@type\":\"ListItem\",\"position\":3,\"name\":\"Bluelab PeriPod M4 for Pro Controller\"}]},{\"@type\":\"WebSite\",\"@id\":\"https:\/\/universalgrowing.com\/#website\",\"url\":\"https:\/\/universalgrowing.com\/\",\"name\":\"Universal Growing\",\"description\":\"\",\"publisher\":{\"@id\":\"https:\/\/universalgrowing.com\/#organization\"},\"potentialAction\":[{\"@type\":\"SearchAction\",\"target\":{\"@type\":\"EntryPoint\",\"urlTemplate\":\"https:\/\/universalgrowing.com\/?s={search_term_string}\"},\"query-input\":{\"@type\":\"PropertyValueSpecification\",\"valueRequired\":true,\"valueName\":\"search_term_string\"}}],\"inLanguage\":\"en-US\"},{\"@type\":\"Organization\",\"@id\":\"https:\/\/universalgrowing.com\/#organization\",\"name\":\"Universal Growing\",\"url\":\"https:\/\/universalgrowing.com\/\",\"logo\":{\"@type\":\"ImageObject\",\"inLanguage\":\"en-US\",\"@id\":\"https:\/\/universalgrowing.com\/#\/schema\/logo\/image\/\",\"url\":\"https:\/\/universalgrowing.com\/wp-content\/uploads\/2024\/10\/UG_3.png\",\"contentUrl\":\"https:\/\/universalgrowing.com\/wp-content\/uploads\/2024\/10\/UG_3.png\",\"width\":1837,\"height\":535,\"caption\":\"Universal Growing\"},\"image\":{\"@id\":\"https:\/\/universalgrowing.com\/#\/schema\/logo\/image\/\"}}]}<\/script>\n<meta property=\"product:price:currency\" content=\"USD\" \/>\n<meta property=\"og:availability\" content=\"instock\" \/>\n<meta property=\"product:availability\" content=\"instock\" \/>\n<meta property=\"product:retailer_item_id\" content=\"9421024920968\" \/>\n<meta property=\"product:condition\" content=\"new\" \/>\n<!-- \/ Yoast SEO Premium plugin. -->","yoast_head_json":{"title":"Bluelab PeriPod M4 for Pro Controller - Universal Growing","robots":{"index":"index","follow":"follow","max-snippet":"max-snippet:-1","max-image-preview":"max-image-preview:large","max-video-preview":"max-video-preview:-1"},"canonical":"https:\/\/universalgrowing.com\/en\/shop\/medidores-y-sensores\/bluelab-peripod-m4-for-pro-controller\/","og_locale":"en_US","og_type":"article","og_title":"Bluelab PeriPod M4 for Pro Controller","og_description":"Automatiza con confianza los niveles de pH y nutrientes en el cultivo Tu tiempo es extremadamente valioso; no lo desperdicies dosificando manualmente. Dise\u00f1ado para trabajar en conjunto con el Bluelab\u00ae Pro Controller para una soluci\u00f3n totalmente integrada y \u00f3ptima de dosificaci\u00f3n, el Bluelab\u00ae PeriPod es una incorporaci\u00f3n simple y confiable para tu sistema. El Bluelab\u00ae [&hellip;]","og_url":"https:\/\/universalgrowing.com\/en\/shop\/medidores-y-sensores\/bluelab-peripod-m4-for-pro-controller\/","og_site_name":"Universal Growing","article_modified_time":"2025-06-02T18:54:36+00:00","og_image":[{"width":600,"height":600,"url":"https:\/\/universalgrowing.com\/wp-content\/uploads\/2024\/11\/PERIPODM4-Hero.jpg","type":"image\/jpeg"}],"twitter_card":"summary_large_image","twitter_misc":{"Price":"","Availability":"In stock"},"schema":{"@context":"https:\/\/schema.org","@graph":[{"@type":"WebPage","@id":"https:\/\/universalgrowing.com\/shop\/medidores-y-sensores\/bluelab-peripod-m4-for-pro-controller\/","url":"https:\/\/universalgrowing.com\/shop\/medidores-y-sensores\/bluelab-peripod-m4-for-pro-controller\/","name":"Bluelab PeriPod M4 for Pro Controller - Universal Growing","isPartOf":{"@id":"https:\/\/universalgrowing.com\/#website"},"primaryImageOfPage":{"@id":"https:\/\/universalgrowing.com\/shop\/medidores-y-sensores\/bluelab-peripod-m4-for-pro-controller\/#primaryimage"},"image":{"@id":"https:\/\/universalgrowing.com\/shop\/medidores-y-sensores\/bluelab-peripod-m4-for-pro-controller\/#primaryimage"},"thumbnailUrl":"https:\/\/universalgrowing.com\/wp-content\/uploads\/2024\/11\/PERIPODM4-Hero.jpg","datePublished":"2024-11-11T20:58:07+00:00","dateModified":"2025-06-02T18:54:36+00:00","breadcrumb":{"@id":"https:\/\/universalgrowing.com\/shop\/medidores-y-sensores\/bluelab-peripod-m4-for-pro-controller\/#breadcrumb"},"inLanguage":"en-US","potentialAction":[{"@type":"ReadAction","target":["https:\/\/universalgrowing.com\/shop\/medidores-y-sensores\/bluelab-peripod-m4-for-pro-controller\/"]}]},{"@type":"ImageObject","inLanguage":"en-US","@id":"https:\/\/universalgrowing.com\/shop\/medidores-y-sensores\/bluelab-peripod-m4-for-pro-controller\/#primaryimage","url":"https:\/\/universalgrowing.com\/wp-content\/uploads\/2024\/11\/PERIPODM4-Hero.jpg","contentUrl":"https:\/\/universalgrowing.com\/wp-content\/uploads\/2024\/11\/PERIPODM4-Hero.jpg","width":600,"height":600},{"@type":"BreadcrumbList","@id":"https:\/\/universalgrowing.com\/shop\/medidores-y-sensores\/bluelab-peripod-m4-for-pro-controller\/#breadcrumb","itemListElement":[{"@type":"ListItem","position":1,"name":"Portada","item":"https:\/\/universalgrowing.com\/"},{"@type":"ListItem","position":2,"name":"Shop","item":"https:\/\/universalgrowing.com\/shop\/"},{"@type":"ListItem","position":3,"name":"Bluelab PeriPod M4 for Pro Controller"}]},{"@type":"WebSite","@id":"https:\/\/universalgrowing.com\/#website","url":"https:\/\/universalgrowing.com\/","name":"Universal Growing","description":"","publisher":{"@id":"https:\/\/universalgrowing.com\/#organization"},"potentialAction":[{"@type":"SearchAction","target":{"@type":"EntryPoint","urlTemplate":"https:\/\/universalgrowing.com\/?s={search_term_string}"},"query-input":{"@type":"PropertyValueSpecification","valueRequired":true,"valueName":"search_term_string"}}],"inLanguage":"en-US"},{"@type":"Organization","@id":"https:\/\/universalgrowing.com\/#organization","name":"Universal Growing","url":"https:\/\/universalgrowing.com\/","logo":{"@type":"ImageObject","inLanguage":"en-US","@id":"https:\/\/universalgrowing.com\/#\/schema\/logo\/image\/","url":"https:\/\/universalgrowing.com\/wp-content\/uploads\/2024\/10\/UG_3.png","contentUrl":"https:\/\/universalgrowing.com\/wp-content\/uploads\/2024\/10\/UG_3.png","width":1837,"height":535,"caption":"Universal Growing"},"image":{"@id":"https:\/\/universalgrowing.com\/#\/schema\/logo\/image\/"}}]},"product_price_currency":"USD","og_availability":"instock","product_availability":"instock","product_retailer_item_id":"9421024920968","product_condition":"new"},"acf":[],"_links":{"self":[{"href":"https:\/\/universalgrowing.com\/en\/wp-json\/wp\/v2\/product\/2306","targetHints":{"allow":["GET"]}}],"collection":[{"href":"https:\/\/universalgrowing.com\/en\/wp-json\/wp\/v2\/product"}],"about":[{"href":"https:\/\/universalgrowing.com\/en\/wp-json\/wp\/v2\/types\/product"}],"replies":[{"embeddable":true,"href":"https:\/\/universalgrowing.com\/en\/wp-json\/wp\/v2\/comments?post=2306"}],"wp:featuredmedia":[{"embeddable":true,"href":"https:\/\/universalgrowing.com\/en\/wp-json\/wp\/v2\/media\/2329"}],"wp:attachment":[{"href":"https:\/\/universalgrowing.com\/en\/wp-json\/wp\/v2\/media?parent=2306"}],"wp:term":[{"taxonomy":"product_brand","embeddable":true,"href":"https:\/\/universalgrowing.com\/en\/wp-json\/wp\/v2\/product_brand?post=2306"},{"taxonomy":"product_cat","embeddable":true,"href":"https:\/\/universalgrowing.com\/en\/wp-json\/wp\/v2\/product_cat?post=2306"},{"taxonomy":"product_tag","embeddable":true,"href":"https:\/\/universalgrowing.com\/en\/wp-json\/wp\/v2\/product_tag?post=2306"}],"curies":[{"name":"wp","href":"https:\/\/api.w.org\/{rel}","templated":true}]}}