{"id":2396,"date":"2024-11-12T13:09:32","date_gmt":"2024-11-12T13:09:32","guid":{"rendered":"https:\/\/azure-caterpillar-897541.hostingersite.com\/?post_type=product&#038;p=2396"},"modified":"2025-06-02T18:46:31","modified_gmt":"2025-06-02T18:46:31","slug":"balance-5gal","status":"publish","type":"product","link":"https:\/\/universalgrowing.com\/en\/shop\/fertilizantes\/balance-5gal\/","title":{"rendered":"Athena Balance 5GAL"},"content":{"rendered":"<p data-mce-fragment=\"1\">Athena Balance es una f\u00f3rmula simple de silicato de potasio concentrado espec\u00edficamente para tamponar el agua de riego y estabilizar el pH ideal. El silicio beneficia adicionalmente el crecimiento de las plantas, la estructura de los tallos, la reducci\u00f3n del estr\u00e9s, el uso del agua (osmorregulaci\u00f3n) y la utilizaci\u00f3n de nutrientes.<\/p>\n<p data-mce-fragment=\"1\">Los cultivadores comerciales encuentran mejores resultados, especialmente con agua de \u00f3smosis inversa (RO), cuando primero tamponan con Athena Balance. El agua de RO pura tiene una estructura qu\u00edmica inestable que puede atrapar otros nutrientes cuando se agrega sin un tamp\u00f3n. Athena Balance agrega la cantidad justa al agua para crear una soluci\u00f3n de fertilizante m\u00e1s homog\u00e9nea y reducir la necesidad de ajustar el pH despu\u00e9s de mezclar.<\/p>\n<p data-mce-fragment=\"1\">La f\u00f3rmula no contiene sedimentos y es compatible con sistemas de dosificaci\u00f3n mec\u00e1nica (Dosatron). No se recomienda Athena Balance para sistemas de dosificaci\u00f3n electr\u00f3nicos (Netafim).<\/p>","protected":false},"excerpt":{"rendered":"<p>Athena Balance es una f\u00f3rmula simple de silicato de potasio concentrado espec\u00edficamente para tamponar el agua de riego y estabilizar el pH ideal. El silicio beneficia adicionalmente el crecimiento de las plantas, la estructura de los tallos, la reducci\u00f3n del estr\u00e9s, el uso del agua (osmorregulaci\u00f3n) y la utilizaci\u00f3n de nutrientes. Los cultivadores comerciales encuentran [&hellip;]<\/p>","protected":false},"featured_media":2397,"comment_status":"open","ping_status":"closed","template":"","meta":{"_acf_changed":false,"content-type":"","_joinchat":[]},"product_brand":[],"product_cat":[53],"product_tag":[59],"class_list":{"0":"post-2396","1":"product","2":"type-product","3":"status-publish","4":"has-post-thumbnail","6":"product_cat-fertilizantes","7":"product_tag-blended-line","9":"first","10":"instock","11":"shipping-taxable","12":"product-type-simple"},"yoast_head":"<!-- This site is optimized with the Yoast SEO Premium plugin v26.5 (Yoast SEO v27.4) - https:\/\/yoast.com\/product\/yoast-seo-premium-wordpress\/ -->\n<title>Athena Balance 5GAL - Universal Growing<\/title>\n<meta name=\"robots\" content=\"index, follow, max-snippet:-1, max-image-preview:large, max-video-preview:-1\" \/>\n<link rel=\"canonical\" href=\"https:\/\/universalgrowing.com\/en\/shop\/fertilizantes\/balance-5gal\/\" \/>\n<meta property=\"og:locale\" content=\"en_US\" \/>\n<meta property=\"og:type\" content=\"article\" \/>\n<meta property=\"og:title\" content=\"Athena Balance 5GAL\" \/>\n<meta property=\"og:description\" content=\"Athena Balance es una f\u00f3rmula simple de silicato de potasio concentrado espec\u00edficamente para tamponar el agua de riego y estabilizar el pH ideal. El silicio beneficia adicionalmente el crecimiento de las plantas, la estructura de los tallos, la reducci\u00f3n del estr\u00e9s, el uso del agua (osmorregulaci\u00f3n) y la utilizaci\u00f3n de nutrientes. Los cultivadores comerciales encuentran [&hellip;]\" \/>\n<meta property=\"og:url\" content=\"https:\/\/universalgrowing.com\/en\/shop\/fertilizantes\/balance-5gal\/\" \/>\n<meta property=\"og:site_name\" content=\"Universal Growing\" \/>\n<meta property=\"article:modified_time\" content=\"2025-06-02T18:46:31+00:00\" \/>\n<meta property=\"og:image\" content=\"https:\/\/universalgrowing.com\/wp-content\/uploads\/2024\/11\/Balance-5GAL.jpg\" \/>\n\t<meta property=\"og:image:width\" content=\"1200\" \/>\n\t<meta property=\"og:image:height\" content=\"1200\" \/>\n\t<meta property=\"og:image:type\" content=\"image\/jpeg\" \/>\n<meta name=\"twitter:card\" content=\"summary_large_image\" \/>\n<meta name=\"twitter:label1\" content=\"Price\" \/>\n\t<meta name=\"twitter:data1\" content=\"\" \/>\n\t<meta name=\"twitter:label2\" content=\"Availability\" \/>\n\t<meta name=\"twitter:data2\" content=\"In stock\" \/>\n<script type=\"application\/ld+json\" class=\"yoast-schema-graph\">{\"@context\":\"https:\\\/\\\/schema.org\",\"@graph\":[{\"@type\":\"WebPage\",\"@id\":\"https:\\\/\\\/universalgrowing.com\\\/shop\\\/fertilizantes\\\/balance-5gal\\\/\",\"url\":\"https:\\\/\\\/universalgrowing.com\\\/shop\\\/fertilizantes\\\/balance-5gal\\\/\",\"name\":\"Athena Balance 5GAL - Universal Growing\",\"isPartOf\":{\"@id\":\"https:\\\/\\\/universalgrowing.com\\\/#website\"},\"primaryImageOfPage\":{\"@id\":\"https:\\\/\\\/universalgrowing.com\\\/shop\\\/fertilizantes\\\/balance-5gal\\\/#primaryimage\"},\"image\":{\"@id\":\"https:\\\/\\\/universalgrowing.com\\\/shop\\\/fertilizantes\\\/balance-5gal\\\/#primaryimage\"},\"thumbnailUrl\":\"https:\\\/\\\/universalgrowing.com\\\/wp-content\\\/uploads\\\/2024\\\/11\\\/Balance-5GAL.jpg\",\"datePublished\":\"2024-11-12T13:09:32+00:00\",\"dateModified\":\"2025-06-02T18:46:31+00:00\",\"breadcrumb\":{\"@id\":\"https:\\\/\\\/universalgrowing.com\\\/shop\\\/fertilizantes\\\/balance-5gal\\\/#breadcrumb\"},\"inLanguage\":\"en-US\",\"potentialAction\":[{\"@type\":\"ReadAction\",\"target\":[\"https:\\\/\\\/universalgrowing.com\\\/shop\\\/fertilizantes\\\/balance-5gal\\\/\"]}]},{\"@type\":\"ImageObject\",\"inLanguage\":\"en-US\",\"@id\":\"https:\\\/\\\/universalgrowing.com\\\/shop\\\/fertilizantes\\\/balance-5gal\\\/#primaryimage\",\"url\":\"https:\\\/\\\/universalgrowing.com\\\/wp-content\\\/uploads\\\/2024\\\/11\\\/Balance-5GAL.jpg\",\"contentUrl\":\"https:\\\/\\\/universalgrowing.com\\\/wp-content\\\/uploads\\\/2024\\\/11\\\/Balance-5GAL.jpg\",\"width\":1200,\"height\":1200},{\"@type\":\"BreadcrumbList\",\"@id\":\"https:\\\/\\\/universalgrowing.com\\\/shop\\\/fertilizantes\\\/balance-5gal\\\/#breadcrumb\",\"itemListElement\":[{\"@type\":\"ListItem\",\"position\":1,\"name\":\"Portada\",\"item\":\"https:\\\/\\\/universalgrowing.com\\\/\"},{\"@type\":\"ListItem\",\"position\":2,\"name\":\"Shop\",\"item\":\"https:\\\/\\\/universalgrowing.com\\\/shop\\\/\"},{\"@type\":\"ListItem\",\"position\":3,\"name\":\"Athena Balance 5GAL\"}]},{\"@type\":\"WebSite\",\"@id\":\"https:\\\/\\\/universalgrowing.com\\\/#website\",\"url\":\"https:\\\/\\\/universalgrowing.com\\\/\",\"name\":\"Universal Growing\",\"description\":\"\",\"publisher\":{\"@id\":\"https:\\\/\\\/universalgrowing.com\\\/#organization\"},\"potentialAction\":[{\"@type\":\"SearchAction\",\"target\":{\"@type\":\"EntryPoint\",\"urlTemplate\":\"https:\\\/\\\/universalgrowing.com\\\/?s={search_term_string}\"},\"query-input\":{\"@type\":\"PropertyValueSpecification\",\"valueRequired\":true,\"valueName\":\"search_term_string\"}}],\"inLanguage\":\"en-US\"},{\"@type\":\"Organization\",\"@id\":\"https:\\\/\\\/universalgrowing.com\\\/#organization\",\"name\":\"Universal Growing\",\"url\":\"https:\\\/\\\/universalgrowing.com\\\/\",\"logo\":{\"@type\":\"ImageObject\",\"inLanguage\":\"en-US\",\"@id\":\"https:\\\/\\\/universalgrowing.com\\\/#\\\/schema\\\/logo\\\/image\\\/\",\"url\":\"https:\\\/\\\/universalgrowing.com\\\/wp-content\\\/uploads\\\/2024\\\/10\\\/UG_3.png\",\"contentUrl\":\"https:\\\/\\\/universalgrowing.com\\\/wp-content\\\/uploads\\\/2024\\\/10\\\/UG_3.png\",\"width\":1837,\"height\":535,\"caption\":\"Universal Growing\"},\"image\":{\"@id\":\"https:\\\/\\\/universalgrowing.com\\\/#\\\/schema\\\/logo\\\/image\\\/\"}}]}<\/script>\n<meta property=\"product:price:currency\" content=\"USD\" \/>\n<meta property=\"og:availability\" content=\"instock\" \/>\n<meta property=\"product:availability\" content=\"instock\" \/>\n<meta property=\"product:retailer_item_id\" content=\"850038693183\" \/>\n<meta property=\"product:condition\" content=\"new\" \/>\n<!-- \/ Yoast SEO Premium plugin. -->","yoast_head_json":{"title":"Athena Balance 5GAL - Universal Growing","robots":{"index":"index","follow":"follow","max-snippet":"max-snippet:-1","max-image-preview":"max-image-preview:large","max-video-preview":"max-video-preview:-1"},"canonical":"https:\/\/universalgrowing.com\/en\/shop\/fertilizantes\/balance-5gal\/","og_locale":"en_US","og_type":"article","og_title":"Athena Balance 5GAL","og_description":"Athena Balance es una f\u00f3rmula simple de silicato de potasio concentrado espec\u00edficamente para tamponar el agua de riego y estabilizar el pH ideal. El silicio beneficia adicionalmente el crecimiento de las plantas, la estructura de los tallos, la reducci\u00f3n del estr\u00e9s, el uso del agua (osmorregulaci\u00f3n) y la utilizaci\u00f3n de nutrientes. Los cultivadores comerciales encuentran [&hellip;]","og_url":"https:\/\/universalgrowing.com\/en\/shop\/fertilizantes\/balance-5gal\/","og_site_name":"Universal Growing","article_modified_time":"2025-06-02T18:46:31+00:00","og_image":[{"width":1200,"height":1200,"url":"https:\/\/universalgrowing.com\/wp-content\/uploads\/2024\/11\/Balance-5GAL.jpg","type":"image\/jpeg"}],"twitter_card":"summary_large_image","twitter_misc":{"Price":"","Availability":"In stock"},"schema":{"@context":"https:\/\/schema.org","@graph":[{"@type":"WebPage","@id":"https:\/\/universalgrowing.com\/shop\/fertilizantes\/balance-5gal\/","url":"https:\/\/universalgrowing.com\/shop\/fertilizantes\/balance-5gal\/","name":"Athena Balance 5GAL - Universal Growing","isPartOf":{"@id":"https:\/\/universalgrowing.com\/#website"},"primaryImageOfPage":{"@id":"https:\/\/universalgrowing.com\/shop\/fertilizantes\/balance-5gal\/#primaryimage"},"image":{"@id":"https:\/\/universalgrowing.com\/shop\/fertilizantes\/balance-5gal\/#primaryimage"},"thumbnailUrl":"https:\/\/universalgrowing.com\/wp-content\/uploads\/2024\/11\/Balance-5GAL.jpg","datePublished":"2024-11-12T13:09:32+00:00","dateModified":"2025-06-02T18:46:31+00:00","breadcrumb":{"@id":"https:\/\/universalgrowing.com\/shop\/fertilizantes\/balance-5gal\/#breadcrumb"},"inLanguage":"en-US","potentialAction":[{"@type":"ReadAction","target":["https:\/\/universalgrowing.com\/shop\/fertilizantes\/balance-5gal\/"]}]},{"@type":"ImageObject","inLanguage":"en-US","@id":"https:\/\/universalgrowing.com\/shop\/fertilizantes\/balance-5gal\/#primaryimage","url":"https:\/\/universalgrowing.com\/wp-content\/uploads\/2024\/11\/Balance-5GAL.jpg","contentUrl":"https:\/\/universalgrowing.com\/wp-content\/uploads\/2024\/11\/Balance-5GAL.jpg","width":1200,"height":1200},{"@type":"BreadcrumbList","@id":"https:\/\/universalgrowing.com\/shop\/fertilizantes\/balance-5gal\/#breadcrumb","itemListElement":[{"@type":"ListItem","position":1,"name":"Portada","item":"https:\/\/universalgrowing.com\/"},{"@type":"ListItem","position":2,"name":"Shop","item":"https:\/\/universalgrowing.com\/shop\/"},{"@type":"ListItem","position":3,"name":"Athena Balance 5GAL"}]},{"@type":"WebSite","@id":"https:\/\/universalgrowing.com\/#website","url":"https:\/\/universalgrowing.com\/","name":"Universal Growing","description":"","publisher":{"@id":"https:\/\/universalgrowing.com\/#organization"},"potentialAction":[{"@type":"SearchAction","target":{"@type":"EntryPoint","urlTemplate":"https:\/\/universalgrowing.com\/?s={search_term_string}"},"query-input":{"@type":"PropertyValueSpecification","valueRequired":true,"valueName":"search_term_string"}}],"inLanguage":"en-US"},{"@type":"Organization","@id":"https:\/\/universalgrowing.com\/#organization","name":"Universal Growing","url":"https:\/\/universalgrowing.com\/","logo":{"@type":"ImageObject","inLanguage":"en-US","@id":"https:\/\/universalgrowing.com\/#\/schema\/logo\/image\/","url":"https:\/\/universalgrowing.com\/wp-content\/uploads\/2024\/10\/UG_3.png","contentUrl":"https:\/\/universalgrowing.com\/wp-content\/uploads\/2024\/10\/UG_3.png","width":1837,"height":535,"caption":"Universal Growing"},"image":{"@id":"https:\/\/universalgrowing.com\/#\/schema\/logo\/image\/"}}]},"product_price_currency":"USD","og_availability":"instock","product_availability":"instock","product_retailer_item_id":"850038693183","product_condition":"new"},"acf":[],"_links":{"self":[{"href":"https:\/\/universalgrowing.com\/en\/wp-json\/wp\/v2\/product\/2396","targetHints":{"allow":["GET"]}}],"collection":[{"href":"https:\/\/universalgrowing.com\/en\/wp-json\/wp\/v2\/product"}],"about":[{"href":"https:\/\/universalgrowing.com\/en\/wp-json\/wp\/v2\/types\/product"}],"replies":[{"embeddable":true,"href":"https:\/\/universalgrowing.com\/en\/wp-json\/wp\/v2\/comments?post=2396"}],"wp:featuredmedia":[{"embeddable":true,"href":"https:\/\/universalgrowing.com\/en\/wp-json\/wp\/v2\/media\/2397"}],"wp:attachment":[{"href":"https:\/\/universalgrowing.com\/en\/wp-json\/wp\/v2\/media?parent=2396"}],"wp:term":[{"taxonomy":"product_brand","embeddable":true,"href":"https:\/\/universalgrowing.com\/en\/wp-json\/wp\/v2\/product_brand?post=2396"},{"taxonomy":"product_cat","embeddable":true,"href":"https:\/\/universalgrowing.com\/en\/wp-json\/wp\/v2\/product_cat?post=2396"},{"taxonomy":"product_tag","embeddable":true,"href":"https:\/\/universalgrowing.com\/en\/wp-json\/wp\/v2\/product_tag?post=2396"}],"curies":[{"name":"wp","href":"https:\/\/api.w.org\/{rel}","templated":true}]}}