{"id":2403,"date":"2024-11-12T13:20:45","date_gmt":"2024-11-12T13:20:45","guid":{"rendered":"https:\/\/azure-caterpillar-897541.hostingersite.com\/?post_type=product&#038;p=2403"},"modified":"2025-06-02T18:45:20","modified_gmt":"2025-06-02T18:45:20","slug":"bloom-a-32oz","status":"publish","type":"product","link":"https:\/\/universalgrowing.com\/en\/shop\/fertilizantes\/bloom-a-32oz\/","title":{"rendered":"Athena Bloom A 32OZ"},"content":{"rendered":"<p data-mce-fragment=\"1\">Athena Bloom es una f\u00f3rmula simple y limpia de 2 partes dise\u00f1ada para la etapa de floraci\u00f3n del crecimiento de plantas frutales y productoras de flores. Mezclamos macronutrientes de primera calidad y micronutrientes quelados para lograr una mayor capacidad de absorci\u00f3n de nutrientes en un rango de pH m\u00e1s amplio en cualquier combinaci\u00f3n de m\u00e9todo de cultivo, tipo de agua y medio de cultivo.<\/p>\n<p data-mce-fragment=\"1\">Esta f\u00f3rmula l\u00edquida mezclada de 2 partes debe ser utilizada en cantidades iguales durante la fase de floraci\u00f3n para estimular el r\u00e1pido inicio de la producci\u00f3n de cogollos, aumentar los sitios de floraci\u00f3n y promover rendimientos de alta calidad.<\/p>\n<p data-mce-fragment=\"1\">Las f\u00f3rmulas no contienen sedimentos y son compatibles con todos los sistemas de dosificaci\u00f3n e irrigaci\u00f3n, incluyendo cabezales de goteo finos. En algunas condiciones, en ocasiones se pueden ver peque\u00f1as cantidades de micro part\u00edculas, pero no afectar\u00e1n el equilibrio mineral ni la compatibilidad del sistema.<\/p>\n<p data-mce-fragment=\"1\">Tasas de aplicaci\u00f3n: Agrega de 2 a 7 mL de Athena Bloom A por gal\u00f3n de agua durante la fase de floraci\u00f3n.<\/p>\n<p data-mce-fragment=\"1\">Consulta las Programaciones de Alimentaci\u00f3n para recomendaciones espec\u00edficas de aplicaci\u00f3n.<\/p>\n<p data-mce-fragment=\"1\">Mejores pr\u00e1cticas:<\/p>\n<ul data-mce-fragment=\"1\">\n<li data-mce-fragment=\"1\">Agitar bien antes de usar.<\/li>\n<li data-mce-fragment=\"1\">Utilizar instrumentos de medici\u00f3n limpios; no introducir nada en la botella.<\/li>\n<li data-mce-fragment=\"1\">Siempre utiliza partes iguales de Athena Bloom A y B para mantener las proporciones minerales adecuadas.<\/li>\n<li data-mce-fragment=\"1\">Controlar regularmente la conductividad el\u00e9ctrica (EC) y ajustar seg\u00fan corresponda seg\u00fan el cultivo y la etapa de crecimiento.<\/li>\n<li data-mce-fragment=\"1\">Ajustar el pH a los niveles adecuados despu\u00e9s de mezclar todos los fertilizantes y aditivos.<\/li>\n<li data-mce-fragment=\"1\">No combinar en forma no diluida.<\/li>\n<li data-mce-fragment=\"1\">Almacenar cerrado en el envase original a una temperatura entre 45 \u00b0F y 85 \u00b0F\u00a0<span data-mce-fragment=\"1\">(aproximadamente\u00a0<\/span><span data-mce-fragment=\"1\">7.22 \u00b0C y\u00a029.44 \u00b0C).<\/span><\/li>\n<\/ul>","protected":false},"excerpt":{"rendered":"<p>Athena Bloom es una f\u00f3rmula simple y limpia de 2 partes dise\u00f1ada para la etapa de floraci\u00f3n del crecimiento de plantas frutales y productoras de flores. Mezclamos macronutrientes de primera calidad y micronutrientes quelados para lograr una mayor capacidad de absorci\u00f3n de nutrientes en un rango de pH m\u00e1s amplio en cualquier combinaci\u00f3n de m\u00e9todo [&hellip;]<\/p>","protected":false},"featured_media":2404,"comment_status":"open","ping_status":"closed","template":"","meta":{"_acf_changed":false,"content-type":"","_joinchat":[]},"product_brand":[],"product_cat":[53],"product_tag":[83,59,84],"class_list":{"0":"post-2403","1":"product","2":"type-product","3":"status-publish","4":"has-post-thumbnail","6":"product_cat-fertilizantes","7":"product_tag-athena","8":"product_tag-blended-line","9":"product_tag-fertilizantes","11":"first","12":"outofstock","13":"shipping-taxable","14":"product-type-simple"},"yoast_head":"<!-- This site is optimized with the Yoast SEO Premium plugin v26.5 (Yoast SEO v26.5) - https:\/\/yoast.com\/wordpress\/plugins\/seo\/ -->\n<title>Athena Bloom A 32OZ - Universal Growing<\/title>\n<meta name=\"robots\" content=\"index, follow, max-snippet:-1, max-image-preview:large, max-video-preview:-1\" \/>\n<link rel=\"canonical\" href=\"https:\/\/universalgrowing.com\/en\/shop\/fertilizantes\/bloom-a-32oz\/\" \/>\n<meta property=\"og:locale\" content=\"en_US\" \/>\n<meta property=\"og:type\" content=\"article\" \/>\n<meta property=\"og:title\" content=\"Athena Bloom A 32OZ\" \/>\n<meta property=\"og:description\" content=\"Athena Bloom es una f\u00f3rmula simple y limpia de 2 partes dise\u00f1ada para la etapa de floraci\u00f3n del crecimiento de plantas frutales y productoras de flores. Mezclamos macronutrientes de primera calidad y micronutrientes quelados para lograr una mayor capacidad de absorci\u00f3n de nutrientes en un rango de pH m\u00e1s amplio en cualquier combinaci\u00f3n de m\u00e9todo [&hellip;]\" \/>\n<meta property=\"og:url\" content=\"https:\/\/universalgrowing.com\/en\/shop\/fertilizantes\/bloom-a-32oz\/\" \/>\n<meta property=\"og:site_name\" content=\"Universal Growing\" \/>\n<meta property=\"article:modified_time\" content=\"2025-06-02T18:45:20+00:00\" \/>\n<meta property=\"og:image\" content=\"https:\/\/universalgrowing.com\/wp-content\/uploads\/2024\/11\/BloomA-32oz.jpg\" \/>\n\t<meta property=\"og:image:width\" content=\"1200\" \/>\n\t<meta property=\"og:image:height\" content=\"1200\" \/>\n\t<meta property=\"og:image:type\" content=\"image\/jpeg\" \/>\n<meta name=\"twitter:card\" content=\"summary_large_image\" \/>\n<meta name=\"twitter:label1\" content=\"Price\" \/>\n\t<meta name=\"twitter:data1\" content=\"\" \/>\n\t<meta name=\"twitter:label2\" content=\"Availability\" \/>\n\t<meta name=\"twitter:data2\" content=\"Out of stock\" \/>\n<script type=\"application\/ld+json\" class=\"yoast-schema-graph\">{\"@context\":\"https:\/\/schema.org\",\"@graph\":[{\"@type\":\"WebPage\",\"@id\":\"https:\/\/universalgrowing.com\/shop\/fertilizantes\/bloom-a-32oz\/\",\"url\":\"https:\/\/universalgrowing.com\/shop\/fertilizantes\/bloom-a-32oz\/\",\"name\":\"Athena Bloom A 32OZ - Universal Growing\",\"isPartOf\":{\"@id\":\"https:\/\/universalgrowing.com\/#website\"},\"primaryImageOfPage\":{\"@id\":\"https:\/\/universalgrowing.com\/shop\/fertilizantes\/bloom-a-32oz\/#primaryimage\"},\"image\":{\"@id\":\"https:\/\/universalgrowing.com\/shop\/fertilizantes\/bloom-a-32oz\/#primaryimage\"},\"thumbnailUrl\":\"https:\/\/universalgrowing.com\/wp-content\/uploads\/2024\/11\/BloomA-32oz.jpg\",\"datePublished\":\"2024-11-12T13:20:45+00:00\",\"dateModified\":\"2025-06-02T18:45:20+00:00\",\"breadcrumb\":{\"@id\":\"https:\/\/universalgrowing.com\/shop\/fertilizantes\/bloom-a-32oz\/#breadcrumb\"},\"inLanguage\":\"en-US\",\"potentialAction\":[{\"@type\":\"ReadAction\",\"target\":[\"https:\/\/universalgrowing.com\/shop\/fertilizantes\/bloom-a-32oz\/\"]}]},{\"@type\":\"ImageObject\",\"inLanguage\":\"en-US\",\"@id\":\"https:\/\/universalgrowing.com\/shop\/fertilizantes\/bloom-a-32oz\/#primaryimage\",\"url\":\"https:\/\/universalgrowing.com\/wp-content\/uploads\/2024\/11\/BloomA-32oz.jpg\",\"contentUrl\":\"https:\/\/universalgrowing.com\/wp-content\/uploads\/2024\/11\/BloomA-32oz.jpg\",\"width\":1200,\"height\":1200},{\"@type\":\"BreadcrumbList\",\"@id\":\"https:\/\/universalgrowing.com\/shop\/fertilizantes\/bloom-a-32oz\/#breadcrumb\",\"itemListElement\":[{\"@type\":\"ListItem\",\"position\":1,\"name\":\"Portada\",\"item\":\"https:\/\/universalgrowing.com\/\"},{\"@type\":\"ListItem\",\"position\":2,\"name\":\"Shop\",\"item\":\"https:\/\/universalgrowing.com\/shop\/\"},{\"@type\":\"ListItem\",\"position\":3,\"name\":\"Athena Bloom A 32OZ\"}]},{\"@type\":\"WebSite\",\"@id\":\"https:\/\/universalgrowing.com\/#website\",\"url\":\"https:\/\/universalgrowing.com\/\",\"name\":\"Universal Growing\",\"description\":\"\",\"publisher\":{\"@id\":\"https:\/\/universalgrowing.com\/#organization\"},\"potentialAction\":[{\"@type\":\"SearchAction\",\"target\":{\"@type\":\"EntryPoint\",\"urlTemplate\":\"https:\/\/universalgrowing.com\/?s={search_term_string}\"},\"query-input\":{\"@type\":\"PropertyValueSpecification\",\"valueRequired\":true,\"valueName\":\"search_term_string\"}}],\"inLanguage\":\"en-US\"},{\"@type\":\"Organization\",\"@id\":\"https:\/\/universalgrowing.com\/#organization\",\"name\":\"Universal Growing\",\"url\":\"https:\/\/universalgrowing.com\/\",\"logo\":{\"@type\":\"ImageObject\",\"inLanguage\":\"en-US\",\"@id\":\"https:\/\/universalgrowing.com\/#\/schema\/logo\/image\/\",\"url\":\"https:\/\/universalgrowing.com\/wp-content\/uploads\/2024\/10\/UG_3.png\",\"contentUrl\":\"https:\/\/universalgrowing.com\/wp-content\/uploads\/2024\/10\/UG_3.png\",\"width\":1837,\"height\":535,\"caption\":\"Universal Growing\"},\"image\":{\"@id\":\"https:\/\/universalgrowing.com\/#\/schema\/logo\/image\/\"}}]}<\/script>\n<meta property=\"product:price:currency\" content=\"USD\" \/>\n<meta property=\"og:availability\" content=\"out of stock\" \/>\n<meta property=\"product:availability\" content=\"out of stock\" \/>\n<meta property=\"product:retailer_item_id\" content=\"850038693688\" \/>\n<meta property=\"product:condition\" content=\"new\" \/>\n<!-- \/ Yoast SEO Premium plugin. -->","yoast_head_json":{"title":"Athena Bloom A 32OZ - Universal Growing","robots":{"index":"index","follow":"follow","max-snippet":"max-snippet:-1","max-image-preview":"max-image-preview:large","max-video-preview":"max-video-preview:-1"},"canonical":"https:\/\/universalgrowing.com\/en\/shop\/fertilizantes\/bloom-a-32oz\/","og_locale":"en_US","og_type":"article","og_title":"Athena Bloom A 32OZ","og_description":"Athena Bloom es una f\u00f3rmula simple y limpia de 2 partes dise\u00f1ada para la etapa de floraci\u00f3n del crecimiento de plantas frutales y productoras de flores. Mezclamos macronutrientes de primera calidad y micronutrientes quelados para lograr una mayor capacidad de absorci\u00f3n de nutrientes en un rango de pH m\u00e1s amplio en cualquier combinaci\u00f3n de m\u00e9todo [&hellip;]","og_url":"https:\/\/universalgrowing.com\/en\/shop\/fertilizantes\/bloom-a-32oz\/","og_site_name":"Universal Growing","article_modified_time":"2025-06-02T18:45:20+00:00","og_image":[{"width":1200,"height":1200,"url":"https:\/\/universalgrowing.com\/wp-content\/uploads\/2024\/11\/BloomA-32oz.jpg","type":"image\/jpeg"}],"twitter_card":"summary_large_image","twitter_misc":{"Price":"","Availability":"Out of stock"},"schema":{"@context":"https:\/\/schema.org","@graph":[{"@type":"WebPage","@id":"https:\/\/universalgrowing.com\/shop\/fertilizantes\/bloom-a-32oz\/","url":"https:\/\/universalgrowing.com\/shop\/fertilizantes\/bloom-a-32oz\/","name":"Athena Bloom A 32OZ - Universal Growing","isPartOf":{"@id":"https:\/\/universalgrowing.com\/#website"},"primaryImageOfPage":{"@id":"https:\/\/universalgrowing.com\/shop\/fertilizantes\/bloom-a-32oz\/#primaryimage"},"image":{"@id":"https:\/\/universalgrowing.com\/shop\/fertilizantes\/bloom-a-32oz\/#primaryimage"},"thumbnailUrl":"https:\/\/universalgrowing.com\/wp-content\/uploads\/2024\/11\/BloomA-32oz.jpg","datePublished":"2024-11-12T13:20:45+00:00","dateModified":"2025-06-02T18:45:20+00:00","breadcrumb":{"@id":"https:\/\/universalgrowing.com\/shop\/fertilizantes\/bloom-a-32oz\/#breadcrumb"},"inLanguage":"en-US","potentialAction":[{"@type":"ReadAction","target":["https:\/\/universalgrowing.com\/shop\/fertilizantes\/bloom-a-32oz\/"]}]},{"@type":"ImageObject","inLanguage":"en-US","@id":"https:\/\/universalgrowing.com\/shop\/fertilizantes\/bloom-a-32oz\/#primaryimage","url":"https:\/\/universalgrowing.com\/wp-content\/uploads\/2024\/11\/BloomA-32oz.jpg","contentUrl":"https:\/\/universalgrowing.com\/wp-content\/uploads\/2024\/11\/BloomA-32oz.jpg","width":1200,"height":1200},{"@type":"BreadcrumbList","@id":"https:\/\/universalgrowing.com\/shop\/fertilizantes\/bloom-a-32oz\/#breadcrumb","itemListElement":[{"@type":"ListItem","position":1,"name":"Portada","item":"https:\/\/universalgrowing.com\/"},{"@type":"ListItem","position":2,"name":"Shop","item":"https:\/\/universalgrowing.com\/shop\/"},{"@type":"ListItem","position":3,"name":"Athena Bloom A 32OZ"}]},{"@type":"WebSite","@id":"https:\/\/universalgrowing.com\/#website","url":"https:\/\/universalgrowing.com\/","name":"Universal Growing","description":"","publisher":{"@id":"https:\/\/universalgrowing.com\/#organization"},"potentialAction":[{"@type":"SearchAction","target":{"@type":"EntryPoint","urlTemplate":"https:\/\/universalgrowing.com\/?s={search_term_string}"},"query-input":{"@type":"PropertyValueSpecification","valueRequired":true,"valueName":"search_term_string"}}],"inLanguage":"en-US"},{"@type":"Organization","@id":"https:\/\/universalgrowing.com\/#organization","name":"Universal Growing","url":"https:\/\/universalgrowing.com\/","logo":{"@type":"ImageObject","inLanguage":"en-US","@id":"https:\/\/universalgrowing.com\/#\/schema\/logo\/image\/","url":"https:\/\/universalgrowing.com\/wp-content\/uploads\/2024\/10\/UG_3.png","contentUrl":"https:\/\/universalgrowing.com\/wp-content\/uploads\/2024\/10\/UG_3.png","width":1837,"height":535,"caption":"Universal Growing"},"image":{"@id":"https:\/\/universalgrowing.com\/#\/schema\/logo\/image\/"}}]},"product_price_currency":"USD","og_availability":"out of stock","product_availability":"out of stock","product_retailer_item_id":"850038693688","product_condition":"new"},"acf":[],"_links":{"self":[{"href":"https:\/\/universalgrowing.com\/en\/wp-json\/wp\/v2\/product\/2403","targetHints":{"allow":["GET"]}}],"collection":[{"href":"https:\/\/universalgrowing.com\/en\/wp-json\/wp\/v2\/product"}],"about":[{"href":"https:\/\/universalgrowing.com\/en\/wp-json\/wp\/v2\/types\/product"}],"replies":[{"embeddable":true,"href":"https:\/\/universalgrowing.com\/en\/wp-json\/wp\/v2\/comments?post=2403"}],"wp:featuredmedia":[{"embeddable":true,"href":"https:\/\/universalgrowing.com\/en\/wp-json\/wp\/v2\/media\/2404"}],"wp:attachment":[{"href":"https:\/\/universalgrowing.com\/en\/wp-json\/wp\/v2\/media?parent=2403"}],"wp:term":[{"taxonomy":"product_brand","embeddable":true,"href":"https:\/\/universalgrowing.com\/en\/wp-json\/wp\/v2\/product_brand?post=2403"},{"taxonomy":"product_cat","embeddable":true,"href":"https:\/\/universalgrowing.com\/en\/wp-json\/wp\/v2\/product_cat?post=2403"},{"taxonomy":"product_tag","embeddable":true,"href":"https:\/\/universalgrowing.com\/en\/wp-json\/wp\/v2\/product_tag?post=2403"}],"curies":[{"name":"wp","href":"https:\/\/api.w.org\/{rel}","templated":true}]}}