{"id":2415,"date":"2024-11-12T13:35:42","date_gmt":"2024-11-12T13:35:42","guid":{"rendered":"https:\/\/azure-caterpillar-897541.hostingersite.com\/?post_type=product&#038;p=2415"},"modified":"2025-06-02T18:42:56","modified_gmt":"2025-06-02T18:42:56","slug":"camg-32oz","status":"publish","type":"product","link":"https:\/\/universalgrowing.com\/en\/shop\/fertilizantes\/camg-32oz\/","title":{"rendered":"Athena CaMg 32OZ"},"content":{"rendered":"<p data-mce-fragment=\"1\">Athena CaMg est\u00e1 dise\u00f1ado para complementar cualquiera de nuestras f\u00f3rmulas l\u00edquidas de 2 partes. Algunos cultivares y condiciones de cultivo pueden requerir dosis m\u00e1s altas de calcio, magnesio, hierro y nitr\u00f3geno durante las fases de crecimiento y desarrollo intensas. Este producto corrige de manera efectiva estas deficiencias comunes sin desequilibrar el balance elemental general. En sistemas que utilizan agua de \u00f3smosis inversa (RO) y plantas cultivadas en medios inertes como coco y lana de roca, Athena CaMg es particularmente \u00fatil. Aunque nuestras f\u00f3rmulas de 2 partes ya proporcionan niveles suficientes de calcio y magnesio, algunos cultivadores encuentran \u00fatil la suplementaci\u00f3n en condiciones exigentes.<\/p>\n<p data-mce-fragment=\"1\">Tasas de aplicaci\u00f3n: Agrega 2.5 mL por gal\u00f3n de agua durante todas las etapas seg\u00fan sea necesario.<\/p>\n<p data-mce-fragment=\"1\">Consulta las Programaciones de Alimentaci\u00f3n para recomendaciones espec\u00edficas de aplicaci\u00f3n.<\/p>\n<p data-mce-fragment=\"1\">Mejores pr\u00e1cticas:<\/p>\n<ul data-mce-fragment=\"1\">\n<li data-mce-fragment=\"1\">Agitar bien antes de usar.<\/li>\n<li data-mce-fragment=\"1\">Utilizar instrumentos de medici\u00f3n limpios; no introducir nada en la botella.<\/li>\n<li data-mce-fragment=\"1\">Algunas aplicaciones pueden requerir dosificaciones diferentes.<\/li>\n<li data-mce-fragment=\"1\">Recomendado para su uso en hidropon\u00eda, especialmente con medios inertes y cuando se utiliza agua de \u00f3smosis inversa (RO).<\/li>\n<li data-mce-fragment=\"1\">Controlar regularmente la conductividad el\u00e9ctrica (EC) y ajustar seg\u00fan corresponda seg\u00fan el cultivo y la etapa de crecimiento.<\/li>\n<li data-mce-fragment=\"1\">Ajustar el pH a los niveles adecuados despu\u00e9s de mezclar todos los fertilizantes y aditivos.<\/li>\n<li data-mce-fragment=\"1\">Almacenar cerrado en el envase original a una temperatura entre 45 \u00b0F y 85 \u00b0F (aproximadamente\u00a0<span data-mce-fragment=\"1\">7.22 \u00b0C y\u00a029.44 \u00b0C).<\/span><\/li>\n<\/ul>","protected":false},"excerpt":{"rendered":"<p>Athena CaMg est\u00e1 dise\u00f1ado para complementar cualquiera de nuestras f\u00f3rmulas l\u00edquidas de 2 partes. Algunos cultivares y condiciones de cultivo pueden requerir dosis m\u00e1s altas de calcio, magnesio, hierro y nitr\u00f3geno durante las fases de crecimiento y desarrollo intensas. Este producto corrige de manera efectiva estas deficiencias comunes sin desequilibrar el balance elemental general. En [&hellip;]<\/p>","protected":false},"featured_media":2416,"comment_status":"open","ping_status":"closed","template":"","meta":{"_acf_changed":false,"content-type":"","_joinchat":[]},"product_brand":[],"product_cat":[53],"product_tag":[83,59,84],"class_list":{"0":"post-2415","1":"product","2":"type-product","3":"status-publish","4":"has-post-thumbnail","6":"product_cat-fertilizantes","7":"product_tag-athena","8":"product_tag-blended-line","9":"product_tag-fertilizantes","11":"first","12":"outofstock","13":"shipping-taxable","14":"product-type-simple"},"yoast_head":"<!-- This site is optimized with the Yoast SEO Premium plugin v26.5 (Yoast SEO v26.5) - https:\/\/yoast.com\/wordpress\/plugins\/seo\/ -->\n<title>Athena CaMg 32OZ - Universal Growing<\/title>\n<meta name=\"robots\" content=\"index, follow, max-snippet:-1, max-image-preview:large, max-video-preview:-1\" \/>\n<link rel=\"canonical\" href=\"https:\/\/universalgrowing.com\/en\/shop\/fertilizantes\/camg-32oz\/\" \/>\n<meta property=\"og:locale\" content=\"en_US\" \/>\n<meta property=\"og:type\" content=\"article\" \/>\n<meta property=\"og:title\" content=\"Athena CaMg 32OZ\" \/>\n<meta property=\"og:description\" content=\"Athena CaMg est\u00e1 dise\u00f1ado para complementar cualquiera de nuestras f\u00f3rmulas l\u00edquidas de 2 partes. Algunos cultivares y condiciones de cultivo pueden requerir dosis m\u00e1s altas de calcio, magnesio, hierro y nitr\u00f3geno durante las fases de crecimiento y desarrollo intensas. Este producto corrige de manera efectiva estas deficiencias comunes sin desequilibrar el balance elemental general. En [&hellip;]\" \/>\n<meta property=\"og:url\" content=\"https:\/\/universalgrowing.com\/en\/shop\/fertilizantes\/camg-32oz\/\" \/>\n<meta property=\"og:site_name\" content=\"Universal Growing\" \/>\n<meta property=\"article:modified_time\" content=\"2025-06-02T18:42:56+00:00\" \/>\n<meta property=\"og:image\" content=\"https:\/\/universalgrowing.com\/wp-content\/uploads\/2024\/11\/camg-32oz.jpg\" \/>\n\t<meta property=\"og:image:width\" content=\"1200\" \/>\n\t<meta property=\"og:image:height\" content=\"1200\" \/>\n\t<meta property=\"og:image:type\" content=\"image\/jpeg\" \/>\n<meta name=\"twitter:card\" content=\"summary_large_image\" \/>\n<meta name=\"twitter:label1\" content=\"Price\" \/>\n\t<meta name=\"twitter:data1\" content=\"\" \/>\n\t<meta name=\"twitter:label2\" content=\"Availability\" \/>\n\t<meta name=\"twitter:data2\" content=\"Out of stock\" \/>\n<script type=\"application\/ld+json\" class=\"yoast-schema-graph\">{\"@context\":\"https:\/\/schema.org\",\"@graph\":[{\"@type\":\"WebPage\",\"@id\":\"https:\/\/universalgrowing.com\/shop\/fertilizantes\/camg-32oz\/\",\"url\":\"https:\/\/universalgrowing.com\/shop\/fertilizantes\/camg-32oz\/\",\"name\":\"Athena CaMg 32OZ - Universal Growing\",\"isPartOf\":{\"@id\":\"https:\/\/universalgrowing.com\/#website\"},\"primaryImageOfPage\":{\"@id\":\"https:\/\/universalgrowing.com\/shop\/fertilizantes\/camg-32oz\/#primaryimage\"},\"image\":{\"@id\":\"https:\/\/universalgrowing.com\/shop\/fertilizantes\/camg-32oz\/#primaryimage\"},\"thumbnailUrl\":\"https:\/\/universalgrowing.com\/wp-content\/uploads\/2024\/11\/camg-32oz.jpg\",\"datePublished\":\"2024-11-12T13:35:42+00:00\",\"dateModified\":\"2025-06-02T18:42:56+00:00\",\"breadcrumb\":{\"@id\":\"https:\/\/universalgrowing.com\/shop\/fertilizantes\/camg-32oz\/#breadcrumb\"},\"inLanguage\":\"en-US\",\"potentialAction\":[{\"@type\":\"ReadAction\",\"target\":[\"https:\/\/universalgrowing.com\/shop\/fertilizantes\/camg-32oz\/\"]}]},{\"@type\":\"ImageObject\",\"inLanguage\":\"en-US\",\"@id\":\"https:\/\/universalgrowing.com\/shop\/fertilizantes\/camg-32oz\/#primaryimage\",\"url\":\"https:\/\/universalgrowing.com\/wp-content\/uploads\/2024\/11\/camg-32oz.jpg\",\"contentUrl\":\"https:\/\/universalgrowing.com\/wp-content\/uploads\/2024\/11\/camg-32oz.jpg\",\"width\":1200,\"height\":1200},{\"@type\":\"BreadcrumbList\",\"@id\":\"https:\/\/universalgrowing.com\/shop\/fertilizantes\/camg-32oz\/#breadcrumb\",\"itemListElement\":[{\"@type\":\"ListItem\",\"position\":1,\"name\":\"Portada\",\"item\":\"https:\/\/universalgrowing.com\/\"},{\"@type\":\"ListItem\",\"position\":2,\"name\":\"Shop\",\"item\":\"https:\/\/universalgrowing.com\/shop\/\"},{\"@type\":\"ListItem\",\"position\":3,\"name\":\"Athena CaMg 32OZ\"}]},{\"@type\":\"WebSite\",\"@id\":\"https:\/\/universalgrowing.com\/#website\",\"url\":\"https:\/\/universalgrowing.com\/\",\"name\":\"Universal Growing\",\"description\":\"\",\"publisher\":{\"@id\":\"https:\/\/universalgrowing.com\/#organization\"},\"potentialAction\":[{\"@type\":\"SearchAction\",\"target\":{\"@type\":\"EntryPoint\",\"urlTemplate\":\"https:\/\/universalgrowing.com\/?s={search_term_string}\"},\"query-input\":{\"@type\":\"PropertyValueSpecification\",\"valueRequired\":true,\"valueName\":\"search_term_string\"}}],\"inLanguage\":\"en-US\"},{\"@type\":\"Organization\",\"@id\":\"https:\/\/universalgrowing.com\/#organization\",\"name\":\"Universal Growing\",\"url\":\"https:\/\/universalgrowing.com\/\",\"logo\":{\"@type\":\"ImageObject\",\"inLanguage\":\"en-US\",\"@id\":\"https:\/\/universalgrowing.com\/#\/schema\/logo\/image\/\",\"url\":\"https:\/\/universalgrowing.com\/wp-content\/uploads\/2024\/10\/UG_3.png\",\"contentUrl\":\"https:\/\/universalgrowing.com\/wp-content\/uploads\/2024\/10\/UG_3.png\",\"width\":1837,\"height\":535,\"caption\":\"Universal Growing\"},\"image\":{\"@id\":\"https:\/\/universalgrowing.com\/#\/schema\/logo\/image\/\"}}]}<\/script>\n<meta property=\"product:price:currency\" content=\"USD\" \/>\n<meta property=\"og:availability\" content=\"out of stock\" \/>\n<meta property=\"product:availability\" content=\"out of stock\" \/>\n<meta property=\"product:retailer_item_id\" content=\"850038693138\" \/>\n<meta property=\"product:condition\" content=\"new\" \/>\n<!-- \/ Yoast SEO Premium plugin. -->","yoast_head_json":{"title":"Athena CaMg 32OZ - Universal Growing","robots":{"index":"index","follow":"follow","max-snippet":"max-snippet:-1","max-image-preview":"max-image-preview:large","max-video-preview":"max-video-preview:-1"},"canonical":"https:\/\/universalgrowing.com\/en\/shop\/fertilizantes\/camg-32oz\/","og_locale":"en_US","og_type":"article","og_title":"Athena CaMg 32OZ","og_description":"Athena CaMg est\u00e1 dise\u00f1ado para complementar cualquiera de nuestras f\u00f3rmulas l\u00edquidas de 2 partes. Algunos cultivares y condiciones de cultivo pueden requerir dosis m\u00e1s altas de calcio, magnesio, hierro y nitr\u00f3geno durante las fases de crecimiento y desarrollo intensas. Este producto corrige de manera efectiva estas deficiencias comunes sin desequilibrar el balance elemental general. En [&hellip;]","og_url":"https:\/\/universalgrowing.com\/en\/shop\/fertilizantes\/camg-32oz\/","og_site_name":"Universal Growing","article_modified_time":"2025-06-02T18:42:56+00:00","og_image":[{"width":1200,"height":1200,"url":"https:\/\/universalgrowing.com\/wp-content\/uploads\/2024\/11\/camg-32oz.jpg","type":"image\/jpeg"}],"twitter_card":"summary_large_image","twitter_misc":{"Price":"","Availability":"Out of stock"},"schema":{"@context":"https:\/\/schema.org","@graph":[{"@type":"WebPage","@id":"https:\/\/universalgrowing.com\/shop\/fertilizantes\/camg-32oz\/","url":"https:\/\/universalgrowing.com\/shop\/fertilizantes\/camg-32oz\/","name":"Athena CaMg 32OZ - Universal Growing","isPartOf":{"@id":"https:\/\/universalgrowing.com\/#website"},"primaryImageOfPage":{"@id":"https:\/\/universalgrowing.com\/shop\/fertilizantes\/camg-32oz\/#primaryimage"},"image":{"@id":"https:\/\/universalgrowing.com\/shop\/fertilizantes\/camg-32oz\/#primaryimage"},"thumbnailUrl":"https:\/\/universalgrowing.com\/wp-content\/uploads\/2024\/11\/camg-32oz.jpg","datePublished":"2024-11-12T13:35:42+00:00","dateModified":"2025-06-02T18:42:56+00:00","breadcrumb":{"@id":"https:\/\/universalgrowing.com\/shop\/fertilizantes\/camg-32oz\/#breadcrumb"},"inLanguage":"en-US","potentialAction":[{"@type":"ReadAction","target":["https:\/\/universalgrowing.com\/shop\/fertilizantes\/camg-32oz\/"]}]},{"@type":"ImageObject","inLanguage":"en-US","@id":"https:\/\/universalgrowing.com\/shop\/fertilizantes\/camg-32oz\/#primaryimage","url":"https:\/\/universalgrowing.com\/wp-content\/uploads\/2024\/11\/camg-32oz.jpg","contentUrl":"https:\/\/universalgrowing.com\/wp-content\/uploads\/2024\/11\/camg-32oz.jpg","width":1200,"height":1200},{"@type":"BreadcrumbList","@id":"https:\/\/universalgrowing.com\/shop\/fertilizantes\/camg-32oz\/#breadcrumb","itemListElement":[{"@type":"ListItem","position":1,"name":"Portada","item":"https:\/\/universalgrowing.com\/"},{"@type":"ListItem","position":2,"name":"Shop","item":"https:\/\/universalgrowing.com\/shop\/"},{"@type":"ListItem","position":3,"name":"Athena CaMg 32OZ"}]},{"@type":"WebSite","@id":"https:\/\/universalgrowing.com\/#website","url":"https:\/\/universalgrowing.com\/","name":"Universal Growing","description":"","publisher":{"@id":"https:\/\/universalgrowing.com\/#organization"},"potentialAction":[{"@type":"SearchAction","target":{"@type":"EntryPoint","urlTemplate":"https:\/\/universalgrowing.com\/?s={search_term_string}"},"query-input":{"@type":"PropertyValueSpecification","valueRequired":true,"valueName":"search_term_string"}}],"inLanguage":"en-US"},{"@type":"Organization","@id":"https:\/\/universalgrowing.com\/#organization","name":"Universal Growing","url":"https:\/\/universalgrowing.com\/","logo":{"@type":"ImageObject","inLanguage":"en-US","@id":"https:\/\/universalgrowing.com\/#\/schema\/logo\/image\/","url":"https:\/\/universalgrowing.com\/wp-content\/uploads\/2024\/10\/UG_3.png","contentUrl":"https:\/\/universalgrowing.com\/wp-content\/uploads\/2024\/10\/UG_3.png","width":1837,"height":535,"caption":"Universal Growing"},"image":{"@id":"https:\/\/universalgrowing.com\/#\/schema\/logo\/image\/"}}]},"product_price_currency":"USD","og_availability":"out of stock","product_availability":"out of stock","product_retailer_item_id":"850038693138","product_condition":"new"},"acf":[],"_links":{"self":[{"href":"https:\/\/universalgrowing.com\/en\/wp-json\/wp\/v2\/product\/2415","targetHints":{"allow":["GET"]}}],"collection":[{"href":"https:\/\/universalgrowing.com\/en\/wp-json\/wp\/v2\/product"}],"about":[{"href":"https:\/\/universalgrowing.com\/en\/wp-json\/wp\/v2\/types\/product"}],"replies":[{"embeddable":true,"href":"https:\/\/universalgrowing.com\/en\/wp-json\/wp\/v2\/comments?post=2415"}],"wp:featuredmedia":[{"embeddable":true,"href":"https:\/\/universalgrowing.com\/en\/wp-json\/wp\/v2\/media\/2416"}],"wp:attachment":[{"href":"https:\/\/universalgrowing.com\/en\/wp-json\/wp\/v2\/media?parent=2415"}],"wp:term":[{"taxonomy":"product_brand","embeddable":true,"href":"https:\/\/universalgrowing.com\/en\/wp-json\/wp\/v2\/product_brand?post=2415"},{"taxonomy":"product_cat","embeddable":true,"href":"https:\/\/universalgrowing.com\/en\/wp-json\/wp\/v2\/product_cat?post=2415"},{"taxonomy":"product_tag","embeddable":true,"href":"https:\/\/universalgrowing.com\/en\/wp-json\/wp\/v2\/product_tag?post=2415"}],"curies":[{"name":"wp","href":"https:\/\/api.w.org\/{rel}","templated":true}]}}