{"id":2480,"date":"2024-11-12T14:54:21","date_gmt":"2024-11-12T14:54:21","guid":{"rendered":"https:\/\/azure-caterpillar-897541.hostingersite.com\/?post_type=product&#038;p=2480"},"modified":"2025-06-02T18:35:13","modified_gmt":"2025-06-02T18:35:13","slug":"ipw-32oz","status":"publish","type":"product","link":"https:\/\/universalgrowing.com\/en\/shop\/fertilizantes\/ipw-32oz\/","title":{"rendered":"Athena IPW 32OZ"},"content":{"rendered":"<p data-mce-fragment=\"1\">Athena IPW es una f\u00f3rmula completa de gesti\u00f3n de plagas que mata a muchos insectos de cuerpo blando y el mildi\u00fa en contacto. Cuando se usa seg\u00fan las indicaciones, Athena IPM penetra en las grietas de las plantas y las superficies de las hojas donde las enfermedades bi\u00f3ticas no deseadas buscan colonizar.<\/p>\n<ul>\n<li>Gesti\u00f3n completa del mildi\u00fa polvoriento: Control, Eliminaci\u00f3n y Curaci\u00f3n<\/li>\n<li>SIN pesticidas o fungicidas artificiales<\/li>\n<li>Proveniente de insumos cultivados en los Estados Unidos<\/li>\n<li>Puede utilizarse desde pl\u00e1ntulas hasta la cosecha<\/li>\n<li>Producto exento bajo la normativa EPA 25(b) con ingredientes de riesgo m\u00ednimo.<\/li>\n<\/ul>","protected":false},"excerpt":{"rendered":"<p>Athena IPW es una f\u00f3rmula completa de gesti\u00f3n de plagas que mata a muchos insectos de cuerpo blando y el mildi\u00fa en contacto. Cuando se usa seg\u00fan las indicaciones, Athena IPM penetra en las grietas de las plantas y las superficies de las hojas donde las enfermedades bi\u00f3ticas no deseadas buscan colonizar. Gesti\u00f3n completa del [&hellip;]<\/p>","protected":false},"featured_media":2498,"comment_status":"open","ping_status":"closed","template":"","meta":{"_acf_changed":false,"content-type":"","_joinchat":[]},"product_brand":[],"product_cat":[53],"product_tag":[83,84,60],"class_list":{"0":"post-2480","1":"product","2":"type-product","3":"status-publish","4":"has-post-thumbnail","6":"product_cat-fertilizantes","7":"product_tag-athena","8":"product_tag-fertilizantes","9":"product_tag-ipm-line","11":"first","12":"instock","13":"shipping-taxable","14":"product-type-simple"},"yoast_head":"<!-- This site is optimized with the Yoast SEO Premium plugin v26.5 (Yoast SEO v26.5) - https:\/\/yoast.com\/wordpress\/plugins\/seo\/ -->\n<title>Athena IPW 32OZ - Universal Growing<\/title>\n<meta name=\"robots\" content=\"index, follow, max-snippet:-1, max-image-preview:large, max-video-preview:-1\" \/>\n<link rel=\"canonical\" href=\"https:\/\/universalgrowing.com\/en\/shop\/fertilizantes\/ipw-32oz\/\" \/>\n<meta property=\"og:locale\" content=\"en_US\" \/>\n<meta property=\"og:type\" content=\"article\" \/>\n<meta property=\"og:title\" content=\"Athena IPW 32OZ\" \/>\n<meta property=\"og:description\" content=\"Athena IPW es una f\u00f3rmula completa de gesti\u00f3n de plagas que mata a muchos insectos de cuerpo blando y el mildi\u00fa en contacto. Cuando se usa seg\u00fan las indicaciones, Athena IPM penetra en las grietas de las plantas y las superficies de las hojas donde las enfermedades bi\u00f3ticas no deseadas buscan colonizar. Gesti\u00f3n completa del [&hellip;]\" \/>\n<meta property=\"og:url\" content=\"https:\/\/universalgrowing.com\/en\/shop\/fertilizantes\/ipw-32oz\/\" \/>\n<meta property=\"og:site_name\" content=\"Universal Growing\" \/>\n<meta property=\"article:modified_time\" content=\"2025-06-02T18:35:13+00:00\" \/>\n<meta property=\"og:image\" content=\"https:\/\/universalgrowing.com\/wp-content\/uploads\/2024\/11\/IPW-32oz.png\" \/>\n\t<meta property=\"og:image:width\" content=\"1200\" \/>\n\t<meta property=\"og:image:height\" content=\"1200\" \/>\n\t<meta property=\"og:image:type\" content=\"image\/png\" \/>\n<meta name=\"twitter:card\" content=\"summary_large_image\" \/>\n<meta name=\"twitter:label1\" content=\"Price\" \/>\n\t<meta name=\"twitter:data1\" content=\"\" \/>\n\t<meta name=\"twitter:label2\" content=\"Availability\" \/>\n\t<meta name=\"twitter:data2\" content=\"In stock\" \/>\n<script type=\"application\/ld+json\" class=\"yoast-schema-graph\">{\"@context\":\"https:\/\/schema.org\",\"@graph\":[{\"@type\":\"WebPage\",\"@id\":\"https:\/\/universalgrowing.com\/shop\/fertilizantes\/ipw-32oz\/\",\"url\":\"https:\/\/universalgrowing.com\/shop\/fertilizantes\/ipw-32oz\/\",\"name\":\"Athena IPW 32OZ - Universal Growing\",\"isPartOf\":{\"@id\":\"https:\/\/universalgrowing.com\/#website\"},\"primaryImageOfPage\":{\"@id\":\"https:\/\/universalgrowing.com\/shop\/fertilizantes\/ipw-32oz\/#primaryimage\"},\"image\":{\"@id\":\"https:\/\/universalgrowing.com\/shop\/fertilizantes\/ipw-32oz\/#primaryimage\"},\"thumbnailUrl\":\"https:\/\/universalgrowing.com\/wp-content\/uploads\/2024\/11\/IPW-32oz.png\",\"datePublished\":\"2024-11-12T14:54:21+00:00\",\"dateModified\":\"2025-06-02T18:35:13+00:00\",\"breadcrumb\":{\"@id\":\"https:\/\/universalgrowing.com\/shop\/fertilizantes\/ipw-32oz\/#breadcrumb\"},\"inLanguage\":\"en-US\",\"potentialAction\":[{\"@type\":\"ReadAction\",\"target\":[\"https:\/\/universalgrowing.com\/shop\/fertilizantes\/ipw-32oz\/\"]}]},{\"@type\":\"ImageObject\",\"inLanguage\":\"en-US\",\"@id\":\"https:\/\/universalgrowing.com\/shop\/fertilizantes\/ipw-32oz\/#primaryimage\",\"url\":\"https:\/\/universalgrowing.com\/wp-content\/uploads\/2024\/11\/IPW-32oz.png\",\"contentUrl\":\"https:\/\/universalgrowing.com\/wp-content\/uploads\/2024\/11\/IPW-32oz.png\",\"width\":1200,\"height\":1200},{\"@type\":\"BreadcrumbList\",\"@id\":\"https:\/\/universalgrowing.com\/shop\/fertilizantes\/ipw-32oz\/#breadcrumb\",\"itemListElement\":[{\"@type\":\"ListItem\",\"position\":1,\"name\":\"Portada\",\"item\":\"https:\/\/universalgrowing.com\/\"},{\"@type\":\"ListItem\",\"position\":2,\"name\":\"Shop\",\"item\":\"https:\/\/universalgrowing.com\/shop\/\"},{\"@type\":\"ListItem\",\"position\":3,\"name\":\"Athena IPW 32OZ\"}]},{\"@type\":\"WebSite\",\"@id\":\"https:\/\/universalgrowing.com\/#website\",\"url\":\"https:\/\/universalgrowing.com\/\",\"name\":\"Universal Growing\",\"description\":\"\",\"publisher\":{\"@id\":\"https:\/\/universalgrowing.com\/#organization\"},\"potentialAction\":[{\"@type\":\"SearchAction\",\"target\":{\"@type\":\"EntryPoint\",\"urlTemplate\":\"https:\/\/universalgrowing.com\/?s={search_term_string}\"},\"query-input\":{\"@type\":\"PropertyValueSpecification\",\"valueRequired\":true,\"valueName\":\"search_term_string\"}}],\"inLanguage\":\"en-US\"},{\"@type\":\"Organization\",\"@id\":\"https:\/\/universalgrowing.com\/#organization\",\"name\":\"Universal Growing\",\"url\":\"https:\/\/universalgrowing.com\/\",\"logo\":{\"@type\":\"ImageObject\",\"inLanguage\":\"en-US\",\"@id\":\"https:\/\/universalgrowing.com\/#\/schema\/logo\/image\/\",\"url\":\"https:\/\/universalgrowing.com\/wp-content\/uploads\/2024\/10\/UG_3.png\",\"contentUrl\":\"https:\/\/universalgrowing.com\/wp-content\/uploads\/2024\/10\/UG_3.png\",\"width\":1837,\"height\":535,\"caption\":\"Universal Growing\"},\"image\":{\"@id\":\"https:\/\/universalgrowing.com\/#\/schema\/logo\/image\/\"}}]}<\/script>\n<meta property=\"product:price:currency\" content=\"USD\" \/>\n<meta property=\"og:availability\" content=\"instock\" \/>\n<meta property=\"product:availability\" content=\"instock\" \/>\n<meta property=\"product:retailer_item_id\" content=\"850038693961\" \/>\n<meta property=\"product:condition\" content=\"new\" \/>\n<!-- \/ Yoast SEO Premium plugin. -->","yoast_head_json":{"title":"Athena IPW 32OZ - Universal Growing","robots":{"index":"index","follow":"follow","max-snippet":"max-snippet:-1","max-image-preview":"max-image-preview:large","max-video-preview":"max-video-preview:-1"},"canonical":"https:\/\/universalgrowing.com\/en\/shop\/fertilizantes\/ipw-32oz\/","og_locale":"en_US","og_type":"article","og_title":"Athena IPW 32OZ","og_description":"Athena IPW es una f\u00f3rmula completa de gesti\u00f3n de plagas que mata a muchos insectos de cuerpo blando y el mildi\u00fa en contacto. Cuando se usa seg\u00fan las indicaciones, Athena IPM penetra en las grietas de las plantas y las superficies de las hojas donde las enfermedades bi\u00f3ticas no deseadas buscan colonizar. Gesti\u00f3n completa del [&hellip;]","og_url":"https:\/\/universalgrowing.com\/en\/shop\/fertilizantes\/ipw-32oz\/","og_site_name":"Universal Growing","article_modified_time":"2025-06-02T18:35:13+00:00","og_image":[{"width":1200,"height":1200,"url":"https:\/\/universalgrowing.com\/wp-content\/uploads\/2024\/11\/IPW-32oz.png","type":"image\/png"}],"twitter_card":"summary_large_image","twitter_misc":{"Price":"","Availability":"In stock"},"schema":{"@context":"https:\/\/schema.org","@graph":[{"@type":"WebPage","@id":"https:\/\/universalgrowing.com\/shop\/fertilizantes\/ipw-32oz\/","url":"https:\/\/universalgrowing.com\/shop\/fertilizantes\/ipw-32oz\/","name":"Athena IPW 32OZ - Universal Growing","isPartOf":{"@id":"https:\/\/universalgrowing.com\/#website"},"primaryImageOfPage":{"@id":"https:\/\/universalgrowing.com\/shop\/fertilizantes\/ipw-32oz\/#primaryimage"},"image":{"@id":"https:\/\/universalgrowing.com\/shop\/fertilizantes\/ipw-32oz\/#primaryimage"},"thumbnailUrl":"https:\/\/universalgrowing.com\/wp-content\/uploads\/2024\/11\/IPW-32oz.png","datePublished":"2024-11-12T14:54:21+00:00","dateModified":"2025-06-02T18:35:13+00:00","breadcrumb":{"@id":"https:\/\/universalgrowing.com\/shop\/fertilizantes\/ipw-32oz\/#breadcrumb"},"inLanguage":"en-US","potentialAction":[{"@type":"ReadAction","target":["https:\/\/universalgrowing.com\/shop\/fertilizantes\/ipw-32oz\/"]}]},{"@type":"ImageObject","inLanguage":"en-US","@id":"https:\/\/universalgrowing.com\/shop\/fertilizantes\/ipw-32oz\/#primaryimage","url":"https:\/\/universalgrowing.com\/wp-content\/uploads\/2024\/11\/IPW-32oz.png","contentUrl":"https:\/\/universalgrowing.com\/wp-content\/uploads\/2024\/11\/IPW-32oz.png","width":1200,"height":1200},{"@type":"BreadcrumbList","@id":"https:\/\/universalgrowing.com\/shop\/fertilizantes\/ipw-32oz\/#breadcrumb","itemListElement":[{"@type":"ListItem","position":1,"name":"Portada","item":"https:\/\/universalgrowing.com\/"},{"@type":"ListItem","position":2,"name":"Shop","item":"https:\/\/universalgrowing.com\/shop\/"},{"@type":"ListItem","position":3,"name":"Athena IPW 32OZ"}]},{"@type":"WebSite","@id":"https:\/\/universalgrowing.com\/#website","url":"https:\/\/universalgrowing.com\/","name":"Universal Growing","description":"","publisher":{"@id":"https:\/\/universalgrowing.com\/#organization"},"potentialAction":[{"@type":"SearchAction","target":{"@type":"EntryPoint","urlTemplate":"https:\/\/universalgrowing.com\/?s={search_term_string}"},"query-input":{"@type":"PropertyValueSpecification","valueRequired":true,"valueName":"search_term_string"}}],"inLanguage":"en-US"},{"@type":"Organization","@id":"https:\/\/universalgrowing.com\/#organization","name":"Universal Growing","url":"https:\/\/universalgrowing.com\/","logo":{"@type":"ImageObject","inLanguage":"en-US","@id":"https:\/\/universalgrowing.com\/#\/schema\/logo\/image\/","url":"https:\/\/universalgrowing.com\/wp-content\/uploads\/2024\/10\/UG_3.png","contentUrl":"https:\/\/universalgrowing.com\/wp-content\/uploads\/2024\/10\/UG_3.png","width":1837,"height":535,"caption":"Universal Growing"},"image":{"@id":"https:\/\/universalgrowing.com\/#\/schema\/logo\/image\/"}}]},"product_price_currency":"USD","og_availability":"instock","product_availability":"instock","product_retailer_item_id":"850038693961","product_condition":"new"},"acf":[],"_links":{"self":[{"href":"https:\/\/universalgrowing.com\/en\/wp-json\/wp\/v2\/product\/2480","targetHints":{"allow":["GET"]}}],"collection":[{"href":"https:\/\/universalgrowing.com\/en\/wp-json\/wp\/v2\/product"}],"about":[{"href":"https:\/\/universalgrowing.com\/en\/wp-json\/wp\/v2\/types\/product"}],"replies":[{"embeddable":true,"href":"https:\/\/universalgrowing.com\/en\/wp-json\/wp\/v2\/comments?post=2480"}],"wp:featuredmedia":[{"embeddable":true,"href":"https:\/\/universalgrowing.com\/en\/wp-json\/wp\/v2\/media\/2498"}],"wp:attachment":[{"href":"https:\/\/universalgrowing.com\/en\/wp-json\/wp\/v2\/media?parent=2480"}],"wp:term":[{"taxonomy":"product_brand","embeddable":true,"href":"https:\/\/universalgrowing.com\/en\/wp-json\/wp\/v2\/product_brand?post=2480"},{"taxonomy":"product_cat","embeddable":true,"href":"https:\/\/universalgrowing.com\/en\/wp-json\/wp\/v2\/product_cat?post=2480"},{"taxonomy":"product_tag","embeddable":true,"href":"https:\/\/universalgrowing.com\/en\/wp-json\/wp\/v2\/product_tag?post=2480"}],"curies":[{"name":"wp","href":"https:\/\/api.w.org\/{rel}","templated":true}]}}