{"id":2496,"date":"2024-11-13T15:24:26","date_gmt":"2024-11-13T15:24:26","guid":{"rendered":"https:\/\/azure-caterpillar-897541.hostingersite.com\/?post_type=product&#038;p=2496"},"modified":"2025-06-02T18:33:50","modified_gmt":"2025-06-02T18:33:50","slug":"stack-32oz","status":"publish","type":"product","link":"https:\/\/universalgrowing.com\/en\/shop\/fertilizantes\/stack-32oz\/","title":{"rendered":"Athena Stack 32OZ"},"content":{"rendered":"<p data-mce-fragment=\"1\">Stack es un nutriente natural para plantas hecho a partir de extracto de algas marinas. Los nutrientes en Stack fomentan un crecimiento y floraci\u00f3n saludables. Stack proporciona a la planta las herramientas necesarias para alcanzar su m\u00e1ximo potencial gen\u00e9tico. Cuando se utiliza como pulverizaci\u00f3n foliar o riego de ra\u00edces, Stack ayuda a corregir deficiencias menores de potasio.<\/p>\n<p data-mce-fragment=\"1\"><strong>Instrucciones de uso:<\/strong> Puede ser utilizado como pulverizaci\u00f3n foliar o riego de ra\u00edces, una aplicaci\u00f3n semanal. Seguro para su uso en sistemas de riego. Stack contiene ingredientes org\u00e1nicos y puede separarse en almacenamiento. Agitar bien antes de usar.<\/p>\n<p data-mce-fragment=\"1\"><strong>Momento de aplicaci\u00f3n:<\/strong> Aplique Stack desde la \u00faltima semana de crecimiento vegetativo hasta la semana 4-5 de floraci\u00f3n, o una vez que las plantas dejen de crecer verticalmente.<\/p>\n<p data-mce-fragment=\"1\"><strong>Pulverizaci\u00f3n Foliar:<\/strong> Mezcle 7 ml por gal\u00f3n de agua y roc\u00ede abundantemente una vez por semana. Roc\u00ede con las luces apagadas y permita que se seque antes de encenderlas. No roc\u00ede despu\u00e9s de la semana 3 de floraci\u00f3n.<\/p>\n<p data-mce-fragment=\"1\"><strong>Uso en Trasplantes:<\/strong> Mezcle 2 ml por gal\u00f3n de agua y sumerja las ra\u00edces al desnudo durante 30-60 segundos antes de trasplantar o riegue con la soluci\u00f3n despu\u00e9s del trasplante. Stack puede reducir el estr\u00e9s del trasplante y mejorar la vitalidad de la planta.<\/p>\n<p data-mce-fragment=\"1\"><strong>Tratamiento de Semillas:<\/strong> Mezcle 4 ml por gal\u00f3n de agua y sumerja las semillas durante 1-2 minutos antes de plantar. Stack puede aumentar las tasas de germinaci\u00f3n y la vitalidad de la planta.<\/p>","protected":false},"excerpt":{"rendered":"<p>Stack es un nutriente natural para plantas hecho a partir de extracto de algas marinas. Los nutrientes en Stack fomentan un crecimiento y floraci\u00f3n saludables. Stack proporciona a la planta las herramientas necesarias para alcanzar su m\u00e1ximo potencial gen\u00e9tico. Cuando se utiliza como pulverizaci\u00f3n foliar o riego de ra\u00edces, Stack ayuda a corregir deficiencias menores [&hellip;]<\/p>","protected":false},"featured_media":2756,"comment_status":"open","ping_status":"closed","template":"","meta":{"_acf_changed":false,"content-type":"","_joinchat":[]},"product_brand":[],"product_cat":[53],"product_tag":[56],"class_list":{"0":"post-2496","1":"product","2":"type-product","3":"status-publish","4":"has-post-thumbnail","6":"product_cat-fertilizantes","7":"product_tag-foliar-line","9":"first","10":"outofstock","11":"shipping-taxable","12":"product-type-simple"},"yoast_head":"<!-- This site is optimized with the Yoast SEO Premium plugin v26.5 (Yoast SEO v26.5) - https:\/\/yoast.com\/wordpress\/plugins\/seo\/ -->\n<title>Athena Stack 32OZ - Universal Growing<\/title>\n<meta name=\"robots\" content=\"index, follow, max-snippet:-1, max-image-preview:large, max-video-preview:-1\" \/>\n<link rel=\"canonical\" href=\"https:\/\/universalgrowing.com\/en\/shop\/fertilizantes\/stack-32oz\/\" \/>\n<meta property=\"og:locale\" content=\"en_US\" \/>\n<meta property=\"og:type\" content=\"article\" \/>\n<meta property=\"og:title\" content=\"Athena Stack 32OZ\" \/>\n<meta property=\"og:description\" content=\"Stack es un nutriente natural para plantas hecho a partir de extracto de algas marinas. Los nutrientes en Stack fomentan un crecimiento y floraci\u00f3n saludables. Stack proporciona a la planta las herramientas necesarias para alcanzar su m\u00e1ximo potencial gen\u00e9tico. Cuando se utiliza como pulverizaci\u00f3n foliar o riego de ra\u00edces, Stack ayuda a corregir deficiencias menores [&hellip;]\" \/>\n<meta property=\"og:url\" content=\"https:\/\/universalgrowing.com\/en\/shop\/fertilizantes\/stack-32oz\/\" \/>\n<meta property=\"og:site_name\" content=\"Universal Growing\" \/>\n<meta property=\"article:modified_time\" content=\"2025-06-02T18:33:50+00:00\" \/>\n<meta property=\"og:image\" content=\"https:\/\/universalgrowing.com\/wp-content\/uploads\/2024\/11\/Stack-32-Oz-2.jpg\" \/>\n\t<meta property=\"og:image:width\" content=\"800\" \/>\n\t<meta property=\"og:image:height\" content=\"800\" \/>\n\t<meta property=\"og:image:type\" content=\"image\/jpeg\" \/>\n<meta name=\"twitter:card\" content=\"summary_large_image\" \/>\n<meta name=\"twitter:label1\" content=\"Price\" \/>\n\t<meta name=\"twitter:data1\" content=\"\" \/>\n\t<meta name=\"twitter:label2\" content=\"Availability\" \/>\n\t<meta name=\"twitter:data2\" content=\"Out of stock\" \/>\n<script type=\"application\/ld+json\" class=\"yoast-schema-graph\">{\"@context\":\"https:\/\/schema.org\",\"@graph\":[{\"@type\":\"WebPage\",\"@id\":\"https:\/\/universalgrowing.com\/shop\/fertilizantes\/stack-32oz\/\",\"url\":\"https:\/\/universalgrowing.com\/shop\/fertilizantes\/stack-32oz\/\",\"name\":\"Athena Stack 32OZ - Universal Growing\",\"isPartOf\":{\"@id\":\"https:\/\/universalgrowing.com\/#website\"},\"primaryImageOfPage\":{\"@id\":\"https:\/\/universalgrowing.com\/shop\/fertilizantes\/stack-32oz\/#primaryimage\"},\"image\":{\"@id\":\"https:\/\/universalgrowing.com\/shop\/fertilizantes\/stack-32oz\/#primaryimage\"},\"thumbnailUrl\":\"https:\/\/universalgrowing.com\/wp-content\/uploads\/2024\/11\/Stack-32-Oz-2.jpg\",\"datePublished\":\"2024-11-13T15:24:26+00:00\",\"dateModified\":\"2025-06-02T18:33:50+00:00\",\"breadcrumb\":{\"@id\":\"https:\/\/universalgrowing.com\/shop\/fertilizantes\/stack-32oz\/#breadcrumb\"},\"inLanguage\":\"en-US\",\"potentialAction\":[{\"@type\":\"ReadAction\",\"target\":[\"https:\/\/universalgrowing.com\/shop\/fertilizantes\/stack-32oz\/\"]}]},{\"@type\":\"ImageObject\",\"inLanguage\":\"en-US\",\"@id\":\"https:\/\/universalgrowing.com\/shop\/fertilizantes\/stack-32oz\/#primaryimage\",\"url\":\"https:\/\/universalgrowing.com\/wp-content\/uploads\/2024\/11\/Stack-32-Oz-2.jpg\",\"contentUrl\":\"https:\/\/universalgrowing.com\/wp-content\/uploads\/2024\/11\/Stack-32-Oz-2.jpg\",\"width\":800,\"height\":800},{\"@type\":\"BreadcrumbList\",\"@id\":\"https:\/\/universalgrowing.com\/shop\/fertilizantes\/stack-32oz\/#breadcrumb\",\"itemListElement\":[{\"@type\":\"ListItem\",\"position\":1,\"name\":\"Portada\",\"item\":\"https:\/\/universalgrowing.com\/\"},{\"@type\":\"ListItem\",\"position\":2,\"name\":\"Shop\",\"item\":\"https:\/\/universalgrowing.com\/shop\/\"},{\"@type\":\"ListItem\",\"position\":3,\"name\":\"Athena Stack 32OZ\"}]},{\"@type\":\"WebSite\",\"@id\":\"https:\/\/universalgrowing.com\/#website\",\"url\":\"https:\/\/universalgrowing.com\/\",\"name\":\"Universal Growing\",\"description\":\"\",\"publisher\":{\"@id\":\"https:\/\/universalgrowing.com\/#organization\"},\"potentialAction\":[{\"@type\":\"SearchAction\",\"target\":{\"@type\":\"EntryPoint\",\"urlTemplate\":\"https:\/\/universalgrowing.com\/?s={search_term_string}\"},\"query-input\":{\"@type\":\"PropertyValueSpecification\",\"valueRequired\":true,\"valueName\":\"search_term_string\"}}],\"inLanguage\":\"en-US\"},{\"@type\":\"Organization\",\"@id\":\"https:\/\/universalgrowing.com\/#organization\",\"name\":\"Universal Growing\",\"url\":\"https:\/\/universalgrowing.com\/\",\"logo\":{\"@type\":\"ImageObject\",\"inLanguage\":\"en-US\",\"@id\":\"https:\/\/universalgrowing.com\/#\/schema\/logo\/image\/\",\"url\":\"https:\/\/universalgrowing.com\/wp-content\/uploads\/2024\/10\/UG_3.png\",\"contentUrl\":\"https:\/\/universalgrowing.com\/wp-content\/uploads\/2024\/10\/UG_3.png\",\"width\":1837,\"height\":535,\"caption\":\"Universal Growing\"},\"image\":{\"@id\":\"https:\/\/universalgrowing.com\/#\/schema\/logo\/image\/\"}}]}<\/script>\n<meta property=\"product:price:currency\" content=\"USD\" \/>\n<meta property=\"og:availability\" content=\"out of stock\" \/>\n<meta property=\"product:availability\" content=\"out of stock\" \/>\n<meta property=\"product:retailer_item_id\" content=\"860007760808\" \/>\n<meta property=\"product:condition\" content=\"new\" \/>\n<!-- \/ Yoast SEO Premium plugin. -->","yoast_head_json":{"title":"Athena Stack 32OZ - Universal Growing","robots":{"index":"index","follow":"follow","max-snippet":"max-snippet:-1","max-image-preview":"max-image-preview:large","max-video-preview":"max-video-preview:-1"},"canonical":"https:\/\/universalgrowing.com\/en\/shop\/fertilizantes\/stack-32oz\/","og_locale":"en_US","og_type":"article","og_title":"Athena Stack 32OZ","og_description":"Stack es un nutriente natural para plantas hecho a partir de extracto de algas marinas. Los nutrientes en Stack fomentan un crecimiento y floraci\u00f3n saludables. Stack proporciona a la planta las herramientas necesarias para alcanzar su m\u00e1ximo potencial gen\u00e9tico. Cuando se utiliza como pulverizaci\u00f3n foliar o riego de ra\u00edces, Stack ayuda a corregir deficiencias menores [&hellip;]","og_url":"https:\/\/universalgrowing.com\/en\/shop\/fertilizantes\/stack-32oz\/","og_site_name":"Universal Growing","article_modified_time":"2025-06-02T18:33:50+00:00","og_image":[{"width":800,"height":800,"url":"https:\/\/universalgrowing.com\/wp-content\/uploads\/2024\/11\/Stack-32-Oz-2.jpg","type":"image\/jpeg"}],"twitter_card":"summary_large_image","twitter_misc":{"Price":"","Availability":"Out of stock"},"schema":{"@context":"https:\/\/schema.org","@graph":[{"@type":"WebPage","@id":"https:\/\/universalgrowing.com\/shop\/fertilizantes\/stack-32oz\/","url":"https:\/\/universalgrowing.com\/shop\/fertilizantes\/stack-32oz\/","name":"Athena Stack 32OZ - Universal Growing","isPartOf":{"@id":"https:\/\/universalgrowing.com\/#website"},"primaryImageOfPage":{"@id":"https:\/\/universalgrowing.com\/shop\/fertilizantes\/stack-32oz\/#primaryimage"},"image":{"@id":"https:\/\/universalgrowing.com\/shop\/fertilizantes\/stack-32oz\/#primaryimage"},"thumbnailUrl":"https:\/\/universalgrowing.com\/wp-content\/uploads\/2024\/11\/Stack-32-Oz-2.jpg","datePublished":"2024-11-13T15:24:26+00:00","dateModified":"2025-06-02T18:33:50+00:00","breadcrumb":{"@id":"https:\/\/universalgrowing.com\/shop\/fertilizantes\/stack-32oz\/#breadcrumb"},"inLanguage":"en-US","potentialAction":[{"@type":"ReadAction","target":["https:\/\/universalgrowing.com\/shop\/fertilizantes\/stack-32oz\/"]}]},{"@type":"ImageObject","inLanguage":"en-US","@id":"https:\/\/universalgrowing.com\/shop\/fertilizantes\/stack-32oz\/#primaryimage","url":"https:\/\/universalgrowing.com\/wp-content\/uploads\/2024\/11\/Stack-32-Oz-2.jpg","contentUrl":"https:\/\/universalgrowing.com\/wp-content\/uploads\/2024\/11\/Stack-32-Oz-2.jpg","width":800,"height":800},{"@type":"BreadcrumbList","@id":"https:\/\/universalgrowing.com\/shop\/fertilizantes\/stack-32oz\/#breadcrumb","itemListElement":[{"@type":"ListItem","position":1,"name":"Portada","item":"https:\/\/universalgrowing.com\/"},{"@type":"ListItem","position":2,"name":"Shop","item":"https:\/\/universalgrowing.com\/shop\/"},{"@type":"ListItem","position":3,"name":"Athena Stack 32OZ"}]},{"@type":"WebSite","@id":"https:\/\/universalgrowing.com\/#website","url":"https:\/\/universalgrowing.com\/","name":"Universal Growing","description":"","publisher":{"@id":"https:\/\/universalgrowing.com\/#organization"},"potentialAction":[{"@type":"SearchAction","target":{"@type":"EntryPoint","urlTemplate":"https:\/\/universalgrowing.com\/?s={search_term_string}"},"query-input":{"@type":"PropertyValueSpecification","valueRequired":true,"valueName":"search_term_string"}}],"inLanguage":"en-US"},{"@type":"Organization","@id":"https:\/\/universalgrowing.com\/#organization","name":"Universal Growing","url":"https:\/\/universalgrowing.com\/","logo":{"@type":"ImageObject","inLanguage":"en-US","@id":"https:\/\/universalgrowing.com\/#\/schema\/logo\/image\/","url":"https:\/\/universalgrowing.com\/wp-content\/uploads\/2024\/10\/UG_3.png","contentUrl":"https:\/\/universalgrowing.com\/wp-content\/uploads\/2024\/10\/UG_3.png","width":1837,"height":535,"caption":"Universal Growing"},"image":{"@id":"https:\/\/universalgrowing.com\/#\/schema\/logo\/image\/"}}]},"product_price_currency":"USD","og_availability":"out of stock","product_availability":"out of stock","product_retailer_item_id":"860007760808","product_condition":"new"},"acf":[],"_links":{"self":[{"href":"https:\/\/universalgrowing.com\/en\/wp-json\/wp\/v2\/product\/2496","targetHints":{"allow":["GET"]}}],"collection":[{"href":"https:\/\/universalgrowing.com\/en\/wp-json\/wp\/v2\/product"}],"about":[{"href":"https:\/\/universalgrowing.com\/en\/wp-json\/wp\/v2\/types\/product"}],"replies":[{"embeddable":true,"href":"https:\/\/universalgrowing.com\/en\/wp-json\/wp\/v2\/comments?post=2496"}],"wp:featuredmedia":[{"embeddable":true,"href":"https:\/\/universalgrowing.com\/en\/wp-json\/wp\/v2\/media\/2756"}],"wp:attachment":[{"href":"https:\/\/universalgrowing.com\/en\/wp-json\/wp\/v2\/media?parent=2496"}],"wp:term":[{"taxonomy":"product_brand","embeddable":true,"href":"https:\/\/universalgrowing.com\/en\/wp-json\/wp\/v2\/product_brand?post=2496"},{"taxonomy":"product_cat","embeddable":true,"href":"https:\/\/universalgrowing.com\/en\/wp-json\/wp\/v2\/product_cat?post=2496"},{"taxonomy":"product_tag","embeddable":true,"href":"https:\/\/universalgrowing.com\/en\/wp-json\/wp\/v2\/product_tag?post=2496"}],"curies":[{"name":"wp","href":"https:\/\/api.w.org\/{rel}","templated":true}]}}