{"id":2561,"date":"2024-11-13T19:08:10","date_gmt":"2024-11-13T19:08:10","guid":{"rendered":"https:\/\/azure-caterpillar-897541.hostingersite.com\/?post_type=product&#038;p=2561"},"modified":"2025-06-02T18:32:02","modified_gmt":"2025-06-02T18:32:02","slug":"grovebags-terploc-7-g-negra-1-4oz","status":"publish","type":"product","link":"https:\/\/universalgrowing.com\/en\/shop\/packaging\/grovebags-terploc-7-g-negra-1-4oz\/","title":{"rendered":"GroveBags TerpLoc 7 G &#8211; Negra (1\/4Oz)"},"content":{"rendered":"<div class=\"flex-shrink-0 flex flex-col relative items-end\">\n<div>\n<div class=\"pt-0\">\n<div class=\"gizmo-bot-avatar flex h-8 w-8 items-center justify-center overflow-hidden rounded-full\">\n<div class=\"relative p-1 rounded-sm flex items-center justify-center bg-token-main-surface-primary text-token-text-primary h-8 w-8\">Las bolsas con cierre TerpLoc\u00ae est\u00e1n dise\u00f1adas en funci\u00f3n de la fisiolog\u00eda \u00fanica del cannabis para mantener el peso, prevenir el moho y preservar los delicados perfiles de terpenos. Una vez que tu producto est\u00e1 sellado en su interior, los gases indeseados y el vapor de agua se difunden activamente a trav\u00e9s de las capas de las bolsas, creando un microclima con un nivel de humedad relativa de 58-62%, limitando la oxidaci\u00f3n y previniendo da\u00f1os por rayos UV nocivos.<\/div>\n<\/div>\n<\/div>\n<\/div>\n<\/div>","protected":false},"excerpt":{"rendered":"<p>Las bolsas con cierre TerpLoc\u00ae est\u00e1n dise\u00f1adas en funci\u00f3n de la fisiolog\u00eda \u00fanica del cannabis para mantener el peso, prevenir el moho y preservar los delicados perfiles de terpenos. Una vez que tu producto est\u00e1 sellado en su interior, los gases indeseados y el vapor de agua se difunden activamente a trav\u00e9s de las capas [&hellip;]<\/p>","protected":false},"featured_media":2562,"comment_status":"open","ping_status":"closed","template":"","meta":{"_acf_changed":false,"content-type":"","_joinchat":[]},"product_brand":[],"product_cat":[68],"product_tag":[],"class_list":{"0":"post-2561","1":"product","2":"type-product","3":"status-publish","4":"has-post-thumbnail","6":"product_cat-packaging","8":"first","9":"instock","10":"shipping-taxable","11":"purchasable","12":"product-type-simple"},"yoast_head":"<!-- This site is optimized with the Yoast SEO Premium plugin v26.5 (Yoast SEO v26.5) - https:\/\/yoast.com\/wordpress\/plugins\/seo\/ -->\n<title>GroveBags TerpLoc 7 G - Negra (1\/4Oz) - Universal Growing<\/title>\n<meta name=\"robots\" content=\"index, follow, max-snippet:-1, max-image-preview:large, max-video-preview:-1\" \/>\n<link rel=\"canonical\" href=\"https:\/\/universalgrowing.com\/en\/shop\/packaging\/grovebags-terploc-7-g-negra-1-4oz\/\" \/>\n<meta property=\"og:locale\" content=\"en_US\" \/>\n<meta property=\"og:type\" content=\"article\" \/>\n<meta property=\"og:title\" content=\"GroveBags TerpLoc 7 G - Negra (1\/4Oz)\" \/>\n<meta property=\"og:description\" content=\"Las bolsas con cierre TerpLoc\u00ae est\u00e1n dise\u00f1adas en funci\u00f3n de la fisiolog\u00eda \u00fanica del cannabis para mantener el peso, prevenir el moho y preservar los delicados perfiles de terpenos. Una vez que tu producto est\u00e1 sellado en su interior, los gases indeseados y el vapor de agua se difunden activamente a trav\u00e9s de las capas [&hellip;]\" \/>\n<meta property=\"og:url\" content=\"https:\/\/universalgrowing.com\/en\/shop\/packaging\/grovebags-terploc-7-g-negra-1-4oz\/\" \/>\n<meta property=\"og:site_name\" content=\"Universal Growing\" \/>\n<meta property=\"article:modified_time\" content=\"2025-06-02T18:32:02+00:00\" \/>\n<meta property=\"og:image\" content=\"https:\/\/universalgrowing.com\/wp-content\/uploads\/2024\/11\/1.4-Ounce-Mockup-Opaque-Front.png\" \/>\n\t<meta property=\"og:image:width\" content=\"3939\" \/>\n\t<meta property=\"og:image:height\" content=\"3094\" \/>\n\t<meta property=\"og:image:type\" content=\"image\/png\" \/>\n<meta name=\"twitter:card\" content=\"summary_large_image\" \/>\n<meta name=\"twitter:label1\" content=\"Price\" \/>\n\t<meta name=\"twitter:data1\" content=\"&#036;1,400.00\" \/>\n\t<meta name=\"twitter:label2\" content=\"Availability\" \/>\n\t<meta name=\"twitter:data2\" content=\"In stock\" \/>\n<script type=\"application\/ld+json\" class=\"yoast-schema-graph\">{\"@context\":\"https:\/\/schema.org\",\"@graph\":[{\"@type\":\"WebPage\",\"@id\":\"https:\/\/universalgrowing.com\/shop\/packaging\/grovebags-terploc-7-g-negra-1-4oz\/\",\"url\":\"https:\/\/universalgrowing.com\/shop\/packaging\/grovebags-terploc-7-g-negra-1-4oz\/\",\"name\":\"GroveBags TerpLoc 7 G - Negra (1\/4Oz) - Universal Growing\",\"isPartOf\":{\"@id\":\"https:\/\/universalgrowing.com\/#website\"},\"primaryImageOfPage\":{\"@id\":\"https:\/\/universalgrowing.com\/shop\/packaging\/grovebags-terploc-7-g-negra-1-4oz\/#primaryimage\"},\"image\":{\"@id\":\"https:\/\/universalgrowing.com\/shop\/packaging\/grovebags-terploc-7-g-negra-1-4oz\/#primaryimage\"},\"thumbnailUrl\":\"https:\/\/universalgrowing.com\/wp-content\/uploads\/2024\/11\/1.4-Ounce-Mockup-Opaque-Front.png\",\"datePublished\":\"2024-11-13T19:08:10+00:00\",\"dateModified\":\"2025-06-02T18:32:02+00:00\",\"breadcrumb\":{\"@id\":\"https:\/\/universalgrowing.com\/shop\/packaging\/grovebags-terploc-7-g-negra-1-4oz\/#breadcrumb\"},\"inLanguage\":\"en-US\",\"potentialAction\":[{\"@type\":\"ReadAction\",\"target\":[\"https:\/\/universalgrowing.com\/shop\/packaging\/grovebags-terploc-7-g-negra-1-4oz\/\"]}]},{\"@type\":\"ImageObject\",\"inLanguage\":\"en-US\",\"@id\":\"https:\/\/universalgrowing.com\/shop\/packaging\/grovebags-terploc-7-g-negra-1-4oz\/#primaryimage\",\"url\":\"https:\/\/universalgrowing.com\/wp-content\/uploads\/2024\/11\/1.4-Ounce-Mockup-Opaque-Front.png\",\"contentUrl\":\"https:\/\/universalgrowing.com\/wp-content\/uploads\/2024\/11\/1.4-Ounce-Mockup-Opaque-Front.png\",\"width\":3939,\"height\":3094},{\"@type\":\"BreadcrumbList\",\"@id\":\"https:\/\/universalgrowing.com\/shop\/packaging\/grovebags-terploc-7-g-negra-1-4oz\/#breadcrumb\",\"itemListElement\":[{\"@type\":\"ListItem\",\"position\":1,\"name\":\"Portada\",\"item\":\"https:\/\/universalgrowing.com\/\"},{\"@type\":\"ListItem\",\"position\":2,\"name\":\"Shop\",\"item\":\"https:\/\/universalgrowing.com\/shop\/\"},{\"@type\":\"ListItem\",\"position\":3,\"name\":\"GroveBags TerpLoc 7 G &#8211; Negra (1\/4Oz)\"}]},{\"@type\":\"WebSite\",\"@id\":\"https:\/\/universalgrowing.com\/#website\",\"url\":\"https:\/\/universalgrowing.com\/\",\"name\":\"Universal Growing\",\"description\":\"\",\"publisher\":{\"@id\":\"https:\/\/universalgrowing.com\/#organization\"},\"potentialAction\":[{\"@type\":\"SearchAction\",\"target\":{\"@type\":\"EntryPoint\",\"urlTemplate\":\"https:\/\/universalgrowing.com\/?s={search_term_string}\"},\"query-input\":{\"@type\":\"PropertyValueSpecification\",\"valueRequired\":true,\"valueName\":\"search_term_string\"}}],\"inLanguage\":\"en-US\"},{\"@type\":\"Organization\",\"@id\":\"https:\/\/universalgrowing.com\/#organization\",\"name\":\"Universal Growing\",\"url\":\"https:\/\/universalgrowing.com\/\",\"logo\":{\"@type\":\"ImageObject\",\"inLanguage\":\"en-US\",\"@id\":\"https:\/\/universalgrowing.com\/#\/schema\/logo\/image\/\",\"url\":\"https:\/\/universalgrowing.com\/wp-content\/uploads\/2024\/10\/UG_3.png\",\"contentUrl\":\"https:\/\/universalgrowing.com\/wp-content\/uploads\/2024\/10\/UG_3.png\",\"width\":1837,\"height\":535,\"caption\":\"Universal Growing\"},\"image\":{\"@id\":\"https:\/\/universalgrowing.com\/#\/schema\/logo\/image\/\"}}]}<\/script>\n<meta property=\"product:price:amount\" content=\"1400.00\" \/>\n<meta property=\"product:price:currency\" content=\"USD\" \/>\n<meta property=\"og:availability\" content=\"instock\" \/>\n<meta property=\"product:availability\" content=\"instock\" \/>\n<meta property=\"product:retailer_item_id\" content=\"223344\" \/>\n<meta property=\"product:condition\" content=\"new\" \/>\n<!-- \/ Yoast SEO Premium plugin. -->","yoast_head_json":{"title":"GroveBags TerpLoc 7 G - Negra (1\/4Oz) - Universal Growing","robots":{"index":"index","follow":"follow","max-snippet":"max-snippet:-1","max-image-preview":"max-image-preview:large","max-video-preview":"max-video-preview:-1"},"canonical":"https:\/\/universalgrowing.com\/en\/shop\/packaging\/grovebags-terploc-7-g-negra-1-4oz\/","og_locale":"en_US","og_type":"article","og_title":"GroveBags TerpLoc 7 G - Negra (1\/4Oz)","og_description":"Las bolsas con cierre TerpLoc\u00ae est\u00e1n dise\u00f1adas en funci\u00f3n de la fisiolog\u00eda \u00fanica del cannabis para mantener el peso, prevenir el moho y preservar los delicados perfiles de terpenos. Una vez que tu producto est\u00e1 sellado en su interior, los gases indeseados y el vapor de agua se difunden activamente a trav\u00e9s de las capas [&hellip;]","og_url":"https:\/\/universalgrowing.com\/en\/shop\/packaging\/grovebags-terploc-7-g-negra-1-4oz\/","og_site_name":"Universal Growing","article_modified_time":"2025-06-02T18:32:02+00:00","og_image":[{"width":3939,"height":3094,"url":"https:\/\/universalgrowing.com\/wp-content\/uploads\/2024\/11\/1.4-Ounce-Mockup-Opaque-Front.png","type":"image\/png"}],"twitter_card":"summary_large_image","twitter_misc":{"Price":"&#36;1,400.00","Availability":"In stock"},"schema":{"@context":"https:\/\/schema.org","@graph":[{"@type":"WebPage","@id":"https:\/\/universalgrowing.com\/shop\/packaging\/grovebags-terploc-7-g-negra-1-4oz\/","url":"https:\/\/universalgrowing.com\/shop\/packaging\/grovebags-terploc-7-g-negra-1-4oz\/","name":"GroveBags TerpLoc 7 G - Negra (1\/4Oz) - Universal Growing","isPartOf":{"@id":"https:\/\/universalgrowing.com\/#website"},"primaryImageOfPage":{"@id":"https:\/\/universalgrowing.com\/shop\/packaging\/grovebags-terploc-7-g-negra-1-4oz\/#primaryimage"},"image":{"@id":"https:\/\/universalgrowing.com\/shop\/packaging\/grovebags-terploc-7-g-negra-1-4oz\/#primaryimage"},"thumbnailUrl":"https:\/\/universalgrowing.com\/wp-content\/uploads\/2024\/11\/1.4-Ounce-Mockup-Opaque-Front.png","datePublished":"2024-11-13T19:08:10+00:00","dateModified":"2025-06-02T18:32:02+00:00","breadcrumb":{"@id":"https:\/\/universalgrowing.com\/shop\/packaging\/grovebags-terploc-7-g-negra-1-4oz\/#breadcrumb"},"inLanguage":"en-US","potentialAction":[{"@type":"ReadAction","target":["https:\/\/universalgrowing.com\/shop\/packaging\/grovebags-terploc-7-g-negra-1-4oz\/"]}]},{"@type":"ImageObject","inLanguage":"en-US","@id":"https:\/\/universalgrowing.com\/shop\/packaging\/grovebags-terploc-7-g-negra-1-4oz\/#primaryimage","url":"https:\/\/universalgrowing.com\/wp-content\/uploads\/2024\/11\/1.4-Ounce-Mockup-Opaque-Front.png","contentUrl":"https:\/\/universalgrowing.com\/wp-content\/uploads\/2024\/11\/1.4-Ounce-Mockup-Opaque-Front.png","width":3939,"height":3094},{"@type":"BreadcrumbList","@id":"https:\/\/universalgrowing.com\/shop\/packaging\/grovebags-terploc-7-g-negra-1-4oz\/#breadcrumb","itemListElement":[{"@type":"ListItem","position":1,"name":"Portada","item":"https:\/\/universalgrowing.com\/"},{"@type":"ListItem","position":2,"name":"Shop","item":"https:\/\/universalgrowing.com\/shop\/"},{"@type":"ListItem","position":3,"name":"GroveBags TerpLoc 7 G &#8211; Negra (1\/4Oz)"}]},{"@type":"WebSite","@id":"https:\/\/universalgrowing.com\/#website","url":"https:\/\/universalgrowing.com\/","name":"Universal Growing","description":"","publisher":{"@id":"https:\/\/universalgrowing.com\/#organization"},"potentialAction":[{"@type":"SearchAction","target":{"@type":"EntryPoint","urlTemplate":"https:\/\/universalgrowing.com\/?s={search_term_string}"},"query-input":{"@type":"PropertyValueSpecification","valueRequired":true,"valueName":"search_term_string"}}],"inLanguage":"en-US"},{"@type":"Organization","@id":"https:\/\/universalgrowing.com\/#organization","name":"Universal Growing","url":"https:\/\/universalgrowing.com\/","logo":{"@type":"ImageObject","inLanguage":"en-US","@id":"https:\/\/universalgrowing.com\/#\/schema\/logo\/image\/","url":"https:\/\/universalgrowing.com\/wp-content\/uploads\/2024\/10\/UG_3.png","contentUrl":"https:\/\/universalgrowing.com\/wp-content\/uploads\/2024\/10\/UG_3.png","width":1837,"height":535,"caption":"Universal Growing"},"image":{"@id":"https:\/\/universalgrowing.com\/#\/schema\/logo\/image\/"}}]},"product_price_amount":"1400.00","product_price_currency":"USD","og_availability":"instock","product_availability":"instock","product_retailer_item_id":"223344","product_condition":"new"},"acf":[],"_links":{"self":[{"href":"https:\/\/universalgrowing.com\/en\/wp-json\/wp\/v2\/product\/2561","targetHints":{"allow":["GET"]}}],"collection":[{"href":"https:\/\/universalgrowing.com\/en\/wp-json\/wp\/v2\/product"}],"about":[{"href":"https:\/\/universalgrowing.com\/en\/wp-json\/wp\/v2\/types\/product"}],"replies":[{"embeddable":true,"href":"https:\/\/universalgrowing.com\/en\/wp-json\/wp\/v2\/comments?post=2561"}],"wp:featuredmedia":[{"embeddable":true,"href":"https:\/\/universalgrowing.com\/en\/wp-json\/wp\/v2\/media\/2562"}],"wp:attachment":[{"href":"https:\/\/universalgrowing.com\/en\/wp-json\/wp\/v2\/media?parent=2561"}],"wp:term":[{"taxonomy":"product_brand","embeddable":true,"href":"https:\/\/universalgrowing.com\/en\/wp-json\/wp\/v2\/product_brand?post=2561"},{"taxonomy":"product_cat","embeddable":true,"href":"https:\/\/universalgrowing.com\/en\/wp-json\/wp\/v2\/product_cat?post=2561"},{"taxonomy":"product_tag","embeddable":true,"href":"https:\/\/universalgrowing.com\/en\/wp-json\/wp\/v2\/product_tag?post=2561"}],"curies":[{"name":"wp","href":"https:\/\/api.w.org\/{rel}","templated":true}]}}