{"id":2618,"date":"2024-12-16T18:02:03","date_gmt":"2024-12-16T18:02:03","guid":{"rendered":"https:\/\/azure-caterpillar-897541.hostingersite.com\/?post_type=product&#038;p=2618"},"modified":"2025-06-02T18:30:51","modified_gmt":"2025-06-02T18:30:51","slug":"bloom-2","status":"publish","type":"product","link":"https:\/\/universalgrowing.com\/en\/shop\/fertilizantes\/bloom-2\/","title":{"rendered":"Athena Pro Bloom 25Lb"},"content":{"rendered":"<p>Las plantas en floraci\u00f3n requieren mayores cantidades de f\u00f3sforo (P) y potasio (K) para aumentar el tama\u00f1o de las flores y respaldar actividades metab\u00f3licas elevadas. Athena Pro Bloom contribuye con niveles equilibrados de macro y microelementos, incluyendo azufre (S), que se utiliza para aumentar la potencia y los sabores.<\/p>\n<p>Caracter\u00edsticas de Athena Pro Bloom:<\/p>\n<ul>\n<li>Equilibrio de NPK (nitr\u00f3geno, f\u00f3sforo, potasio) y microelementos esenciales (cuando se usa con Pro Core).<\/li>\n<li>Fertilizante en polvo completamente soluble, sin part\u00edculas ni sedimentos.<\/li>\n<li>Compatible con cualquier sistema de dosificaci\u00f3n: Dosatron, etc.<\/li>\n<li>Se mezcla completamente a temperatura ambiente.<\/li>\n<li>Bajo contenido de metales pesados.<\/li>\n<\/ul>\n<p>Es ideal para mezclar en tanques de almacenamiento y compatible con todos los sistemas de dosificaci\u00f3n. Esta mezcla de grano grande es 100% soluble y no obstruir\u00e1 los sistemas de riego ni dejar\u00e1 sedimentos en los dep\u00f3sitos.<\/p>\n<p>Recomendamos no mezclar Pro Line en peque\u00f1as cantidades directamente en el dep\u00f3sito. Preferimos convertir Pro Line primero en un l\u00edquido concentrado y luego usar ese l\u00edquido para mezclar tus tanques de lote.<\/p>\n<p>Pasos para la preparaci\u00f3n de nutrientes para un CONCENTRADO DE ALMACENAMIENTO:<\/p>\n<ol>\n<li>Obt\u00e9n un recipiente de medici\u00f3n que tenga marcas precisas de galones.<\/li>\n<li>Llena la mitad del tanque de almacenamiento con agua.<\/li>\n<li>Vierte lentamente los gr\u00e1nulos en el agua mientras agitas y luego mezcla completamente para solubilizar.<\/li>\n<li>Agrega agua adicional hasta llegar exactamente a la marca de 12.5 galones.<\/li>\n<li>Mezcla vigorosamente hasta que todos los gr\u00e1nulos est\u00e9n solubilizados.<\/li>\n<\/ol>\n<p>Mezcla en tu RESERVORIO DE LOTE: Utiliza el gr\u00e1fico recomendado de 2 libras por gal\u00f3n para determinar los mililitros por gal\u00f3n necesarios para alcanzar tu EC deseado.<\/p>\n<p>Ingredientes: Fosfato de Potasio, Sulfato de Potasio, Sulfato de Magnesio, Hierro DTPA.<\/p>","protected":false},"excerpt":{"rendered":"<p>Las plantas en floraci\u00f3n requieren mayores cantidades de f\u00f3sforo (P) y potasio (K) para aumentar el tama\u00f1o de las flores y respaldar actividades metab\u00f3licas elevadas. Athena Pro Bloom contribuye con niveles equilibrados de macro y microelementos, incluyendo azufre (S), que se utiliza para aumentar la potencia y los sabores. Caracter\u00edsticas de Athena Pro Bloom: Equilibrio [&hellip;]<\/p>","protected":false},"featured_media":2254,"comment_status":"open","ping_status":"closed","template":"","meta":{"_acf_changed":false,"content-type":"","_joinchat":[]},"product_brand":[],"product_cat":[53],"product_tag":[58],"class_list":{"0":"post-2618","1":"product","2":"type-product","3":"status-publish","4":"has-post-thumbnail","6":"product_cat-fertilizantes","7":"product_tag-pro-line","9":"first","10":"instock","11":"shipping-taxable","12":"purchasable","13":"product-type-simple"},"yoast_head":"<!-- This site is optimized with the Yoast SEO Premium plugin v26.5 (Yoast SEO v26.5) - https:\/\/yoast.com\/wordpress\/plugins\/seo\/ -->\n<title>Athena Pro Bloom 25Lb - Universal Growing<\/title>\n<meta name=\"robots\" content=\"index, follow, max-snippet:-1, max-image-preview:large, max-video-preview:-1\" \/>\n<link rel=\"canonical\" href=\"https:\/\/universalgrowing.com\/en\/shop\/fertilizantes\/bloom-2\/\" \/>\n<meta property=\"og:locale\" content=\"en_US\" \/>\n<meta property=\"og:type\" content=\"article\" \/>\n<meta property=\"og:title\" content=\"Athena Pro Bloom 25Lb\" \/>\n<meta property=\"og:description\" content=\"Las plantas en floraci\u00f3n requieren mayores cantidades de f\u00f3sforo (P) y potasio (K) para aumentar el tama\u00f1o de las flores y respaldar actividades metab\u00f3licas elevadas. Athena Pro Bloom contribuye con niveles equilibrados de macro y microelementos, incluyendo azufre (S), que se utiliza para aumentar la potencia y los sabores. Caracter\u00edsticas de Athena Pro Bloom: Equilibrio [&hellip;]\" \/>\n<meta property=\"og:url\" content=\"https:\/\/universalgrowing.com\/en\/shop\/fertilizantes\/bloom-2\/\" \/>\n<meta property=\"og:site_name\" content=\"Universal Growing\" \/>\n<meta property=\"article:modified_time\" content=\"2025-06-02T18:30:51+00:00\" \/>\n<meta property=\"og:image\" content=\"https:\/\/universalgrowing.com\/wp-content\/uploads\/2024\/10\/EU-PRO-BL-10-2.jpg\" \/>\n\t<meta property=\"og:image:width\" content=\"1200\" \/>\n\t<meta property=\"og:image:height\" content=\"1200\" \/>\n\t<meta property=\"og:image:type\" content=\"image\/jpeg\" \/>\n<meta name=\"twitter:card\" content=\"summary_large_image\" \/>\n<meta name=\"twitter:label1\" content=\"Price\" \/>\n\t<meta name=\"twitter:data1\" content=\"&#036;284,834.00\" \/>\n\t<meta name=\"twitter:label2\" content=\"Availability\" \/>\n\t<meta name=\"twitter:data2\" content=\"In stock\" \/>\n<script type=\"application\/ld+json\" class=\"yoast-schema-graph\">{\"@context\":\"https:\/\/schema.org\",\"@graph\":[{\"@type\":\"WebPage\",\"@id\":\"https:\/\/universalgrowing.com\/shop\/fertilizantes\/bloom-2\/\",\"url\":\"https:\/\/universalgrowing.com\/shop\/fertilizantes\/bloom-2\/\",\"name\":\"Athena Pro Bloom 25Lb - Universal Growing\",\"isPartOf\":{\"@id\":\"https:\/\/universalgrowing.com\/#website\"},\"primaryImageOfPage\":{\"@id\":\"https:\/\/universalgrowing.com\/shop\/fertilizantes\/bloom-2\/#primaryimage\"},\"image\":{\"@id\":\"https:\/\/universalgrowing.com\/shop\/fertilizantes\/bloom-2\/#primaryimage\"},\"thumbnailUrl\":\"https:\/\/universalgrowing.com\/wp-content\/uploads\/2024\/10\/EU-PRO-BL-10-2.jpg\",\"datePublished\":\"2024-12-16T18:02:03+00:00\",\"dateModified\":\"2025-06-02T18:30:51+00:00\",\"breadcrumb\":{\"@id\":\"https:\/\/universalgrowing.com\/shop\/fertilizantes\/bloom-2\/#breadcrumb\"},\"inLanguage\":\"en-US\",\"potentialAction\":[{\"@type\":\"ReadAction\",\"target\":[\"https:\/\/universalgrowing.com\/shop\/fertilizantes\/bloom-2\/\"]}]},{\"@type\":\"ImageObject\",\"inLanguage\":\"en-US\",\"@id\":\"https:\/\/universalgrowing.com\/shop\/fertilizantes\/bloom-2\/#primaryimage\",\"url\":\"https:\/\/universalgrowing.com\/wp-content\/uploads\/2024\/10\/EU-PRO-BL-10-2.jpg\",\"contentUrl\":\"https:\/\/universalgrowing.com\/wp-content\/uploads\/2024\/10\/EU-PRO-BL-10-2.jpg\",\"width\":1200,\"height\":1200},{\"@type\":\"BreadcrumbList\",\"@id\":\"https:\/\/universalgrowing.com\/shop\/fertilizantes\/bloom-2\/#breadcrumb\",\"itemListElement\":[{\"@type\":\"ListItem\",\"position\":1,\"name\":\"Portada\",\"item\":\"https:\/\/universalgrowing.com\/\"},{\"@type\":\"ListItem\",\"position\":2,\"name\":\"Shop\",\"item\":\"https:\/\/universalgrowing.com\/shop\/\"},{\"@type\":\"ListItem\",\"position\":3,\"name\":\"Athena Pro Bloom 25Lb\"}]},{\"@type\":\"WebSite\",\"@id\":\"https:\/\/universalgrowing.com\/#website\",\"url\":\"https:\/\/universalgrowing.com\/\",\"name\":\"Universal Growing\",\"description\":\"\",\"publisher\":{\"@id\":\"https:\/\/universalgrowing.com\/#organization\"},\"potentialAction\":[{\"@type\":\"SearchAction\",\"target\":{\"@type\":\"EntryPoint\",\"urlTemplate\":\"https:\/\/universalgrowing.com\/?s={search_term_string}\"},\"query-input\":{\"@type\":\"PropertyValueSpecification\",\"valueRequired\":true,\"valueName\":\"search_term_string\"}}],\"inLanguage\":\"en-US\"},{\"@type\":\"Organization\",\"@id\":\"https:\/\/universalgrowing.com\/#organization\",\"name\":\"Universal Growing\",\"url\":\"https:\/\/universalgrowing.com\/\",\"logo\":{\"@type\":\"ImageObject\",\"inLanguage\":\"en-US\",\"@id\":\"https:\/\/universalgrowing.com\/#\/schema\/logo\/image\/\",\"url\":\"https:\/\/universalgrowing.com\/wp-content\/uploads\/2024\/10\/UG_3.png\",\"contentUrl\":\"https:\/\/universalgrowing.com\/wp-content\/uploads\/2024\/10\/UG_3.png\",\"width\":1837,\"height\":535,\"caption\":\"Universal Growing\"},\"image\":{\"@id\":\"https:\/\/universalgrowing.com\/#\/schema\/logo\/image\/\"}}]}<\/script>\n<meta property=\"product:price:amount\" content=\"284834.00\" \/>\n<meta property=\"product:price:currency\" content=\"USD\" \/>\n<meta property=\"og:availability\" content=\"instock\" \/>\n<meta property=\"product:availability\" content=\"instock\" \/>\n<meta property=\"product:retailer_item_id\" content=\"850038693572\" \/>\n<meta property=\"product:condition\" content=\"new\" \/>\n<!-- \/ Yoast SEO Premium plugin. -->","yoast_head_json":{"title":"Athena Pro Bloom 25Lb - Universal Growing","robots":{"index":"index","follow":"follow","max-snippet":"max-snippet:-1","max-image-preview":"max-image-preview:large","max-video-preview":"max-video-preview:-1"},"canonical":"https:\/\/universalgrowing.com\/en\/shop\/fertilizantes\/bloom-2\/","og_locale":"en_US","og_type":"article","og_title":"Athena Pro Bloom 25Lb","og_description":"Las plantas en floraci\u00f3n requieren mayores cantidades de f\u00f3sforo (P) y potasio (K) para aumentar el tama\u00f1o de las flores y respaldar actividades metab\u00f3licas elevadas. Athena Pro Bloom contribuye con niveles equilibrados de macro y microelementos, incluyendo azufre (S), que se utiliza para aumentar la potencia y los sabores. Caracter\u00edsticas de Athena Pro Bloom: Equilibrio [&hellip;]","og_url":"https:\/\/universalgrowing.com\/en\/shop\/fertilizantes\/bloom-2\/","og_site_name":"Universal Growing","article_modified_time":"2025-06-02T18:30:51+00:00","og_image":[{"width":1200,"height":1200,"url":"https:\/\/universalgrowing.com\/wp-content\/uploads\/2024\/10\/EU-PRO-BL-10-2.jpg","type":"image\/jpeg"}],"twitter_card":"summary_large_image","twitter_misc":{"Price":"&#36;284,834.00","Availability":"In stock"},"schema":{"@context":"https:\/\/schema.org","@graph":[{"@type":"WebPage","@id":"https:\/\/universalgrowing.com\/shop\/fertilizantes\/bloom-2\/","url":"https:\/\/universalgrowing.com\/shop\/fertilizantes\/bloom-2\/","name":"Athena Pro Bloom 25Lb - Universal Growing","isPartOf":{"@id":"https:\/\/universalgrowing.com\/#website"},"primaryImageOfPage":{"@id":"https:\/\/universalgrowing.com\/shop\/fertilizantes\/bloom-2\/#primaryimage"},"image":{"@id":"https:\/\/universalgrowing.com\/shop\/fertilizantes\/bloom-2\/#primaryimage"},"thumbnailUrl":"https:\/\/universalgrowing.com\/wp-content\/uploads\/2024\/10\/EU-PRO-BL-10-2.jpg","datePublished":"2024-12-16T18:02:03+00:00","dateModified":"2025-06-02T18:30:51+00:00","breadcrumb":{"@id":"https:\/\/universalgrowing.com\/shop\/fertilizantes\/bloom-2\/#breadcrumb"},"inLanguage":"en-US","potentialAction":[{"@type":"ReadAction","target":["https:\/\/universalgrowing.com\/shop\/fertilizantes\/bloom-2\/"]}]},{"@type":"ImageObject","inLanguage":"en-US","@id":"https:\/\/universalgrowing.com\/shop\/fertilizantes\/bloom-2\/#primaryimage","url":"https:\/\/universalgrowing.com\/wp-content\/uploads\/2024\/10\/EU-PRO-BL-10-2.jpg","contentUrl":"https:\/\/universalgrowing.com\/wp-content\/uploads\/2024\/10\/EU-PRO-BL-10-2.jpg","width":1200,"height":1200},{"@type":"BreadcrumbList","@id":"https:\/\/universalgrowing.com\/shop\/fertilizantes\/bloom-2\/#breadcrumb","itemListElement":[{"@type":"ListItem","position":1,"name":"Portada","item":"https:\/\/universalgrowing.com\/"},{"@type":"ListItem","position":2,"name":"Shop","item":"https:\/\/universalgrowing.com\/shop\/"},{"@type":"ListItem","position":3,"name":"Athena Pro Bloom 25Lb"}]},{"@type":"WebSite","@id":"https:\/\/universalgrowing.com\/#website","url":"https:\/\/universalgrowing.com\/","name":"Universal Growing","description":"","publisher":{"@id":"https:\/\/universalgrowing.com\/#organization"},"potentialAction":[{"@type":"SearchAction","target":{"@type":"EntryPoint","urlTemplate":"https:\/\/universalgrowing.com\/?s={search_term_string}"},"query-input":{"@type":"PropertyValueSpecification","valueRequired":true,"valueName":"search_term_string"}}],"inLanguage":"en-US"},{"@type":"Organization","@id":"https:\/\/universalgrowing.com\/#organization","name":"Universal Growing","url":"https:\/\/universalgrowing.com\/","logo":{"@type":"ImageObject","inLanguage":"en-US","@id":"https:\/\/universalgrowing.com\/#\/schema\/logo\/image\/","url":"https:\/\/universalgrowing.com\/wp-content\/uploads\/2024\/10\/UG_3.png","contentUrl":"https:\/\/universalgrowing.com\/wp-content\/uploads\/2024\/10\/UG_3.png","width":1837,"height":535,"caption":"Universal Growing"},"image":{"@id":"https:\/\/universalgrowing.com\/#\/schema\/logo\/image\/"}}]},"product_price_amount":"284834.00","product_price_currency":"USD","og_availability":"instock","product_availability":"instock","product_retailer_item_id":"850038693572","product_condition":"new"},"acf":[],"_links":{"self":[{"href":"https:\/\/universalgrowing.com\/en\/wp-json\/wp\/v2\/product\/2618","targetHints":{"allow":["GET"]}}],"collection":[{"href":"https:\/\/universalgrowing.com\/en\/wp-json\/wp\/v2\/product"}],"about":[{"href":"https:\/\/universalgrowing.com\/en\/wp-json\/wp\/v2\/types\/product"}],"replies":[{"embeddable":true,"href":"https:\/\/universalgrowing.com\/en\/wp-json\/wp\/v2\/comments?post=2618"}],"wp:featuredmedia":[{"embeddable":true,"href":"https:\/\/universalgrowing.com\/en\/wp-json\/wp\/v2\/media\/2254"}],"wp:attachment":[{"href":"https:\/\/universalgrowing.com\/en\/wp-json\/wp\/v2\/media?parent=2618"}],"wp:term":[{"taxonomy":"product_brand","embeddable":true,"href":"https:\/\/universalgrowing.com\/en\/wp-json\/wp\/v2\/product_brand?post=2618"},{"taxonomy":"product_cat","embeddable":true,"href":"https:\/\/universalgrowing.com\/en\/wp-json\/wp\/v2\/product_cat?post=2618"},{"taxonomy":"product_tag","embeddable":true,"href":"https:\/\/universalgrowing.com\/en\/wp-json\/wp\/v2\/product_tag?post=2618"}],"curies":[{"name":"wp","href":"https:\/\/api.w.org\/{rel}","templated":true}]}}