{"id":2812,"date":"2025-05-14T15:59:38","date_gmt":"2025-05-14T15:59:38","guid":{"rendered":"https:\/\/universalgrowing.com\/?post_type=product&#038;p=2812"},"modified":"2025-06-02T18:00:01","modified_gmt":"2025-06-02T18:00:01","slug":"athena-pro-balance-25lb","status":"publish","type":"product","link":"https:\/\/universalgrowing.com\/en\/shop\/fertilizantes\/athena-pro-balance-25lb\/","title":{"rendered":"Athena Pro Balance 25Lb"},"content":{"rendered":"<p>Athena Pro Balance es un producto en polvo soluble en agua dise\u00f1ado para aumentar el pH, pensado espec\u00edficamente para cultivadores profesionales. Est\u00e1 especialmente formulado para sistemas de fertirrigaci\u00f3n avanzados como Dosatron y Netaflex. Athena Pro Balance permite al cultivador personalizar la fuerza del ajuste de pH seg\u00fan las necesidades espec\u00edficas de su cultivo. La concentraci\u00f3n del Pro Balance puede prepararse en una proporci\u00f3n de 0,25 a 1 libra por gal\u00f3n (aproximadamente 40 a 120 gramos por litro). Ajust\u00e1 la proporci\u00f3n de mezcla y la tasa de inyecci\u00f3n seg\u00fan el nivel de ajuste de pH que necesites.<\/p>\n<p>INSTRUCCIONES DE USO<br \/>\nUs\u00e1 siempre equipo de protecci\u00f3n al manipular el producto. Prepar\u00e1 el concentrado mezclando de 0,25 a 1 libra por gal\u00f3n (40 &#8211; 120 gramos por litro) en agua limpia. Dosific\u00e1 seg\u00fan sea necesario para elevar el pH de la soluci\u00f3n nutritiva hasta el valor objetivo. Calibr\u00e1 tu medidor de pH antes de medir para asegurar la mayor precisi\u00f3n.<br \/>\nAl mezclar Pro Balance ocurre una reacci\u00f3n t\u00e9rmica que calienta la soluci\u00f3n, as\u00ed que dej\u00e1 que se mezcle bien y se enfr\u00ede antes de usar el concentrado.<\/p>\n<p>Advertencia: Este producto es corrosivo para la mayor\u00eda de los metales. No expongas el polvo ni la soluci\u00f3n l\u00edquida al aluminio. Mantenelo alejado de productos con pH bajo y almacenalo en un lugar bien ventilado.<br \/>\nUs\u00e1 siempre el equipo de protecci\u00f3n personal adecuado (EPP) al manipularlo, incluyendo respirador, protecci\u00f3n ocular y ropa que cubra la piel.<\/p>","protected":false},"excerpt":{"rendered":"<p>Athena Pro Balance es un producto en polvo soluble en agua dise\u00f1ado para aumentar el pH, pensado espec\u00edficamente para cultivadores profesionales. Est\u00e1 especialmente formulado para sistemas de fertirrigaci\u00f3n avanzados como Dosatron y Netaflex. Athena Pro Balance permite al cultivador personalizar la fuerza del ajuste de pH seg\u00fan las necesidades espec\u00edficas de su cultivo. La concentraci\u00f3n [&hellip;]<\/p>","protected":false},"featured_media":2813,"comment_status":"open","ping_status":"closed","template":"","meta":{"_acf_changed":false,"content-type":"","_joinchat":[]},"product_brand":[],"product_cat":[53],"product_tag":[],"class_list":{"0":"post-2812","1":"product","2":"type-product","3":"status-publish","4":"has-post-thumbnail","6":"product_cat-fertilizantes","8":"first","9":"instock","10":"shipping-taxable","11":"product-type-simple"},"yoast_head":"<!-- This site is optimized with the Yoast SEO Premium plugin v26.5 (Yoast SEO v26.5) - https:\/\/yoast.com\/wordpress\/plugins\/seo\/ -->\n<title>Athena Pro Balance 25Lb - Universal Growing<\/title>\n<meta name=\"robots\" content=\"index, follow, max-snippet:-1, max-image-preview:large, max-video-preview:-1\" \/>\n<link rel=\"canonical\" href=\"https:\/\/universalgrowing.com\/en\/shop\/fertilizantes\/athena-pro-balance-25lb\/\" \/>\n<meta property=\"og:locale\" content=\"en_US\" \/>\n<meta property=\"og:type\" content=\"article\" \/>\n<meta property=\"og:title\" content=\"Athena Pro Balance 25Lb\" \/>\n<meta property=\"og:description\" content=\"Athena Pro Balance es un producto en polvo soluble en agua dise\u00f1ado para aumentar el pH, pensado espec\u00edficamente para cultivadores profesionales. Est\u00e1 especialmente formulado para sistemas de fertirrigaci\u00f3n avanzados como Dosatron y Netaflex. Athena Pro Balance permite al cultivador personalizar la fuerza del ajuste de pH seg\u00fan las necesidades espec\u00edficas de su cultivo. La concentraci\u00f3n [&hellip;]\" \/>\n<meta property=\"og:url\" content=\"https:\/\/universalgrowing.com\/en\/shop\/fertilizantes\/athena-pro-balance-25lb\/\" \/>\n<meta property=\"og:site_name\" content=\"Universal Growing\" \/>\n<meta property=\"article:modified_time\" content=\"2025-06-02T18:00:01+00:00\" \/>\n<meta property=\"og:image\" content=\"https:\/\/universalgrowing.com\/wp-content\/uploads\/2025\/05\/EU-PRO-UP-25-2.jpg\" \/>\n\t<meta property=\"og:image:width\" content=\"1200\" \/>\n\t<meta property=\"og:image:height\" content=\"1200\" \/>\n\t<meta property=\"og:image:type\" content=\"image\/jpeg\" \/>\n<meta name=\"twitter:card\" content=\"summary_large_image\" \/>\n<meta name=\"twitter:label1\" content=\"Price\" \/>\n\t<meta name=\"twitter:data1\" content=\"\" \/>\n\t<meta name=\"twitter:label2\" content=\"Availability\" \/>\n\t<meta name=\"twitter:data2\" content=\"In stock\" \/>\n<script type=\"application\/ld+json\" class=\"yoast-schema-graph\">{\"@context\":\"https:\/\/schema.org\",\"@graph\":[{\"@type\":\"WebPage\",\"@id\":\"https:\/\/universalgrowing.com\/shop\/fertilizantes\/athena-pro-balance-25lb\/\",\"url\":\"https:\/\/universalgrowing.com\/shop\/fertilizantes\/athena-pro-balance-25lb\/\",\"name\":\"Athena Pro Balance 25Lb - Universal Growing\",\"isPartOf\":{\"@id\":\"https:\/\/universalgrowing.com\/#website\"},\"primaryImageOfPage\":{\"@id\":\"https:\/\/universalgrowing.com\/shop\/fertilizantes\/athena-pro-balance-25lb\/#primaryimage\"},\"image\":{\"@id\":\"https:\/\/universalgrowing.com\/shop\/fertilizantes\/athena-pro-balance-25lb\/#primaryimage\"},\"thumbnailUrl\":\"https:\/\/universalgrowing.com\/wp-content\/uploads\/2025\/05\/EU-PRO-UP-25-2.jpg\",\"datePublished\":\"2025-05-14T15:59:38+00:00\",\"dateModified\":\"2025-06-02T18:00:01+00:00\",\"breadcrumb\":{\"@id\":\"https:\/\/universalgrowing.com\/shop\/fertilizantes\/athena-pro-balance-25lb\/#breadcrumb\"},\"inLanguage\":\"en-US\",\"potentialAction\":[{\"@type\":\"ReadAction\",\"target\":[\"https:\/\/universalgrowing.com\/shop\/fertilizantes\/athena-pro-balance-25lb\/\"]}]},{\"@type\":\"ImageObject\",\"inLanguage\":\"en-US\",\"@id\":\"https:\/\/universalgrowing.com\/shop\/fertilizantes\/athena-pro-balance-25lb\/#primaryimage\",\"url\":\"https:\/\/universalgrowing.com\/wp-content\/uploads\/2025\/05\/EU-PRO-UP-25-2.jpg\",\"contentUrl\":\"https:\/\/universalgrowing.com\/wp-content\/uploads\/2025\/05\/EU-PRO-UP-25-2.jpg\",\"width\":1200,\"height\":1200},{\"@type\":\"BreadcrumbList\",\"@id\":\"https:\/\/universalgrowing.com\/shop\/fertilizantes\/athena-pro-balance-25lb\/#breadcrumb\",\"itemListElement\":[{\"@type\":\"ListItem\",\"position\":1,\"name\":\"Portada\",\"item\":\"https:\/\/universalgrowing.com\/\"},{\"@type\":\"ListItem\",\"position\":2,\"name\":\"Shop\",\"item\":\"https:\/\/universalgrowing.com\/shop\/\"},{\"@type\":\"ListItem\",\"position\":3,\"name\":\"Athena Pro Balance 25Lb\"}]},{\"@type\":\"WebSite\",\"@id\":\"https:\/\/universalgrowing.com\/#website\",\"url\":\"https:\/\/universalgrowing.com\/\",\"name\":\"Universal Growing\",\"description\":\"\",\"publisher\":{\"@id\":\"https:\/\/universalgrowing.com\/#organization\"},\"potentialAction\":[{\"@type\":\"SearchAction\",\"target\":{\"@type\":\"EntryPoint\",\"urlTemplate\":\"https:\/\/universalgrowing.com\/?s={search_term_string}\"},\"query-input\":{\"@type\":\"PropertyValueSpecification\",\"valueRequired\":true,\"valueName\":\"search_term_string\"}}],\"inLanguage\":\"en-US\"},{\"@type\":\"Organization\",\"@id\":\"https:\/\/universalgrowing.com\/#organization\",\"name\":\"Universal Growing\",\"url\":\"https:\/\/universalgrowing.com\/\",\"logo\":{\"@type\":\"ImageObject\",\"inLanguage\":\"en-US\",\"@id\":\"https:\/\/universalgrowing.com\/#\/schema\/logo\/image\/\",\"url\":\"https:\/\/universalgrowing.com\/wp-content\/uploads\/2024\/10\/UG_3.png\",\"contentUrl\":\"https:\/\/universalgrowing.com\/wp-content\/uploads\/2024\/10\/UG_3.png\",\"width\":1837,\"height\":535,\"caption\":\"Universal Growing\"},\"image\":{\"@id\":\"https:\/\/universalgrowing.com\/#\/schema\/logo\/image\/\"}}]}<\/script>\n<meta property=\"product:price:currency\" content=\"USD\" \/>\n<meta property=\"og:availability\" content=\"instock\" \/>\n<meta property=\"product:availability\" content=\"instock\" \/>\n<meta property=\"product:condition\" content=\"new\" \/>\n<!-- \/ Yoast SEO Premium plugin. -->","yoast_head_json":{"title":"Athena Pro Balance 25Lb - Universal Growing","robots":{"index":"index","follow":"follow","max-snippet":"max-snippet:-1","max-image-preview":"max-image-preview:large","max-video-preview":"max-video-preview:-1"},"canonical":"https:\/\/universalgrowing.com\/en\/shop\/fertilizantes\/athena-pro-balance-25lb\/","og_locale":"en_US","og_type":"article","og_title":"Athena Pro Balance 25Lb","og_description":"Athena Pro Balance es un producto en polvo soluble en agua dise\u00f1ado para aumentar el pH, pensado espec\u00edficamente para cultivadores profesionales. Est\u00e1 especialmente formulado para sistemas de fertirrigaci\u00f3n avanzados como Dosatron y Netaflex. Athena Pro Balance permite al cultivador personalizar la fuerza del ajuste de pH seg\u00fan las necesidades espec\u00edficas de su cultivo. La concentraci\u00f3n [&hellip;]","og_url":"https:\/\/universalgrowing.com\/en\/shop\/fertilizantes\/athena-pro-balance-25lb\/","og_site_name":"Universal Growing","article_modified_time":"2025-06-02T18:00:01+00:00","og_image":[{"width":1200,"height":1200,"url":"https:\/\/universalgrowing.com\/wp-content\/uploads\/2025\/05\/EU-PRO-UP-25-2.jpg","type":"image\/jpeg"}],"twitter_card":"summary_large_image","twitter_misc":{"Price":"","Availability":"In stock"},"schema":{"@context":"https:\/\/schema.org","@graph":[{"@type":"WebPage","@id":"https:\/\/universalgrowing.com\/shop\/fertilizantes\/athena-pro-balance-25lb\/","url":"https:\/\/universalgrowing.com\/shop\/fertilizantes\/athena-pro-balance-25lb\/","name":"Athena Pro Balance 25Lb - Universal Growing","isPartOf":{"@id":"https:\/\/universalgrowing.com\/#website"},"primaryImageOfPage":{"@id":"https:\/\/universalgrowing.com\/shop\/fertilizantes\/athena-pro-balance-25lb\/#primaryimage"},"image":{"@id":"https:\/\/universalgrowing.com\/shop\/fertilizantes\/athena-pro-balance-25lb\/#primaryimage"},"thumbnailUrl":"https:\/\/universalgrowing.com\/wp-content\/uploads\/2025\/05\/EU-PRO-UP-25-2.jpg","datePublished":"2025-05-14T15:59:38+00:00","dateModified":"2025-06-02T18:00:01+00:00","breadcrumb":{"@id":"https:\/\/universalgrowing.com\/shop\/fertilizantes\/athena-pro-balance-25lb\/#breadcrumb"},"inLanguage":"en-US","potentialAction":[{"@type":"ReadAction","target":["https:\/\/universalgrowing.com\/shop\/fertilizantes\/athena-pro-balance-25lb\/"]}]},{"@type":"ImageObject","inLanguage":"en-US","@id":"https:\/\/universalgrowing.com\/shop\/fertilizantes\/athena-pro-balance-25lb\/#primaryimage","url":"https:\/\/universalgrowing.com\/wp-content\/uploads\/2025\/05\/EU-PRO-UP-25-2.jpg","contentUrl":"https:\/\/universalgrowing.com\/wp-content\/uploads\/2025\/05\/EU-PRO-UP-25-2.jpg","width":1200,"height":1200},{"@type":"BreadcrumbList","@id":"https:\/\/universalgrowing.com\/shop\/fertilizantes\/athena-pro-balance-25lb\/#breadcrumb","itemListElement":[{"@type":"ListItem","position":1,"name":"Portada","item":"https:\/\/universalgrowing.com\/"},{"@type":"ListItem","position":2,"name":"Shop","item":"https:\/\/universalgrowing.com\/shop\/"},{"@type":"ListItem","position":3,"name":"Athena Pro Balance 25Lb"}]},{"@type":"WebSite","@id":"https:\/\/universalgrowing.com\/#website","url":"https:\/\/universalgrowing.com\/","name":"Universal Growing","description":"","publisher":{"@id":"https:\/\/universalgrowing.com\/#organization"},"potentialAction":[{"@type":"SearchAction","target":{"@type":"EntryPoint","urlTemplate":"https:\/\/universalgrowing.com\/?s={search_term_string}"},"query-input":{"@type":"PropertyValueSpecification","valueRequired":true,"valueName":"search_term_string"}}],"inLanguage":"en-US"},{"@type":"Organization","@id":"https:\/\/universalgrowing.com\/#organization","name":"Universal Growing","url":"https:\/\/universalgrowing.com\/","logo":{"@type":"ImageObject","inLanguage":"en-US","@id":"https:\/\/universalgrowing.com\/#\/schema\/logo\/image\/","url":"https:\/\/universalgrowing.com\/wp-content\/uploads\/2024\/10\/UG_3.png","contentUrl":"https:\/\/universalgrowing.com\/wp-content\/uploads\/2024\/10\/UG_3.png","width":1837,"height":535,"caption":"Universal Growing"},"image":{"@id":"https:\/\/universalgrowing.com\/#\/schema\/logo\/image\/"}}]},"product_price_currency":"USD","og_availability":"instock","product_availability":"instock","product_condition":"new"},"acf":[],"_links":{"self":[{"href":"https:\/\/universalgrowing.com\/en\/wp-json\/wp\/v2\/product\/2812","targetHints":{"allow":["GET"]}}],"collection":[{"href":"https:\/\/universalgrowing.com\/en\/wp-json\/wp\/v2\/product"}],"about":[{"href":"https:\/\/universalgrowing.com\/en\/wp-json\/wp\/v2\/types\/product"}],"replies":[{"embeddable":true,"href":"https:\/\/universalgrowing.com\/en\/wp-json\/wp\/v2\/comments?post=2812"}],"wp:featuredmedia":[{"embeddable":true,"href":"https:\/\/universalgrowing.com\/en\/wp-json\/wp\/v2\/media\/2813"}],"wp:attachment":[{"href":"https:\/\/universalgrowing.com\/en\/wp-json\/wp\/v2\/media?parent=2812"}],"wp:term":[{"taxonomy":"product_brand","embeddable":true,"href":"https:\/\/universalgrowing.com\/en\/wp-json\/wp\/v2\/product_brand?post=2812"},{"taxonomy":"product_cat","embeddable":true,"href":"https:\/\/universalgrowing.com\/en\/wp-json\/wp\/v2\/product_cat?post=2812"},{"taxonomy":"product_tag","embeddable":true,"href":"https:\/\/universalgrowing.com\/en\/wp-json\/wp\/v2\/product_tag?post=2812"}],"curies":[{"name":"wp","href":"https:\/\/api.w.org\/{rel}","templated":true}]}}